{"id":2272,"date":"2021-12-02T09:49:12","date_gmt":"2021-12-02T09:49:12","guid":{"rendered":"https:\/\/www.kmgsystems.com\/empleos\/"},"modified":"2025-11-21T08:19:08","modified_gmt":"2025-11-21T08:19:08","slug":"empleos","status":"publish","type":"page","link":"https:\/\/www.kmgsystems.com\/es\/puestos-de-trabajo\/","title":{"rendered":"Vacantes actuales"},"content":{"rendered":"\n<div class=\"wp-block-columns is-layout-flex wp-container-core-columns-is-layout-9d6595d7 wp-block-columns-is-layout-flex\">\n<div class=\"wp-block-column is-layout-flow wp-block-column-is-layout-flow\">\n<h2 class=\"wp-block-heading\">Vacantes actuales<\/h2>\n\n\n\n<p>Actualmente no estamos contratando<\/p>\n\n\n\n<p>Requerimos derecho permanente a trabajar en el Reino Unido para todos los puestos mencionados.<\/p>\n\n\n\n<div class=\"wp-block-uagb-call-to-action uagb-block-fbde7894 wp-block-button\"><div class=\"uagb-cta__wrap\"><h3 class=\"uagb-cta__title\">Solicitar aqu\u00ed<\/h3><p class=\"uagb-cta__desc\">Rellene nuestro formulario en l\u00ednea aqu\u00ed y cargue su CV<\/p><\/div><div class=\"uagb-cta__buttons\"><a href=\"https:\/\/www.kmgsystems.com\/es\/solicitudes-de-empleo\/\" class=\"uagb-cta__button-link-wrapper wp-block-button__link\" target=\"_self\" rel=\"noopener noreferrer\">Solicitar aqu\u00ed<\/a><\/div><\/div>\n\n\n\n<p>O por correo postal a Recruitment, KMG Systems Ltd, Station Road, Gamlingay, Sandy, Bedfordshire SG19 3HE<\/p>\n\n\n\n<p><a href=\"mailto:agencies@kmgsystems.com?subject=Recruitment%20Agency%20Enquiry%20from%20KMG%20website\">Las agencias de contrataci\u00f3n utilizan este enlace<\/a><\/p>\n<\/div>\n\n\n\n<div class=\"wp-block-column is-layout-flow wp-block-column-is-layout-flow\">\n<figure class=\"wp-block-image size-full\"><img loading=\"lazy\" decoding=\"async\" width=\"510\" height=\"370\" src=\"https:\/\/www.kmgsystems.com\/wp-content\/uploads\/2022\/01\/CFS-and-TAD.png\" alt=\"\" class=\"wp-image-663\"><\/figure>\n<\/div>\n<\/div>\n\n<div class=\"wp-block-columns is-layout-flex wp-container-core-columns-is-layout-9d6595d7 wp-block-columns-is-layout-flex\">\n<div class=\"wp-block-column is-layout-flow wp-block-column-is-layout-flow\">\n<h2 class=\"wp-block-heading\">Trabajar en KMG Systems<\/h2>\n\n\n\n<p>KMG Systems Ltd es l\u00edder mundial en la industria del transporte desde hace 50 a\u00f1os, y se ha forjado una reputaci\u00f3n mundial por su ingenier\u00eda de alta calidad y su excelente servicio al cliente.<\/p>\n\n\n\n<p>Dise\u00f1amos, construimos y fabricamos sistemas de transporte a medida para la industria alimentaria, que incluyen sistemas de condimentaci\u00f3n, transportadores electromagn\u00e9ticos y de movimiento horizontal, elevadores y sistemas de cribado.<\/p>\n\n\n\n<p>Estamos orgullosos de nuestro compromiso con la formaci\u00f3n y de ofrecer oportunidades de desarrollo. Preferimos promocionar internamente y nos complace ver el crecimiento personal y profesional de nuestros empleados.<\/p>\n\n\n\n<div class=\"wp-block-uagb-call-to-action uagb-block-eb8efdf7 wp-block-button\"><div class=\"uagb-cta__wrap\"><h3 class=\"uagb-cta__title\">Actividades sociales<\/h3><p class=\"uagb-cta__desc\">Lea aqu\u00ed nuestras \u00faltimas actividades sociales<\/p><\/div><div class=\"uagb-cta__buttons\"><a href=\"https:\/\/www.kmgsystems.com\/es\/news\/kmg-bake-off-2024\/\" class=\"uagb-cta__button-link-wrapper wp-block-button__link\" target=\"_self\" rel=\"noopener noreferrer\">Leer m\u00e1s<\/a><\/div><\/div>\n\n\n\n<h3 class=\"wp-block-heading\">Conozca a nuestros empleados<\/h3>\n\n\n\n<p>Haga clic aqu\u00ed para conocer a algunos miembros del equipo y descubrir su progreso y experiencia en KMG.<\/p>\n\n\n\n<p><a href=\"https:\/\/www.kmgsystems.com\/es\/testimonios-de-empleados\/\">Haga clic aqu\u00ed<\/a><\/p>\n\n\n\n<p>Tenemos dos sedes, una en Station Road, Gamlingay y otra en London Road, Biggleswade.<\/p>\n<\/div>\n\n\n\n<div class=\"wp-block-column is-layout-flow wp-block-column-is-layout-flow\">\n<figure class=\"wp-block-gallery has-nested-images columns-default is-cropped wp-block-gallery-1 is-layout-flex wp-block-gallery-is-layout-flex\">\n<figure class=\"wp-block-image size-large\"><img loading=\"lazy\" decoding=\"async\" width=\"2560\" height=\"1707\" data-id=\"957\" src=\"https:\/\/www.kmgsystems.com\/wp-content\/uploads\/2022\/11\/10-scaled.jpg\" alt=\"\" class=\"wp-image-957\" srcset=\"https:\/\/www.kmgsystems.com\/wp-content\/uploads\/2022\/11\/10-scaled.jpg 2560w, https:\/\/www.kmgsystems.com\/wp-content\/uploads\/2022\/11\/10-768x512.jpg 768w, https:\/\/www.kmgsystems.com\/wp-content\/uploads\/2022\/11\/10-1536x1024.jpg 1536w, https:\/\/www.kmgsystems.com\/wp-content\/uploads\/2022\/11\/10-2048x1365.jpg 2048w, https:\/\/www.kmgsystems.com\/wp-content\/uploads\/2022\/11\/10-600x400.jpg 600w, https:\/\/www.kmgsystems.com\/wp-content\/uploads\/2022\/11\/10-900x600.jpg 900w\" sizes=\"auto, (max-width: 2560px) 100vw, 2560px\" \/><\/figure>\n\n\n\n<figure class=\"wp-block-image size-large\"><img loading=\"lazy\" decoding=\"async\" width=\"1200\" height=\"801\" data-id=\"638\" src=\"https:\/\/www.kmgsystems.com\/wp-content\/uploads\/2022\/01\/grad_cain3-1.jpg\" alt=\"\" class=\"wp-image-638\" srcset=\"https:\/\/www.kmgsystems.com\/wp-content\/uploads\/2022\/01\/grad_cain3-1.jpg 1200w, https:\/\/www.kmgsystems.com\/wp-content\/uploads\/2022\/01\/grad_cain3-1-768x513.jpg 768w, https:\/\/www.kmgsystems.com\/wp-content\/uploads\/2022\/01\/grad_cain3-1-600x400.jpg 600w, https:\/\/www.kmgsystems.com\/wp-content\/uploads\/2022\/01\/grad_cain3-1-899x600.jpg 899w\" sizes=\"auto, (max-width: 1200px) 100vw, 1200px\" \/><\/figure>\n\n\n\n<figure class=\"wp-block-image size-large\"><img loading=\"lazy\" decoding=\"async\" width=\"510\" height=\"370\" data-id=\"634\" src=\"https:\/\/www.kmgsystems.com\/wp-content\/uploads\/2022\/01\/project-bg.jpeg\" alt=\"\" class=\"wp-image-634\"><\/figure>\n\n\n\n<figure class=\"wp-block-image size-large\"><img loading=\"lazy\" decoding=\"async\" width=\"510\" height=\"370\" data-id=\"661\" src=\"https:\/\/www.kmgsystems.com\/wp-content\/uploads\/2022\/01\/Elec.jpeg\" alt=\"\" class=\"wp-image-661\"><\/figure>\n\n\n\n<figure class=\"wp-block-image size-large\"><img loading=\"lazy\" decoding=\"async\" width=\"2560\" height=\"1731\" data-id=\"951\" src=\"https:\/\/www.kmgsystems.com\/wp-content\/uploads\/2022\/11\/5-scaled.jpg\" alt=\"\" class=\"wp-image-951\" srcset=\"https:\/\/www.kmgsystems.com\/wp-content\/uploads\/2022\/11\/5-scaled.jpg 2560w, https:\/\/www.kmgsystems.com\/wp-content\/uploads\/2022\/11\/5-768x519.jpg 768w, https:\/\/www.kmgsystems.com\/wp-content\/uploads\/2022\/11\/5-1536x1038.jpg 1536w, https:\/\/www.kmgsystems.com\/wp-content\/uploads\/2022\/11\/5-2048x1384.jpg 2048w, https:\/\/www.kmgsystems.com\/wp-content\/uploads\/2022\/11\/5-592x400.jpg 592w, https:\/\/www.kmgsystems.com\/wp-content\/uploads\/2022\/11\/5-888x600.jpg 888w\" sizes=\"auto, (max-width: 2560px) 100vw, 2560px\" \/><\/figure>\n<\/figure>\n<\/div>\n<\/div>\n","protected":false},"excerpt":{"rendered":"<p>Vacantes actuales Actualmente no estamos contratando Requerimos derecho permanente a trabajar en el Reino Unido para todos los puestos mencionados. O por correo postal a Recruitment, KMG Systems Ltd, Station Road, Gamlingay, Sandy, Bedfordshire SG19 3HE Las agencias de contrataci\u00f3n utilizan este enlace Trabajar en KMG Systems KMG Systems Ltd es l\u00edder mundial en la [&hellip;]<\/p>\n","protected":false},"author":1,"featured_media":1878,"parent":0,"menu_order":11,"comment_status":"closed","ping_status":"closed","template":"","meta":{"_acf_changed":false,"_uag_custom_page_level_css":"","footnotes":""},"class_list":["post-2272","page","type-page","status-publish","has-post-thumbnail","hentry"],"acf":[],"uagb_featured_image_src":{"full":["https:\/\/www.kmgsystems.com\/wp-content\/uploads\/2022\/01\/project-bg.jpeg",510,370,false],"thumbnail":["https:\/\/www.kmgsystems.com\/wp-content\/uploads\/2022\/01\/project-bg-300x300.jpeg",300,300,true],"medium":["https:\/\/www.kmgsystems.com\/wp-content\/uploads\/2022\/01\/project-bg.jpeg",510,370,false],"medium_large":["https:\/\/www.kmgsystems.com\/wp-content\/uploads\/2022\/01\/project-bg.jpeg",510,370,false],"large":["https:\/\/www.kmgsystems.com\/wp-content\/uploads\/2022\/01\/project-bg.jpeg",510,370,false],"1536x1536":["https:\/\/www.kmgsystems.com\/wp-content\/uploads\/2022\/01\/project-bg.jpeg",510,370,false],"2048x2048":["https:\/\/www.kmgsystems.com\/wp-content\/uploads\/2022\/01\/project-bg.jpeg",510,370,false],"machine-browser":["https:\/\/www.kmgsystems.com\/wp-content\/uploads\/2022\/01\/project-bg.jpeg",510,370,false],"system-tabs":["https:\/\/www.kmgsystems.com\/wp-content\/uploads\/2022\/01\/project-bg.jpeg",510,370,false],"max-height-large":["https:\/\/www.kmgsystems.com\/wp-content\/uploads\/2022\/01\/project-bg.jpeg",510,370,false]},"uagb_author_info":{"display_name":"KMG_Admin","author_link":"https:\/\/www.kmgsystems.com\/es\/author\/kmg_admin\/"},"uagb_comment_info":0,"uagb_excerpt":"Vacantes actuales Actualmente no estamos contratando Requerimos derecho permanente a trabajar en el Reino Unido para todos los puestos mencionados. O por correo postal a Recruitment, KMG Systems Ltd, Station Road, Gamlingay, Sandy, Bedfordshire SG19 3HE Las agencias de contrataci\u00f3n utilizan este enlace Trabajar en KMG Systems KMG Systems Ltd es l\u00edder mundial en la&hellip;","_links":{"self":[{"href":"https:\/\/www.kmgsystems.com\/es\/wp-json\/wp\/v2\/pages\/2272","targetHints":{"allow":["GET"]}}],"collection":[{"href":"https:\/\/www.kmgsystems.com\/es\/wp-json\/wp\/v2\/pages"}],"about":[{"href":"https:\/\/www.kmgsystems.com\/es\/wp-json\/wp\/v2\/types\/page"}],"author":[{"embeddable":true,"href":"https:\/\/www.kmgsystems.com\/es\/wp-json\/wp\/v2\/users\/1"}],"replies":[{"embeddable":true,"href":"https:\/\/www.kmgsystems.com\/es\/wp-json\/wp\/v2\/comments?post=2272"}],"version-history":[{"count":23,"href":"https:\/\/www.kmgsystems.com\/es\/wp-json\/wp\/v2\/pages\/2272\/revisions"}],"predecessor-version":[{"id":5042,"href":"https:\/\/www.kmgsystems.com\/es\/wp-json\/wp\/v2\/pages\/2272\/revisions\/5042"}],"wp:featuredmedia":[{"embeddable":true,"href":"https:\/\/www.kmgsystems.com\/es\/wp-json\/wp\/v2\/media\/1878"}],"wp:attachment":[{"href":"https:\/\/www.kmgsystems.com\/es\/wp-json\/wp\/v2\/media?parent=2272"}],"curies":[{"name":"wp","href":"https:\/\/api.w.org\/{rel}","templated":true}]}}