{"id":2354,"date":"2021-12-02T08:07:56","date_gmt":"2021-12-02T08:07:56","guid":{"rendered":"https:\/\/www.kmgsystems.com\/servicio-y-mantenimiento\/"},"modified":"2025-11-24T16:41:51","modified_gmt":"2025-11-24T16:41:51","slug":"servicio-y-mantenimiento","status":"publish","type":"page","link":"https:\/\/www.kmgsystems.com\/es\/servicio-y-mantenimiento\/","title":{"rendered":"Servicio y mantenimiento"},"content":{"rendered":"\n<div class=\"wp-block-columns is-layout-flex wp-container-core-columns-is-layout-9d6595d7 wp-block-columns-is-layout-flex\">\n<div class=\"wp-block-column is-layout-flow wp-block-column-is-layout-flow\">\n<p>Estamos orgullosos de nuestros equipos robustos y fiables, y nos gusta formar a su equipo para que realice el mantenimiento de sus propios equipos. Garantizamos el mantenimiento de la cobertura de repuestos durante d\u00e9cadas para que disponga de todo lo necesario para realizar el mantenimiento de su propio equipo cuando le convenga. Adem\u00e1s, los transportadores vibratorios electromagn\u00e9ticos KMG tienen un dise\u00f1o tan robusto que apenas necesitan mantenimiento. Nuestro exclusivo controlador le dir\u00e1 incluso qu\u00e9 se necesita y qu\u00e9 hay que hacer.<\/p>\n\n\n\n<p>A menudo nos encontramos con transportadores vibratorios KMG que siguen funcionando en buenas condiciones m\u00e1s de 30 a\u00f1os despu\u00e9s de que los suministr\u00e1ramos. En toda la empresa, desde los directores hasta los ingenieros de proyectos, se espera que los equipos funcionen durante d\u00e9cadas y que el mantenimiento sea sencillo.<\/p>\n\n\n\n<p>Sin embargo, si necesita servicios de apoyo, estamos a su disposici\u00f3n. Sabemos que usted, sus colegas y su centro son \u00fanicos. El principio en el que se basa nuestro apoyo es sencillo: d\u00edganos c\u00f3mo podemos ayudarle.<\/p>\n\n\n\n<h4 class=\"wp-block-heading\">Servicio y mantenimiento mec\u00e1nico<\/h4>\n\n\n\n<p>Nuestro equipo est\u00e1 formado por ingenieros altamente cualificados y experimentados que analizan su sistema en su conjunto y le recomiendan las revisiones y el mantenimiento necesarios. Contamos con un equipo de ingenieros expertos capaces de localizar y resolver cualquier problema que pueda tener o cualquier cambio que desee realizar. Cuando no est\u00e1n in situ realizando trabajos de servicio, nuestros ingenieros de servicio trabajan en nuestra f\u00e1brica en equipos nuevos. Esto significa que tienen experiencia en el manejo de todos los equipos KMG. Ofrecemos asistencia en todos los aspectos del servicio y mantenimiento mec\u00e1nicos<\/p>\n\n\n\n<h4 class=\"wp-block-heading\">Servicio y mantenimiento de controles<\/h4>\n\n\n\n<p>En KMG proporcionamos la ayuda para todos los aspectos del servicio y del mantenimiento de los controles incluyendo la instrumentaci\u00f3n, la energ\u00eda el\u00e9ctrica y el control, la l\u00f3gica del PLC y la descripci\u00f3n y el control de SCADA. Dado que todos nuestros sistemas de control se dise\u00f1an internamente y nuestro software de automatizaci\u00f3n tambi\u00e9n se codifica internamente, disponemos de una amplia experiencia y asistencia. Nuestros ingenieros de automatizaci\u00f3n est\u00e1n preparados para ofrecer asistencia remota y tambi\u00e9n se desplazar\u00e1n a las instalaciones para actualizar el software, impartir formaci\u00f3n adicional o desarrollar HMI.<\/p>\n<\/div>\n\n\n\n<div class=\"wp-block-column is-layout-flow wp-block-column-is-layout-flow\"><div class=\"wp-block-image\">\n<figure class=\"aligncenter size-full\"><img loading=\"lazy\" decoding=\"async\" width=\"510\" height=\"370\" src=\"https:\/\/www.kmgsystems.com\/wp-content\/uploads\/2022\/01\/KMGservicelge.jpeg\" alt=\"\" class=\"wp-image-598\"><\/figure>\n<\/div>\n\n\n<h4 class=\"wp-block-heading\">Atenci\u00f3n continuada<\/h4>\n\n\n\n<p><strong>Gesti\u00f3n de rep<\/strong>uestos: Podemos comprobar sus repuestos KMG y confirmar si faltan repuestos recomendados, sin embargo, esperamos que se le suministre una lista de repuestos recomendados antes de la puesta en marcha. Podemos ofrecerle garant\u00edas ampliadas para cubrir sus componentes cr\u00edticos, pero nuestra garant\u00eda est\u00e1ndar para repuestos es de 1 a\u00f1o. <strong>Actualizaciones y mejoras del sistema<\/strong>: Podemos aconsejarle cu\u00e1l de nuestros \u00faltimos dise\u00f1os y sistemas de control puede ofrecer una mejora significativa a su l\u00ednea de producci\u00f3n.<\/p>\n\n\n\n<h4 class=\"wp-block-heading\">Servicios de apoyo<\/h4>\n\n\n\n<p><strong>Servicio<\/strong> de asistencia: Nuestros ingenieros disponen de informaci\u00f3n detallada sobre los equipos y sistemas de control instalados en sus instalaciones, por lo que pueden proporcionarle asistencia t\u00e9cnica, servicio y mantenimiento de forma r\u00e1pida y precisa. Si lo desea, podemos enviar un equipo a su planta para proporcionarle la asistencia que necesite. <strong>Puesta a punto de m\u00e1quinas y optimizaci\u00f3n<\/strong> del rendimiento: Nuestros ingenieros altamente cualificados realizan el mantenimiento de su equipo para alcanzar los niveles \u00f3ptimos de rendimiento.<\/p>\n\n\n\n<div class=\"wp-block-uagb-buttons uagb-buttons__outer-wrap uagb-btn__default-btn uagb-btn-tablet__default-btn uagb-btn-mobile__default-btn uagb-block-dcd01322\"><div class=\"uagb-buttons__wrap uagb-buttons-layout-wrap \">\n<div class=\"wp-block-uagb-buttons-child uagb-buttons__outer-wrap uagb-block-75001ed0 wp-block-button\"><div class=\"uagb-button__wrapper\"><a class=\"uagb-buttons-repeater wp-block-button__link\" aria-label=\"\" href=\"https:\/\/www.kmgsystems.com\/es\/solicitud-manual\/\" rel=\"follow noopener\" target=\"_self\" role=\"button\"><div class=\"uagb-button__link\">Solicitar un manual<\/div><\/a><\/div><\/div>\n<\/div><\/div>\n<\/div>\n<\/div>\n\n<div class=\"wp-block-columns is-layout-flex wp-container-core-columns-is-layout-9d6595d7 wp-block-columns-is-layout-flex\">\n<div class=\"wp-block-column is-layout-flow wp-block-column-is-layout-flow\"><\/div>\n<\/div>\n","protected":false},"excerpt":{"rendered":"<p>Estamos orgullosos de nuestros equipos robustos y fiables, y nos gusta formar a su equipo para que realice el mantenimiento de sus propios equipos. Garantizamos el mantenimiento de la cobertura de repuestos durante d\u00e9cadas para que disponga de todo lo necesario para realizar el mantenimiento de su propio equipo cuando le convenga. Adem\u00e1s, los transportadores [&hellip;]<\/p>\n","protected":false},"author":1,"featured_media":1873,"parent":0,"menu_order":9,"comment_status":"closed","ping_status":"closed","template":"","meta":{"_acf_changed":false,"_uag_custom_page_level_css":"","footnotes":""},"class_list":["post-2354","page","type-page","status-publish","has-post-thumbnail","hentry"],"acf":[],"uagb_featured_image_src":{"full":["https:\/\/www.kmgsystems.com\/wp-content\/uploads\/2022\/01\/KMGservicelge.jpeg",510,370,false],"thumbnail":["https:\/\/www.kmgsystems.com\/wp-content\/uploads\/2022\/01\/KMGservicelge-300x300.jpeg",300,300,true],"medium":["https:\/\/www.kmgsystems.com\/wp-content\/uploads\/2022\/01\/KMGservicelge.jpeg",510,370,false],"medium_large":["https:\/\/www.kmgsystems.com\/wp-content\/uploads\/2022\/01\/KMGservicelge.jpeg",510,370,false],"large":["https:\/\/www.kmgsystems.com\/wp-content\/uploads\/2022\/01\/KMGservicelge.jpeg",510,370,false],"1536x1536":["https:\/\/www.kmgsystems.com\/wp-content\/uploads\/2022\/01\/KMGservicelge.jpeg",510,370,false],"2048x2048":["https:\/\/www.kmgsystems.com\/wp-content\/uploads\/2022\/01\/KMGservicelge.jpeg",510,370,false],"machine-browser":["https:\/\/www.kmgsystems.com\/wp-content\/uploads\/2022\/01\/KMGservicelge.jpeg",510,370,false],"system-tabs":["https:\/\/www.kmgsystems.com\/wp-content\/uploads\/2022\/01\/KMGservicelge.jpeg",510,370,false],"max-height-large":["https:\/\/www.kmgsystems.com\/wp-content\/uploads\/2022\/01\/KMGservicelge.jpeg",510,370,false]},"uagb_author_info":{"display_name":"KMG_Admin","author_link":"https:\/\/www.kmgsystems.com\/es\/author\/kmg_admin\/"},"uagb_comment_info":0,"uagb_excerpt":"Estamos orgullosos de nuestros equipos robustos y fiables, y nos gusta formar a su equipo para que realice el mantenimiento de sus propios equipos. Garantizamos el mantenimiento de la cobertura de repuestos durante d\u00e9cadas para que disponga de todo lo necesario para realizar el mantenimiento de su propio equipo cuando le convenga. Adem\u00e1s, los transportadores&hellip;","_links":{"self":[{"href":"https:\/\/www.kmgsystems.com\/es\/wp-json\/wp\/v2\/pages\/2354","targetHints":{"allow":["GET"]}}],"collection":[{"href":"https:\/\/www.kmgsystems.com\/es\/wp-json\/wp\/v2\/pages"}],"about":[{"href":"https:\/\/www.kmgsystems.com\/es\/wp-json\/wp\/v2\/types\/page"}],"author":[{"embeddable":true,"href":"https:\/\/www.kmgsystems.com\/es\/wp-json\/wp\/v2\/users\/1"}],"replies":[{"embeddable":true,"href":"https:\/\/www.kmgsystems.com\/es\/wp-json\/wp\/v2\/comments?post=2354"}],"version-history":[{"count":19,"href":"https:\/\/www.kmgsystems.com\/es\/wp-json\/wp\/v2\/pages\/2354\/revisions"}],"predecessor-version":[{"id":5096,"href":"https:\/\/www.kmgsystems.com\/es\/wp-json\/wp\/v2\/pages\/2354\/revisions\/5096"}],"wp:featuredmedia":[{"embeddable":true,"href":"https:\/\/www.kmgsystems.com\/es\/wp-json\/wp\/v2\/media\/1873"}],"wp:attachment":[{"href":"https:\/\/www.kmgsystems.com\/es\/wp-json\/wp\/v2\/media?parent=2354"}],"curies":[{"name":"wp","href":"https:\/\/api.w.org\/{rel}","templated":true}]}}