{"id":2355,"date":"2021-12-02T08:07:32","date_gmt":"2021-12-02T08:07:32","guid":{"rendered":"https:\/\/www.kmgsystems.com\/puesta-en-servicio\/"},"modified":"2023-11-08T16:52:26","modified_gmt":"2023-11-08T16:52:26","slug":"puesta-en-servicio","status":"publish","type":"page","link":"https:\/\/www.kmgsystems.com\/es\/puesta-en-servicio\/","title":{"rendered":"Puesta en servicio"},"content":{"rendered":"\n<div class=\"wp-block-columns is-layout-flex wp-container-core-columns-is-layout-9d6595d7 wp-block-columns-is-layout-flex\">\n<div class=\"wp-block-column is-layout-flow wp-block-column-is-layout-flow\">\n<p>KMG Systems entiende que nuestros clientes simplemente quieren que sus proyectos se entreguen a tiempo, dentro del presupuesto y con la calidad deseada.<\/p>\n\n\n\n<p>Nuestros equipos de puesta en servicio gestionan el proceso de puesta en servicio para garantizar que se cumplen las expectativas del cliente y que se entrega a los equipos de operaciones y de alta direcci\u00f3n una instalaci\u00f3n plenamente operativa y en funcionamiento. Como escribimos todo nuestro software de automatizaci\u00f3n internamente, a menudo descubrir\u00e1 que el ingeniero de puesta en servicio cualificado que se encuentra in situ tambi\u00e9n escribi\u00f3 el c\u00f3digo. Esto nos proporciona una calidad y unos conocimientos inigualables.<\/p>\n\n\n\n<p>Proporcionamos sistemas sostenibles y mantenibles y ofrecemos a nuestros clientes experiencias valiosas y duraderas y resultados positivos.  <\/p>\n\n\n\n<p>Para ello, nuestro personal altamente experimentado ha realizado numerosos proyectos t\u00e9cnicamente complejos en la industria alimentaria. Nuestro enfoque de la gesti\u00f3n de la puesta en servicio, basado en procesos, proporciona pruebas s\u00f3lidas y fiables de los sistemas y equipos de control y sus elementos asociados para garantizar un traspaso sin problemas al personal de operaciones.  <\/p>\n\n\n\n<p>Estamos bien situados para ofrecer estas ventajas. Nuestra oferta incluye:  <\/p>\n\n\n\n<ul class=\"wp-block-list\">\n<li>Asistencia remota para la puesta en servicio  <\/li>\n\n\n\n<li>Apoyo a la puesta en servicio in situ  <\/li>\n\n\n\n<li>Pruebas y asistencia completas de los productos  <\/li>\n\n\n\n<li>Pruebas y optimizaci\u00f3n de la l\u00ednea<\/li>\n<\/ul>\n<\/div>\n\n\n\n<div class=\"wp-block-column is-layout-flow wp-block-column-is-layout-flow\">\n<figure class=\"wp-block-image size-full\"><img loading=\"lazy\" decoding=\"async\" width=\"2560\" height=\"1707\" src=\"https:\/\/www.kmgsystems.com\/wp-content\/uploads\/2022\/01\/RAYS4286-scaled.jpeg\" alt=\"\" class=\"wp-image-625\" srcset=\"https:\/\/www.kmgsystems.com\/wp-content\/uploads\/2022\/01\/RAYS4286-scaled.jpeg 2560w, https:\/\/www.kmgsystems.com\/wp-content\/uploads\/2022\/01\/RAYS4286-768x512.jpeg 768w, https:\/\/www.kmgsystems.com\/wp-content\/uploads\/2022\/01\/RAYS4286-1536x1024.jpeg 1536w, https:\/\/www.kmgsystems.com\/wp-content\/uploads\/2022\/01\/RAYS4286-2048x1365.jpeg 2048w, https:\/\/www.kmgsystems.com\/wp-content\/uploads\/2022\/01\/RAYS4286-600x400.jpeg 600w, https:\/\/www.kmgsystems.com\/wp-content\/uploads\/2022\/01\/RAYS4286-900x600.jpeg 900w\" sizes=\"auto, (max-width: 2560px) 100vw, 2560px\" \/><\/figure>\n<\/div>\n<\/div>\n","protected":false},"excerpt":{"rendered":"<p>KMG Systems entiende que nuestros clientes simplemente quieren que sus proyectos se entreguen a tiempo, dentro del presupuesto y con la calidad deseada. Nuestros equipos de puesta en servicio gestionan el proceso de puesta en servicio para garantizar que se cumplen las expectativas del cliente y que se entrega a los equipos de operaciones y [&hellip;]<\/p>\n","protected":false},"author":1,"featured_media":1878,"parent":0,"menu_order":13,"comment_status":"closed","ping_status":"closed","template":"","meta":{"_acf_changed":false,"_uag_custom_page_level_css":"","footnotes":""},"class_list":["post-2355","page","type-page","status-publish","has-post-thumbnail","hentry"],"acf":[],"uagb_featured_image_src":{"full":["https:\/\/www.kmgsystems.com\/wp-content\/uploads\/2022\/01\/project-bg.jpeg",510,370,false],"thumbnail":["https:\/\/www.kmgsystems.com\/wp-content\/uploads\/2022\/01\/project-bg-300x300.jpeg",300,300,true],"medium":["https:\/\/www.kmgsystems.com\/wp-content\/uploads\/2022\/01\/project-bg.jpeg",510,370,false],"medium_large":["https:\/\/www.kmgsystems.com\/wp-content\/uploads\/2022\/01\/project-bg.jpeg",510,370,false],"large":["https:\/\/www.kmgsystems.com\/wp-content\/uploads\/2022\/01\/project-bg.jpeg",510,370,false],"1536x1536":["https:\/\/www.kmgsystems.com\/wp-content\/uploads\/2022\/01\/project-bg.jpeg",510,370,false],"2048x2048":["https:\/\/www.kmgsystems.com\/wp-content\/uploads\/2022\/01\/project-bg.jpeg",510,370,false],"machine-browser":["https:\/\/www.kmgsystems.com\/wp-content\/uploads\/2022\/01\/project-bg.jpeg",510,370,false],"system-tabs":["https:\/\/www.kmgsystems.com\/wp-content\/uploads\/2022\/01\/project-bg.jpeg",510,370,false],"max-height-large":["https:\/\/www.kmgsystems.com\/wp-content\/uploads\/2022\/01\/project-bg.jpeg",510,370,false]},"uagb_author_info":{"display_name":"KMG_Admin","author_link":"https:\/\/www.kmgsystems.com\/es\/author\/kmg_admin\/"},"uagb_comment_info":0,"uagb_excerpt":"KMG Systems entiende que nuestros clientes simplemente quieren que sus proyectos se entreguen a tiempo, dentro del presupuesto y con la calidad deseada. Nuestros equipos de puesta en servicio gestionan el proceso de puesta en servicio para garantizar que se cumplen las expectativas del cliente y que se entrega a los equipos de operaciones y&hellip;","_links":{"self":[{"href":"https:\/\/www.kmgsystems.com\/es\/wp-json\/wp\/v2\/pages\/2355","targetHints":{"allow":["GET"]}}],"collection":[{"href":"https:\/\/www.kmgsystems.com\/es\/wp-json\/wp\/v2\/pages"}],"about":[{"href":"https:\/\/www.kmgsystems.com\/es\/wp-json\/wp\/v2\/types\/page"}],"author":[{"embeddable":true,"href":"https:\/\/www.kmgsystems.com\/es\/wp-json\/wp\/v2\/users\/1"}],"replies":[{"embeddable":true,"href":"https:\/\/www.kmgsystems.com\/es\/wp-json\/wp\/v2\/comments?post=2355"}],"version-history":[{"count":7,"href":"https:\/\/www.kmgsystems.com\/es\/wp-json\/wp\/v2\/pages\/2355\/revisions"}],"predecessor-version":[{"id":3419,"href":"https:\/\/www.kmgsystems.com\/es\/wp-json\/wp\/v2\/pages\/2355\/revisions\/3419"}],"wp:featuredmedia":[{"embeddable":true,"href":"https:\/\/www.kmgsystems.com\/es\/wp-json\/wp\/v2\/media\/1878"}],"wp:attachment":[{"href":"https:\/\/www.kmgsystems.com\/es\/wp-json\/wp\/v2\/media?parent=2355"}],"curies":[{"name":"wp","href":"https:\/\/api.w.org\/{rel}","templated":true}]}}