{"id":2357,"date":"2021-12-02T08:07:22","date_gmt":"2021-12-02T08:07:22","guid":{"rendered":"https:\/\/www.kmgsystems.com\/instalacion-mecanica-y-electrica\/"},"modified":"2023-04-26T00:56:29","modified_gmt":"2023-04-26T00:56:29","slug":"instalacion-mecanica-y-electrica","status":"publish","type":"page","link":"https:\/\/www.kmgsystems.com\/es\/instalacion-mecanica-y-electrica\/","title":{"rendered":"Instalaci\u00f3n mec\u00e1nica y el\u00e9ctrica"},"content":{"rendered":"\n<div class=\"wp-block-columns is-layout-flex wp-container-core-columns-is-layout-9d6595d7 wp-block-columns-is-layout-flex\">\n<div class=\"wp-block-column is-layout-flow wp-block-column-is-layout-flow\">\n<p>Dondequiera que se encuentre en el mundo, KMG puede facilitarle la instalaci\u00f3n completa de su sistema. Nuestros instaladores homologados trabajan a la perfecci\u00f3n con la direcci\u00f3n de obra y los equipos del proyecto para garantizar la ejecuci\u00f3n puntual de proyectos llave en mano, independientemente de su tama\u00f1o.<\/p>\n\n\n\n<p>Tambi\u00e9n ofrecemos asistencia t\u00e9cnica para la instalaci\u00f3n a sus contratistas locales. Este servicio est\u00e1 disponible a distancia o en persona.<\/p>\n\n\n\n<p>Nuestra capacidad de preconstrucci\u00f3n completa en nuestras instalaciones de 20.000 m2 garantiza que su sistema pueda inspeccionarse y comprobarse rigurosamente antes de la entrega y de que se monte en su f\u00e1brica. As\u00ed se eliminan los riesgos de problemas iniciales y tiempos de inactividad en la instalaci\u00f3n final.<\/p>\n\n\n\n<p>Opcionalmente, los sistemas pueden estar totalmente precableados el\u00e9ctricamente y tener instalados servicios como aire comprimido, red de rociadores e iluminaci\u00f3n listos para su integraci\u00f3n in situ durante la instalaci\u00f3n final.<\/p>\n\n\n\n<p>Las inspecciones previas a la entrega pueden realizarse independientemente del tama\u00f1o del sistema, desde una sola m\u00e1quina hasta una soluci\u00f3n completa llave en mano.<\/p>\n<\/div>\n\n\n\n<div class=\"wp-block-column is-layout-flow wp-block-column-is-layout-flow\"><div class=\"wp-block-image\">\n<figure class=\"aligncenter size-full\"><img loading=\"lazy\" decoding=\"async\" width=\"780\" height=\"583\" src=\"https:\/\/www.kmgsystems.com\/wp-content\/uploads\/2022\/01\/Mechanical.jpg\" alt=\"\" class=\"wp-image-622\" srcset=\"https:\/\/www.kmgsystems.com\/wp-content\/uploads\/2022\/01\/Mechanical.jpg 780w, https:\/\/www.kmgsystems.com\/wp-content\/uploads\/2022\/01\/Mechanical-768x574.jpg 768w, https:\/\/www.kmgsystems.com\/wp-content\/uploads\/2022\/01\/Mechanical-535x400.jpg 535w\" sizes=\"auto, (max-width: 780px) 100vw, 780px\" \/><\/figure><\/div><\/div>\n<\/div>\n","protected":false},"excerpt":{"rendered":"<p>Dondequiera que se encuentre en el mundo, KMG puede facilitarle la instalaci\u00f3n completa de su sistema. Nuestros instaladores homologados trabajan a la perfecci\u00f3n con la direcci\u00f3n de obra y los equipos del proyecto para garantizar la ejecuci\u00f3n puntual de proyectos llave en mano, independientemente de su tama\u00f1o. Tambi\u00e9n ofrecemos asistencia t\u00e9cnica para la instalaci\u00f3n a [&hellip;]<\/p>\n","protected":false},"author":1,"featured_media":0,"parent":0,"menu_order":14,"comment_status":"closed","ping_status":"closed","template":"","meta":{"_acf_changed":false,"_uag_custom_page_level_css":"","footnotes":""},"class_list":["post-2357","page","type-page","status-publish","hentry"],"acf":[],"uagb_featured_image_src":{"full":false,"thumbnail":false,"medium":false,"medium_large":false,"large":false,"1536x1536":false,"2048x2048":false,"machine-browser":false,"system-tabs":false,"max-height-large":false},"uagb_author_info":{"display_name":"KMG_Admin","author_link":"https:\/\/www.kmgsystems.com\/es\/author\/kmg_admin\/"},"uagb_comment_info":0,"uagb_excerpt":"Dondequiera que se encuentre en el mundo, KMG puede facilitarle la instalaci\u00f3n completa de su sistema. Nuestros instaladores homologados trabajan a la perfecci\u00f3n con la direcci\u00f3n de obra y los equipos del proyecto para garantizar la ejecuci\u00f3n puntual de proyectos llave en mano, independientemente de su tama\u00f1o. Tambi\u00e9n ofrecemos asistencia t\u00e9cnica para la instalaci\u00f3n a&hellip;","_links":{"self":[{"href":"https:\/\/www.kmgsystems.com\/es\/wp-json\/wp\/v2\/pages\/2357","targetHints":{"allow":["GET"]}}],"collection":[{"href":"https:\/\/www.kmgsystems.com\/es\/wp-json\/wp\/v2\/pages"}],"about":[{"href":"https:\/\/www.kmgsystems.com\/es\/wp-json\/wp\/v2\/types\/page"}],"author":[{"embeddable":true,"href":"https:\/\/www.kmgsystems.com\/es\/wp-json\/wp\/v2\/users\/1"}],"replies":[{"embeddable":true,"href":"https:\/\/www.kmgsystems.com\/es\/wp-json\/wp\/v2\/comments?post=2357"}],"version-history":[{"count":6,"href":"https:\/\/www.kmgsystems.com\/es\/wp-json\/wp\/v2\/pages\/2357\/revisions"}],"predecessor-version":[{"id":2484,"href":"https:\/\/www.kmgsystems.com\/es\/wp-json\/wp\/v2\/pages\/2357\/revisions\/2484"}],"wp:attachment":[{"href":"https:\/\/www.kmgsystems.com\/es\/wp-json\/wp\/v2\/media?parent=2357"}],"curies":[{"name":"wp","href":"https:\/\/api.w.org\/{rel}","templated":true}]}}