{"id":2358,"date":"2021-12-02T09:49:29","date_gmt":"2021-12-02T09:49:29","guid":{"rendered":"https:\/\/www.kmgsystems.com\/titulados\/"},"modified":"2024-02-20T12:18:35","modified_gmt":"2024-02-20T12:18:35","slug":"titulados","status":"publish","type":"page","link":"https:\/\/www.kmgsystems.com\/es\/titulados\/","title":{"rendered":"Titulados"},"content":{"rendered":"\n<div class=\"wp-block-columns is-layout-flex wp-container-core-columns-is-layout-9d6595d7 wp-block-columns-is-layout-flex\">\n<div class=\"wp-block-column is-layout-flow wp-block-column-is-layout-flow\">\n<h2 class=\"wp-block-heading\">Programa de formaci\u00f3n para licenciados de KMG Systems<\/h2>\n\n\n\n<p>KMG Systems se ha forjado una reputaci\u00f3n mundial por suministrar equipos de alta calidad y bien dise\u00f1ados, principalmente para su uso en la industria de alimentos procesados, desde cereales para el desayuno hasta aperitivos. Dise\u00f1amos, construimos, fabricamos, instalamos y ponemos en marcha seg\u00fan los requisitos del cliente, desde uno o dos transportadores hasta sistemas de condimentaci\u00f3n y distribuci\u00f3n llave en mano totalmente integrados. Nuestra cartera de equipos y clientes est\u00e1 creciendo. Para ello contamos con un alto nivel de experiencia en todas las \u00e1reas de la empresa y con un programa de formaci\u00f3n para licenciados.<\/p>\n\n\n\n<p>El programa de formaci\u00f3n para graduados de KMG Systems tiene una duraci\u00f3n aproximada de 2,5 a\u00f1os y ofrecemos 2 ramas diferentes:<\/p>\n\n\n\n<div class=\"wp-block-uagb-call-to-action uagb-block-bdf0fc05 wp-block-button\"><div class=\"uagb-cta__wrap\"><h3 class=\"uagb-cta__title\">Corriente de dise\u00f1o mec\u00e1nico<\/h3><p class=\"uagb-cta__desc\">Una corriente de dise\u00f1o mec\u00e1nico centrada en nuestro equipo de dise\u00f1o. Durante 2 a\u00f1os tendr\u00e1s 6 revisiones mensuales con objetivos para aumentar tu conocimiento y experiencia de nuestros diferentes tipos de m\u00e1quinas. Esto conduce a un puesto de pr\u00e1cticas en el \u00faltimo a\u00f1o, con una mayor responsabilidad sobre los dise\u00f1os de los clientes, las normas de dise\u00f1o y el apoyo a los reci\u00e9n licenciados. Los titulados son contratados en esta corriente en funci\u00f3n de la carga de trabajo disponible.  <\/p><\/div><div class=\"uagb-cta__buttons\"><a href=\"https:\/\/www.kmgsystems.com\/wp-content\/uploads\/2023\/04\/KMG-Systems-Mechanical-Graduate-Scheme-Overview.pdf\" class=\"uagb-cta__button-link-wrapper wp-block-button__link\" target=\"_blank\" rel=\"noopener noreferrer\">Leer m\u00e1s<\/a><\/div><\/div>\n\n\n\n<div class=\"wp-block-uagb-call-to-action uagb-block-5d4b5ad3 wp-block-button\"><div class=\"uagb-cta__wrap\"><h3 class=\"uagb-cta__title\">Corriente multidisciplinar<\/h3><p class=\"uagb-cta__desc\">Una corriente multidisciplinar m\u00e1s amplia con pr\u00e1cticas de 6 meses en dise\u00f1o, electricidad, automatizaci\u00f3n, proyectos e ingenier\u00eda de ventas. Tras revisiones peri\u00f3dicas, acceder\u00e1s a tus pr\u00e1cticas finales en el departamento que m\u00e1s se adapte a ti y a la empresa antes de lanzarte con \u00e9xito a una carrera en KMG con una amplia base de conocimientos.  <\/p><\/div><div class=\"uagb-cta__buttons\"><a href=\"https:\/\/www.kmgsystems.com\/wp-content\/uploads\/2023\/04\/KMG-Systems-Multidisciplinary-Graduate-Scheme-Overview.pdf\" class=\"uagb-cta__button-link-wrapper wp-block-button__link\" target=\"_blank\" rel=\"noopener noreferrer\">Leer m\u00e1s<\/a><\/div><\/div>\n<\/div>\n\n\n\n<div class=\"wp-block-column is-layout-flow wp-block-column-is-layout-flow\">\n<figure class=\"wp-block-gallery has-nested-images columns-1 is-cropped wp-block-gallery-1 is-layout-flex wp-block-gallery-is-layout-flex\">\n<figure class=\"wp-block-image size-large\"><img loading=\"lazy\" decoding=\"async\" width=\"1200\" height=\"801\" data-id=\"642\" src=\"https:\/\/www.kmgsystems.com\/wp-content\/uploads\/2022\/01\/grad_steve1-1.jpg\" alt=\"\" class=\"wp-image-642\" srcset=\"https:\/\/www.kmgsystems.com\/wp-content\/uploads\/2022\/01\/grad_steve1-1.jpg 1200w, https:\/\/www.kmgsystems.com\/wp-content\/uploads\/2022\/01\/grad_steve1-1-768x513.jpg 768w, https:\/\/www.kmgsystems.com\/wp-content\/uploads\/2022\/01\/grad_steve1-1-600x400.jpg 600w, https:\/\/www.kmgsystems.com\/wp-content\/uploads\/2022\/01\/grad_steve1-1-899x600.jpg 899w\" sizes=\"auto, (max-width: 1200px) 100vw, 1200px\" \/><\/figure>\n\n\n\n<figure class=\"wp-block-image size-large\"><img loading=\"lazy\" decoding=\"async\" width=\"1883\" height=\"2560\" data-id=\"930\" src=\"https:\/\/www.kmgsystems.com\/wp-content\/uploads\/2022\/11\/SCHR1468-scaled.jpg\" alt=\"\" class=\"wp-image-930\" srcset=\"https:\/\/www.kmgsystems.com\/wp-content\/uploads\/2022\/11\/SCHR1468-scaled.jpg 1883w, https:\/\/www.kmgsystems.com\/wp-content\/uploads\/2022\/11\/SCHR1468-768x1044.jpg 768w, https:\/\/www.kmgsystems.com\/wp-content\/uploads\/2022\/11\/SCHR1468-1130x1536.jpg 1130w, https:\/\/www.kmgsystems.com\/wp-content\/uploads\/2022\/11\/SCHR1468-1506x2048.jpg 1506w, https:\/\/www.kmgsystems.com\/wp-content\/uploads\/2022\/11\/SCHR1468-294x400.jpg 294w, https:\/\/www.kmgsystems.com\/wp-content\/uploads\/2022\/11\/SCHR1468-441x600.jpg 441w\" sizes=\"auto, (max-width: 1883px) 100vw, 1883px\" \/><\/figure>\n<\/figure>\n<\/div>\n<\/div>\n\n<div class=\"wp-block-columns is-layout-flex wp-container-core-columns-is-layout-9d6595d7 wp-block-columns-is-layout-flex\">\n<div class=\"wp-block-column is-layout-flow wp-block-column-is-layout-flow\">\n<figure class=\"wp-block-image size-full\"><img loading=\"lazy\" decoding=\"async\" width=\"2231\" height=\"2165\" src=\"https:\/\/www.kmgsystems.com\/wp-content\/uploads\/2022\/11\/SCHR1496-1.jpg\" alt=\"\" class=\"wp-image-936\" srcset=\"https:\/\/www.kmgsystems.com\/wp-content\/uploads\/2022\/11\/SCHR1496-1.jpg 2231w, https:\/\/www.kmgsystems.com\/wp-content\/uploads\/2022\/11\/SCHR1496-1-768x745.jpg 768w, https:\/\/www.kmgsystems.com\/wp-content\/uploads\/2022\/11\/SCHR1496-1-1536x1491.jpg 1536w, https:\/\/www.kmgsystems.com\/wp-content\/uploads\/2022\/11\/SCHR1496-1-2048x1987.jpg 2048w, https:\/\/www.kmgsystems.com\/wp-content\/uploads\/2022\/11\/SCHR1496-1-412x400.jpg 412w, https:\/\/www.kmgsystems.com\/wp-content\/uploads\/2022\/11\/SCHR1496-1-618x600.jpg 618w\" sizes=\"auto, (max-width: 2231px) 100vw, 2231px\" \/><\/figure>\n<\/div>\n\n\n\n<div class=\"wp-block-column is-layout-flow wp-block-column-is-layout-flow\">\n<h2 class=\"wp-block-heading\">Desarrollo de ingenieros<\/h2>\n\n\n\n<p>Se le asignar\u00e1 un mentor y un plan de formaci\u00f3n para apoyar su desarrollo, con todas las acciones y objetivos de seguimiento en nuestra aplicaci\u00f3n interna Graduate Manager. A medida que vayas completando cada parte del programa, ir\u00e1s recopilando pruebas que indiquen tus logros. Estas pruebas podr\u00e1n utilizarse en el futuro para obtener el t\u00edtulo de ingeniero colegiado. Al final del programa, estar\u00e1s listo para lanzarte a una carrera en KMG.<\/p>\n\n\n\n<p>En KMG reconocemos que muchos graduados en ingenier\u00eda se benefician de trabajar directamente en proyectos, por lo que ofrecemos un programa de formaci\u00f3n de graduados en ingenier\u00eda completo en lugar de una v\u00eda r\u00e1pida a la gesti\u00f3n.<\/p>\n\n\n\n<div class=\"wp-block-uagb-call-to-action uagb-block-c68fabc8 wp-block-button\"><div class=\"uagb-cta__wrap\"><h3 class=\"uagb-cta__title\">\u00bfSe centra en la ingenier\u00eda?<\/h3><p class=\"uagb-cta__desc\">Deber\u00e1 tener una buena licenciatura en Ingenier\u00eda, una actitud positiva y un aut\u00e9ntico entusiasmo por la ingenier\u00eda. En KMG valoramos a los ingenieros.<br\/><\/p><\/div><div class=\"uagb-cta__buttons\"><a href=\"https:\/\/www.kmgsystems.com\/es\/formulario-de-solicitud-para-licenciados\/\" class=\"uagb-cta__button-link-wrapper wp-block-button__link\" target=\"_blank\" rel=\"noopener noreferrer\">Solicitar aqu\u00ed<\/a><\/div><\/div>\n<\/div>\n<\/div>\n","protected":false},"excerpt":{"rendered":"<p>Programa de formaci\u00f3n para licenciados de KMG Systems KMG Systems se ha forjado una reputaci\u00f3n mundial por suministrar equipos de alta calidad y bien dise\u00f1ados, principalmente para su uso en la industria de alimentos procesados, desde cereales para el desayuno hasta aperitivos. Dise\u00f1amos, construimos, fabricamos, instalamos y ponemos en marcha seg\u00fan los requisitos del cliente, [&hellip;]<\/p>\n","protected":false},"author":1,"featured_media":0,"parent":0,"menu_order":8,"comment_status":"closed","ping_status":"closed","template":"","meta":{"_acf_changed":false,"_uag_custom_page_level_css":"","footnotes":""},"class_list":["post-2358","page","type-page","status-publish","hentry"],"acf":[],"uagb_featured_image_src":{"full":false,"thumbnail":false,"medium":false,"medium_large":false,"large":false,"1536x1536":false,"2048x2048":false,"machine-browser":false,"system-tabs":false,"max-height-large":false},"uagb_author_info":{"display_name":"KMG_Admin","author_link":"https:\/\/www.kmgsystems.com\/es\/author\/kmg_admin\/"},"uagb_comment_info":0,"uagb_excerpt":"Programa de formaci\u00f3n para licenciados de KMG Systems KMG Systems se ha forjado una reputaci\u00f3n mundial por suministrar equipos de alta calidad y bien dise\u00f1ados, principalmente para su uso en la industria de alimentos procesados, desde cereales para el desayuno hasta aperitivos. Dise\u00f1amos, construimos, fabricamos, instalamos y ponemos en marcha seg\u00fan los requisitos del cliente,&hellip;","_links":{"self":[{"href":"https:\/\/www.kmgsystems.com\/es\/wp-json\/wp\/v2\/pages\/2358","targetHints":{"allow":["GET"]}}],"collection":[{"href":"https:\/\/www.kmgsystems.com\/es\/wp-json\/wp\/v2\/pages"}],"about":[{"href":"https:\/\/www.kmgsystems.com\/es\/wp-json\/wp\/v2\/types\/page"}],"author":[{"embeddable":true,"href":"https:\/\/www.kmgsystems.com\/es\/wp-json\/wp\/v2\/users\/1"}],"replies":[{"embeddable":true,"href":"https:\/\/www.kmgsystems.com\/es\/wp-json\/wp\/v2\/comments?post=2358"}],"version-history":[{"count":12,"href":"https:\/\/www.kmgsystems.com\/es\/wp-json\/wp\/v2\/pages\/2358\/revisions"}],"predecessor-version":[{"id":3644,"href":"https:\/\/www.kmgsystems.com\/es\/wp-json\/wp\/v2\/pages\/2358\/revisions\/3644"}],"wp:attachment":[{"href":"https:\/\/www.kmgsystems.com\/es\/wp-json\/wp\/v2\/media?parent=2358"}],"curies":[{"name":"wp","href":"https:\/\/api.w.org\/{rel}","templated":true}]}}