{"id":2359,"date":"2022-01-25T10:46:09","date_gmt":"2022-01-25T10:46:09","guid":{"rendered":"https:\/\/www.kmgsystems.com\/recambios-reparaciones-e-intercambio\/"},"modified":"2026-03-27T14:17:21","modified_gmt":"2026-03-27T14:17:21","slug":"recambios-reparaciones-e-intercambio","status":"publish","type":"page","link":"https:\/\/www.kmgsystems.com\/es\/recambios-reparaciones-e-intercambio\/","title":{"rendered":"Recambios, reparaciones e intercambio"},"content":{"rendered":"\n<div class=\"wp-block-columns is-layout-flex wp-container-core-columns-is-layout-9d6595d7 wp-block-columns-is-layout-flex\">\n<div class=\"wp-block-column is-layout-flow wp-block-column-is-layout-flow\">\n<p>Somos el \u00fanico proveedor autorizado de repuestos para equipos KMG. Nuestro servicio es r\u00e1pido y est\u00e1 totalmente abastecido. Las piezas de recambio originales KMG garantizan la compatibilidad con su equipo KMG.<\/p>\n\n\n\n<p>Mantenemos un extenso archivo con registros completos de todas nuestras m\u00e1quinas. Esto significa que si puede indicarnos el n\u00famero de serie de nuestra m\u00e1quina, podremos decirle qu\u00e9 repuestos necesita. Incluso m\u00e1quinas que tienen 40 a\u00f1os. P\u00f3ngase en contacto con nosotros si no est\u00e1 seguro de d\u00f3nde encontrar el n\u00famero de serie.<\/p>\n\n\n\n<p>Podemos comprobar su stock de recambios KMG y confirmar si faltan piezas de recambio recomendadas. Se pueden ofrecer garant\u00edas ampliadas para cubrir sus componentes cr\u00edticos.<\/p>\n<\/div>\n\n\n\n<div class=\"wp-block-column is-layout-flow wp-block-column-is-layout-flow\">\n<div class=\"wp-block-uagb-image uagb-block-43424860 wp-block-uagb-image--layout-default wp-block-uagb-image--effect-static wp-block-uagb-image--align-none\"><figure class=\"wp-block-uagb-image__figure\"><img decoding=\"async\" srcset=\"https:\/\/www.kmgsystems.com\/wp-content\/uploads\/2022\/01\/giles.jpg\n \" sizes=\"auto, (max-width: 480px) 150px\" src=\"https:\/\/www.kmgsystems.com\/wp-content\/uploads\/2022\/01\/giles.jpg\" alt=\"\" class=\"uag-image-530\" width=\"510\" height=\"370\" title=\"\" loading=\"lazy\" role=\"img\"><\/figure><\/div>\n<\/div>\n<\/div>\n\n<div class=\"wp-block-columns is-layout-flex wp-container-core-columns-is-layout-9d6595d7 wp-block-columns-is-layout-flex\">\n<div class=\"wp-block-column is-layout-flow wp-block-column-is-layout-flow\">\n<h2 class=\"wp-block-heading\">Controladores, muelles de hoja e imanes KMG<\/h2>\n\n\n\n<p><strong>Controladores KMG reparados, reacondicionados o suministrados nuevos<\/strong><br\/><a href=\"https:\/\/www.kmgsystems.com\/es\/spares\/ma900\/\">MA900<\/a>, <a href=\"https:\/\/www.kmgsystems.com\/es\/spares\/kmg-systems-ma500\/\">MA500<\/a>, <a href=\"https:\/\/www.kmgsystems.com\/es\/repuestos\/kmg-systems-ma520\/\">MA520<\/a>, <a href=\"https:\/\/www.kmgsystems.com\/es\/repuestos\/kmg-systems-ma142\/\">MA142<\/a>, <a href=\"https:\/\/www.kmgsystems.com\/spares\/kmg-systems-ma600\/\">MA600<\/a>, <a href=\"https:\/\/www.kmgsystems.com\/spares\/kmg-systems-ma700\/\">MA700<\/a>, <a href=\"https:\/\/www.kmgsystems.com\/spares\/kmg-systems-ma710\/\">MA710<\/a><\/p>\n\n\n\n<p><strong>KMG Flow weigher Componentes<\/strong><br\/><a href=\"https:\/\/www.kmgsystems.com\/spares\/kmg-systems-ma416\/\">MA416<\/a>, <a href=\"https:\/\/www.kmgsystems.com\/spares\/kmg-systems-ma336set\/\">MA336SET<\/a><\/p>\n\n\n\n<p><strong>Muelles de ballesta KMG<\/strong><br\/><a href=\"https:\/\/www.kmgsystems.com\/spares\/kmg-systems-ma248\/\">MA248<\/a>, <a href=\"https:\/\/www.kmgsystems.com\/spares\/kmg-systems-ma040-9\/\">MA040-9<\/a>, <a href=\"https:\/\/www.kmgsystems.com\/es\/spares\/kmg-systems-ma040-11\/\">MA040-11<\/a>, <a href=\"https:\/\/www.kmgsystems.com\/spares\/kmg-systems-emc1007-11\/\">EMC1007-11<\/a>, <a href=\"https:\/\/www.kmgsystems.com\/spares\/kmg-systems-emc1007-9\/\">EMC1007-9<\/a><\/p>\n\n\n\n<p><strong>Imanes KMG<\/strong><br\/><a href=\"https:\/\/www.kmgsystems.com\/spares\/MA901R\">MA901R<\/a>, <a href=\"https:\/\/www.kmgsystems.com\/spares\/MA901L\">MA901L<\/a>, <a href=\"https:\/\/www.kmgsystems.com\/spares\/kmg-systems-ma501r\/\">MA501R<\/a>, <a href=\"https:\/\/www.kmgsystems.com\/spares\/kmg-systems-ma501l\/\">MA501L<\/a>, <a href=\"https:\/\/www.kmgsystems.com\/spares\/kmg-systems-ma154r\/\">MA154R<\/a>, <a href=\"https:\/\/www.kmgsystems.com\/spares\/kmg-systems-emc1018\/\">EMC1018<\/a><\/p>\n<\/div>\n\n\n\n<div class=\"wp-block-column is-layout-flow wp-block-column-is-layout-flow\">\n<h2 class=\"wp-block-heading\" id=\"kmg-gate-bearings-and-buffers\">Cojinetes de compuerta, topes y cangilones KMG<\/h2>\n\n\n\n<p><strong>Rodamientos de compuerta KMG<\/strong><br\/><a href=\"https:\/\/www.kmgsystems.com\/spares\/kmg-systems-md349c\/\">MD349C<\/a><\/p>\n\n\n\n<p><strong>Topes KMG<\/strong><br\/><a href=\"https:\/\/www.kmgsystems.com\/spares\/kmg-systems-b1-60ss\/\">B1-60SS<\/a>, <a href=\"https:\/\/www.kmgsystems.com\/es\/spares\/kmg-systems-b3-60ss\/\">B3-60SS<\/a><\/p>\n\n\n\n<p><strong>KMG Elevator Buckets<\/strong><br\/><a href=\"https:\/\/www.kmgsystems.com\/es\/spares\/kmg-sd300ss\/\">SD300SS<\/a>, HD300SS, HD600SS, HD900SS<\/p>\n<\/div>\n<\/div>\n\n<h2 class=\"wp-block-heading\">Recambios de accionamiento mec\u00e1nico<\/h2>\n\n<p><strong>Brazos de enlace<\/strong>: <a href=\"https:\/\/www.kmgsystems.com\/es\/spares\/md102s\/\">MD102S<\/a><\/p>\n\n<p>Tampones: <a href=\"https:\/\/www.kmgsystems.com\/es\/spares\/sistemas-kmg-b1-60ss\/\">B1-60SS<\/a><\/p>\n\n<p><\/p>\n","protected":false},"excerpt":{"rendered":"<p>Somos el \u00fanico proveedor autorizado de repuestos para equipos KMG. Nuestro servicio es r\u00e1pido y est\u00e1 totalmente abastecido. Las piezas de recambio originales KMG garantizan la compatibilidad con su equipo KMG. Mantenemos un extenso archivo con registros completos de todas nuestras m\u00e1quinas. Esto significa que si puede indicarnos el n\u00famero de serie de nuestra m\u00e1quina, [&hellip;]<\/p>\n","protected":false},"author":1,"featured_media":0,"parent":0,"menu_order":3,"comment_status":"closed","ping_status":"closed","template":"","meta":{"_acf_changed":false,"_uag_custom_page_level_css":"","footnotes":""},"class_list":["post-2359","page","type-page","status-publish","hentry"],"acf":[],"uagb_featured_image_src":{"full":false,"thumbnail":false,"medium":false,"medium_large":false,"large":false,"1536x1536":false,"2048x2048":false,"machine-browser":false,"system-tabs":false,"max-height-large":false},"uagb_author_info":{"display_name":"KMG_Admin","author_link":"https:\/\/www.kmgsystems.com\/es\/author\/kmg_admin\/"},"uagb_comment_info":0,"uagb_excerpt":"Somos el \u00fanico proveedor autorizado de repuestos para equipos KMG. Nuestro servicio es r\u00e1pido y est\u00e1 totalmente abastecido. Las piezas de recambio originales KMG garantizan la compatibilidad con su equipo KMG. Mantenemos un extenso archivo con registros completos de todas nuestras m\u00e1quinas. Esto significa que si puede indicarnos el n\u00famero de serie de nuestra m\u00e1quina,&hellip;","_links":{"self":[{"href":"https:\/\/www.kmgsystems.com\/es\/wp-json\/wp\/v2\/pages\/2359","targetHints":{"allow":["GET"]}}],"collection":[{"href":"https:\/\/www.kmgsystems.com\/es\/wp-json\/wp\/v2\/pages"}],"about":[{"href":"https:\/\/www.kmgsystems.com\/es\/wp-json\/wp\/v2\/types\/page"}],"author":[{"embeddable":true,"href":"https:\/\/www.kmgsystems.com\/es\/wp-json\/wp\/v2\/users\/1"}],"replies":[{"embeddable":true,"href":"https:\/\/www.kmgsystems.com\/es\/wp-json\/wp\/v2\/comments?post=2359"}],"version-history":[{"count":15,"href":"https:\/\/www.kmgsystems.com\/es\/wp-json\/wp\/v2\/pages\/2359\/revisions"}],"predecessor-version":[{"id":5431,"href":"https:\/\/www.kmgsystems.com\/es\/wp-json\/wp\/v2\/pages\/2359\/revisions\/5431"}],"wp:attachment":[{"href":"https:\/\/www.kmgsystems.com\/es\/wp-json\/wp\/v2\/media?parent=2359"}],"curies":[{"name":"wp","href":"https:\/\/api.w.org\/{rel}","templated":true}]}}