{"id":2362,"date":"2021-12-02T09:49:20","date_gmt":"2021-12-02T09:49:20","guid":{"rendered":"https:\/\/www.kmgsystems.com\/aprendices\/"},"modified":"2023-11-08T17:20:02","modified_gmt":"2023-11-08T17:20:02","slug":"aprendices","status":"publish","type":"page","link":"https:\/\/www.kmgsystems.com\/es\/aprendices\/","title":{"rendered":"Aprendices"},"content":{"rendered":"\n<div class=\"wp-block-columns is-layout-flex wp-container-core-columns-is-layout-9d6595d7 wp-block-columns-is-layout-flex\">\n<div class=\"wp-block-column is-layout-flow wp-block-column-is-layout-flow\">\n<h3 class=\"wp-block-heading\">Aprendizaje en KMG Systems<\/h3>\n\n\n\n<p>\u00bfEs usted trabajador, bueno con los n\u00fameros, pr\u00e1ctico? \u00bfLe gustar\u00eda dedicarse a la ingenier\u00eda?<br\/>KMG Systems Limited es una empresa familiar que fabrica equipos para la industria alimentaria.<\/p>\n\n\n\n<p>\u00bfQu\u00e9 opinan nuestros aprendices de trabajar en KMG? Haga clic <a href=\"https:\/\/www.kmgsystems.com\/es\/testimonios-de-empleados\/\">aqu\u00ed<\/a> para averiguarlo.<\/p>\n\n\n\n<div class=\"wp-block-uagb-call-to-action uagb-block-9d9feedd wp-block-button\"><div class=\"uagb-cta__wrap\"><h3 class=\"uagb-cta__title\">P\u00f3ngase en contacto con nosotros<\/h3><p class=\"uagb-cta__desc\"><br\/>Haga clic en el bot\u00f3n de la derecha para presentar su candidatura y concertar una cita.<\/p><\/div><div class=\"uagb-cta__buttons\"><a href=\"https:\/\/www.kmgsystems.com\/es\/solicitud-de-aprendizaje\/\" class=\"uagb-cta__button-link-wrapper wp-block-button__link\" target=\"_self\" rel=\"noopener noreferrer\">Solicitar aqu\u00ed<\/a><\/div><\/div>\n<\/div>\n\n\n\n<div class=\"wp-block-column is-layout-flow wp-block-column-is-layout-flow\">\n<figure class=\"wp-block-image size-full\"><img loading=\"lazy\" decoding=\"async\" width=\"1200\" height=\"784\" src=\"https:\/\/www.kmgsystems.com\/wp-content\/uploads\/2022\/01\/electric_room2-1.jpg\" alt=\"\" class=\"wp-image-637\" srcset=\"https:\/\/www.kmgsystems.com\/wp-content\/uploads\/2022\/01\/electric_room2-1.jpg 1200w, https:\/\/www.kmgsystems.com\/wp-content\/uploads\/2022\/01\/electric_room2-1-768x502.jpg 768w, https:\/\/www.kmgsystems.com\/wp-content\/uploads\/2022\/01\/electric_room2-1-600x392.jpg 600w, https:\/\/www.kmgsystems.com\/wp-content\/uploads\/2022\/01\/electric_room2-1-918x600.jpg 918w\" sizes=\"auto, (max-width: 1200px) 100vw, 1200px\" \/><\/figure>\n<\/div>\n<\/div>\n\n<div class=\"wp-block-columns is-layout-flex wp-container-core-columns-is-layout-9d6595d7 wp-block-columns-is-layout-flex\">\n<div class=\"wp-block-column is-layout-flow wp-block-column-is-layout-flow\">\n<figure class=\"wp-block-image size-full\"><img loading=\"lazy\" decoding=\"async\" width=\"1012\" height=\"1518\" src=\"https:\/\/www.kmgsystems.com\/wp-content\/uploads\/2022\/11\/KMG-LowRes.gif\" alt=\"\" class=\"wp-image-1069\"><\/figure>\n<\/div>\n\n\n\n<div class=\"wp-block-column is-layout-flow wp-block-column-is-layout-flow\">\n<h3 class=\"wp-block-heading\">Ingenier\u00eda Oportunidades para aprendices<\/h3>\n\n\n\n<p>Formamos aprendices en una amplia gama de competencias de ingenier\u00eda, empezando por una cualificaci\u00f3n de nivel 2 hasta HNC y HND.<\/p>\n\n\n\n<ul class=\"wp-block-list\">\n<li>Soldador fabricante<\/li>\n\n\n\n<li>Operador de l\u00e1ser<\/li>\n\n\n\n<li>Operador de prensa\/programador<\/li>\n\n\n\n<li>Electricista industrial<\/li>\n\n\n\n<li>Ingeniero de ventas<\/li>\n\n\n\n<li>Ingeniero mec\u00e1nico<\/li>\n\n\n\n<li>Dise\u00f1ador<\/li>\n\n\n\n<li>Ingeniero de proyectos<\/li>\n<\/ul>\n<\/div>\n<\/div>\n\n<p><\/p>\n","protected":false},"excerpt":{"rendered":"<p>Aprendizaje en KMG Systems \u00bfEs usted trabajador, bueno con los n\u00fameros, pr\u00e1ctico? \u00bfLe gustar\u00eda dedicarse a la ingenier\u00eda?KMG Systems Limited es una empresa familiar que fabrica equipos para la industria alimentaria. \u00bfQu\u00e9 opinan nuestros aprendices de trabajar en KMG? Haga clic aqu\u00ed para averiguarlo. Ingenier\u00eda Oportunidades para aprendices Formamos aprendices en una amplia gama de [&hellip;]<\/p>\n","protected":false},"author":1,"featured_media":1879,"parent":0,"menu_order":10,"comment_status":"closed","ping_status":"closed","template":"","meta":{"_acf_changed":false,"_uag_custom_page_level_css":"","footnotes":""},"class_list":["post-2362","page","type-page","status-publish","has-post-thumbnail","hentry"],"acf":[],"uagb_featured_image_src":{"full":["https:\/\/www.kmgsystems.com\/wp-content\/uploads\/2022\/01\/electric_room2-1.jpg",1200,784,false],"thumbnail":["https:\/\/www.kmgsystems.com\/wp-content\/uploads\/2022\/01\/electric_room2-1-300x300.jpg",300,300,true],"medium":["https:\/\/www.kmgsystems.com\/wp-content\/uploads\/2022\/01\/electric_room2-1.jpg",1200,784,false],"medium_large":["https:\/\/www.kmgsystems.com\/wp-content\/uploads\/2022\/01\/electric_room2-1-768x502.jpg",768,502,true],"large":["https:\/\/www.kmgsystems.com\/wp-content\/uploads\/2022\/01\/electric_room2-1.jpg",1200,784,false],"1536x1536":["https:\/\/www.kmgsystems.com\/wp-content\/uploads\/2022\/01\/electric_room2-1.jpg",1200,784,false],"2048x2048":["https:\/\/www.kmgsystems.com\/wp-content\/uploads\/2022\/01\/electric_room2-1.jpg",1200,784,false],"machine-browser":["https:\/\/www.kmgsystems.com\/wp-content\/uploads\/2022\/01\/electric_room2-1-600x392.jpg",600,392,true],"system-tabs":["https:\/\/www.kmgsystems.com\/wp-content\/uploads\/2022\/01\/electric_room2-1-600x400.jpg",600,400,true],"max-height-large":["https:\/\/www.kmgsystems.com\/wp-content\/uploads\/2022\/01\/electric_room2-1-918x600.jpg",918,600,true]},"uagb_author_info":{"display_name":"KMG_Admin","author_link":"https:\/\/www.kmgsystems.com\/es\/author\/kmg_admin\/"},"uagb_comment_info":0,"uagb_excerpt":"Aprendizaje en KMG Systems \u00bfEs usted trabajador, bueno con los n\u00fameros, pr\u00e1ctico? \u00bfLe gustar\u00eda dedicarse a la ingenier\u00eda?KMG Systems Limited es una empresa familiar que fabrica equipos para la industria alimentaria. \u00bfQu\u00e9 opinan nuestros aprendices de trabajar en KMG? Haga clic aqu\u00ed para averiguarlo. Ingenier\u00eda Oportunidades para aprendices Formamos aprendices en una amplia gama de&hellip;","_links":{"self":[{"href":"https:\/\/www.kmgsystems.com\/es\/wp-json\/wp\/v2\/pages\/2362","targetHints":{"allow":["GET"]}}],"collection":[{"href":"https:\/\/www.kmgsystems.com\/es\/wp-json\/wp\/v2\/pages"}],"about":[{"href":"https:\/\/www.kmgsystems.com\/es\/wp-json\/wp\/v2\/types\/page"}],"author":[{"embeddable":true,"href":"https:\/\/www.kmgsystems.com\/es\/wp-json\/wp\/v2\/users\/1"}],"replies":[{"embeddable":true,"href":"https:\/\/www.kmgsystems.com\/es\/wp-json\/wp\/v2\/comments?post=2362"}],"version-history":[{"count":6,"href":"https:\/\/www.kmgsystems.com\/es\/wp-json\/wp\/v2\/pages\/2362\/revisions"}],"predecessor-version":[{"id":3447,"href":"https:\/\/www.kmgsystems.com\/es\/wp-json\/wp\/v2\/pages\/2362\/revisions\/3447"}],"wp:featuredmedia":[{"embeddable":true,"href":"https:\/\/www.kmgsystems.com\/es\/wp-json\/wp\/v2\/media\/1879"}],"wp:attachment":[{"href":"https:\/\/www.kmgsystems.com\/es\/wp-json\/wp\/v2\/media?parent=2362"}],"curies":[{"name":"wp","href":"https:\/\/api.w.org\/{rel}","templated":true}]}}