{"id":2374,"date":"2021-12-02T08:07:04","date_gmt":"2021-12-02T08:07:04","guid":{"rendered":"https:\/\/www.kmgsystems.com\/controles-e-integracion\/"},"modified":"2023-04-24T07:30:42","modified_gmt":"2023-04-24T07:30:42","slug":"controles-e-integracion","status":"publish","type":"page","link":"https:\/\/www.kmgsystems.com\/es\/controles-e-integracion\/","title":{"rendered":"Controles e integraci\u00f3n"},"content":{"rendered":"\n<div class=\"wp-block-columns is-layout-flex wp-container-core-columns-is-layout-9d6595d7 wp-block-columns-is-layout-flex\">\n<div class=\"wp-block-column is-layout-flow wp-block-column-is-layout-flow\">\n<p>KMG Systems hace aqu\u00ed honor a su nombre, ya que dise\u00f1a y construye la infraestructura el\u00e9ctrica y programa el control l\u00f3gico y las interfaces de operador utilizando una filosof\u00eda de desarrollo propio. Esto permite la integraci\u00f3n eficaz de todos los componentes dispares de una l\u00ednea de producci\u00f3n. El software y los sistemas de control de KMG garantizan una puesta en servicio y un arranque del sistema sin problemas, mejorando y apoyando la robusta y fiable soluci\u00f3n de transporte de KMG.<\/p>\n\n\n\n<p>Los departamentos internos de electricidad y automatizaci\u00f3n de KMG trabajan a la perfecci\u00f3n con el dise\u00f1o mec\u00e1nico y la fabricaci\u00f3n para garantizar que se cumplan o superen los requisitos de nuestros clientes. Nuestro sistema de control a medida simplifica el funcionamiento de una instalaci\u00f3n compleja y proporciona la informaci\u00f3n que necesita para gestionar, supervisar y evaluar su sistema de transporte las 24 horas del d\u00eda, los 7 d\u00edas de la semana.<\/p>\n<\/div>\n\n\n\n<div class=\"wp-block-column is-layout-flow wp-block-column-is-layout-flow\">\n<figure class=\"wp-block-image size-full\"><img decoding=\"async\" width=\"510\" height=\"370\" src=\"https:\/\/www.kmgsystems.com\/wp-content\/uploads\/2022\/01\/project-bg.jpeg\" alt=\"\" class=\"wp-image-634\"><\/figure><\/div>\n<\/div>\n\n<div class=\"wp-block-columns is-layout-flex wp-container-core-columns-is-layout-9d6595d7 wp-block-columns-is-layout-flex\">\n<div class=\"wp-block-column is-layout-flow wp-block-column-is-layout-flow\">\n<figure class=\"wp-block-image size-full\"><img decoding=\"async\" width=\"1200\" height=\"800\" src=\"https:\/\/www.kmgsystems.com\/wp-content\/uploads\/2022\/01\/grad_cain2-1.jpg\" alt=\"\" class=\"wp-image-646\" srcset=\"https:\/\/www.kmgsystems.com\/wp-content\/uploads\/2022\/01\/grad_cain2-1.jpg 1200w, https:\/\/www.kmgsystems.com\/wp-content\/uploads\/2022\/01\/grad_cain2-1-768x512.jpg 768w, https:\/\/www.kmgsystems.com\/wp-content\/uploads\/2022\/01\/grad_cain2-1-600x400.jpg 600w, https:\/\/www.kmgsystems.com\/wp-content\/uploads\/2022\/01\/grad_cain2-1-900x600.jpg 900w\" sizes=\"(max-width: 1200px) 100vw, 1200px\" \/><\/figure><\/div>\n\n\n\n<div class=\"wp-block-column is-layout-flow wp-block-column-is-layout-flow\">\n<p>Nuestros experimentados programadores han desarrollado soluciones de software intuitivas y con pantalla t\u00e1ctil para nuestros sistemas, que van desde unos pocos transportadores hasta l\u00edneas de producci\u00f3n con m\u00faltiples opciones de condimentaci\u00f3n y grandes sistemas de envasado. Nuestros paneles de control pueden funcionar en una amplia gama de condiciones ambientales, incluidas zonas de lavado o exposici\u00f3n a altas temperaturas ambiente. Los circuitos de seguridad cumplen todas las normas vigentes.<\/p>\n\n\n\n<p>La asistencia previa al proyecto y continua de su sistema constituye la base de unas relaciones duraderas y del valor que ello aporta a todas las partes implicadas.<\/p>\n<\/div>\n<\/div>\n","protected":false},"excerpt":{"rendered":"<p>KMG Systems hace aqu\u00ed honor a su nombre, ya que dise\u00f1a y construye la infraestructura el\u00e9ctrica y programa el control l\u00f3gico y las interfaces de operador utilizando una filosof\u00eda de desarrollo propio. Esto permite la integraci\u00f3n eficaz de todos los componentes dispares de una l\u00ednea de producci\u00f3n. El software y los sistemas de control de [&hellip;]<\/p>\n","protected":false},"author":1,"featured_media":0,"parent":0,"menu_order":16,"comment_status":"closed","ping_status":"closed","template":"","meta":{"_acf_changed":false,"_uag_custom_page_level_css":"","footnotes":""},"class_list":["post-2374","page","type-page","status-publish","hentry"],"acf":[],"uagb_featured_image_src":{"full":false,"thumbnail":false,"medium":false,"medium_large":false,"large":false,"1536x1536":false,"2048x2048":false,"machine-browser":false,"system-tabs":false,"max-height-large":false},"uagb_author_info":{"display_name":"KMG_Admin","author_link":"https:\/\/www.kmgsystems.com\/es\/author\/kmg_admin\/"},"uagb_comment_info":0,"uagb_excerpt":"KMG Systems hace aqu\u00ed honor a su nombre, ya que dise\u00f1a y construye la infraestructura el\u00e9ctrica y programa el control l\u00f3gico y las interfaces de operador utilizando una filosof\u00eda de desarrollo propio. Esto permite la integraci\u00f3n eficaz de todos los componentes dispares de una l\u00ednea de producci\u00f3n. El software y los sistemas de control de&hellip;","_links":{"self":[{"href":"https:\/\/www.kmgsystems.com\/es\/wp-json\/wp\/v2\/pages\/2374","targetHints":{"allow":["GET"]}}],"collection":[{"href":"https:\/\/www.kmgsystems.com\/es\/wp-json\/wp\/v2\/pages"}],"about":[{"href":"https:\/\/www.kmgsystems.com\/es\/wp-json\/wp\/v2\/types\/page"}],"author":[{"embeddable":true,"href":"https:\/\/www.kmgsystems.com\/es\/wp-json\/wp\/v2\/users\/1"}],"replies":[{"embeddable":true,"href":"https:\/\/www.kmgsystems.com\/es\/wp-json\/wp\/v2\/comments?post=2374"}],"version-history":[{"count":4,"href":"https:\/\/www.kmgsystems.com\/es\/wp-json\/wp\/v2\/pages\/2374\/revisions"}],"predecessor-version":[{"id":2393,"href":"https:\/\/www.kmgsystems.com\/es\/wp-json\/wp\/v2\/pages\/2374\/revisions\/2393"}],"wp:attachment":[{"href":"https:\/\/www.kmgsystems.com\/es\/wp-json\/wp\/v2\/media?parent=2374"}],"curies":[{"name":"wp","href":"https:\/\/api.w.org\/{rel}","templated":true}]}}