{"id":2390,"date":"2021-12-02T09:49:40","date_gmt":"2021-12-02T09:49:40","guid":{"rendered":"https:\/\/www.kmgsystems.com\/apoyo-a-nuestra-comunidad\/"},"modified":"2025-07-22T07:01:23","modified_gmt":"2025-07-22T07:01:23","slug":"apoyo-a-nuestra-comunidad","status":"publish","type":"page","link":"https:\/\/www.kmgsystems.com\/es\/apoyar-a-nuestra-comunidad\/","title":{"rendered":"Apoyo a nuestra comunidad"},"content":{"rendered":"\n<div class=\"wp-block-columns is-layout-flex wp-container-core-columns-is-layout-9d6595d7 wp-block-columns-is-layout-flex\">\n<div class=\"wp-block-column is-layout-flow wp-block-column-is-layout-flow\">\n<h2 class=\"wp-block-heading\">Sistemas KMG:<\/h2>\n\n\n\n<h2 class=\"wp-block-heading\">  Apoyo a nuestra Comunidad<\/h2>\n\n\n\n<p><\/p>\n<\/div>\n\n\n\n<div class=\"wp-block-column is-layout-flow wp-block-column-is-layout-flow\">\n<p>Llevamos m\u00e1s de 50 a\u00f1os establecidos en Gamlingay y contamos con m\u00e1s de 180 empleados. Mantenemos estrechos v\u00ednculos con nuestra comunidad y nos enorgullece poder patrocinar equipos y eventos locales. Nuestros empleados participan en equipos deportivos locales, en Potton, Gamlingay, Waresley, Biggleswade y St Neots. Si busca patrocinio para un equipo deportivo con sede en un radio de 16 km de Gamlingay o Biggleswade, p\u00f3ngase en contacto con <a href=\"https:\/\/www.kmgsystems.com\/es\/patrocinio\/\">nosotros aqu\u00ed<\/a>.<\/p>\n<\/div>\n<\/div>\n\n<div class=\"wp-block-uagb-container uagb-block-e2aef8da alignfull uagb-is-root-container\"><div class=\"uagb-container-inner-blocks-wrap\">\n<div class=\"wp-block-uagb-container uagb-block-aa6f4c01\">\n<h2 class=\"wp-block-heading\">Potton Town Cricket Club<\/h2>\n<\/div>\n\n\n\n<div class=\"wp-block-uagb-container uagb-block-1954db85\">\n<div class=\"wp-block-uagb-container uagb-block-76648294\">\n<p>El Club cuenta con dos equipos de adultos los s\u00e1bados y los domingos en una variedad de ligas, con el domingo 2s siendo actualmente un equipo s\u00f3lo amistosos. La formaci\u00f3n de adultos es los jueves de 6 a 8. Existe una floreciente secci\u00f3n juvenil para edades comprendidas entre los 7 y los 13 a\u00f1os, que se entrena los mi\u00e9rcoles por la tarde en el Hollow, detr\u00e1s del campo de f\u00fatbol. Juegan partidos de competici\u00f3n entre semana por la tarde o los domingos, seg\u00fan la edad.<\/p>\n\n\n\n<p>Como parte de nuestro apoyo a la comunidad, KMG se enorgullece de patrocinar <a href=\"https:\/\/pottontown.play-cricket.com\/home\" target=\"_blank\" rel=\"noopener\">Potton CC<\/a>.<\/p>\n<\/div>\n\n\n\n<div class=\"wp-block-uagb-container uagb-block-df9513d0\">\n<figure class=\"wp-block-image size-full\"><img loading=\"lazy\" decoding=\"async\" width=\"510\" height=\"370\" src=\"https:\/\/www.kmgsystems.com\/wp-content\/uploads\/2023\/05\/Cricket-1.jpg\" alt=\"comunidad\" class=\"wp-image-2814\"\/><\/figure>\n<\/div>\n<\/div>\n<\/div><\/div>\n\n<div class=\"wp-block-uagb-container uagb-block-d34f84c4 alignfull uagb-is-root-container\"><div class=\"uagb-container-inner-blocks-wrap\">\n<div class=\"wp-block-uagb-container uagb-block-10cfe2d5\">\n<h2 class=\"wp-block-heading\">Biggleswade RUFC<\/h2>\n<\/div>\n\n\n\n<div class=\"wp-block-uagb-container uagb-block-58b042d0\">\n<div class=\"wp-block-uagb-container uagb-block-560acee0\">\n<figure class=\"wp-block-image size-full\"><img loading=\"lazy\" decoding=\"async\" width=\"822\" height=\"392\" src=\"https:\/\/www.kmgsystems.com\/wp-content\/uploads\/2023\/05\/Muddy.jpg\" alt=\"\" class=\"wp-image-2832\" srcset=\"https:\/\/www.kmgsystems.com\/wp-content\/uploads\/2023\/05\/Muddy.jpg 822w, https:\/\/www.kmgsystems.com\/wp-content\/uploads\/2023\/05\/Muddy-768x366.jpg 768w, https:\/\/www.kmgsystems.com\/wp-content\/uploads\/2023\/05\/Muddy-600x286.jpg 600w\" sizes=\"auto, (max-width: 822px) 100vw, 822px\" \/><\/figure>\n<\/div>\n\n\n\n<div class=\"wp-block-uagb-container uagb-block-21857585\">\n<p>El Bigglewade RUFC cuenta con tres equipos masculinos, uno femenino y catorce juveniles, adem\u00e1s de un equipo de veteranos.<\/p>\n\n\n\n<p>Adem\u00e1s de las sesiones de entrenamiento habituales, el club organiza sesiones de entrenamiento conjuntas para hombres y mujeres, que incluyen partidos de toque r\u00e1pido, ejercicios de ataque, trabajo de fuerza y ensayos de equipo.<\/p>\n\n\n\n<p>Como parte de nuestro apoyo a la comunidad, KMG se enorgullece de patrocinar Biggleswade RUFC<\/p>\n<\/div>\n<\/div>\n<\/div><\/div>\n\n<div class=\"wp-block-uagb-container uagb-block-5f1b1a6e alignfull uagb-is-root-container\"><div class=\"uagb-container-inner-blocks-wrap\">\n<div class=\"wp-block-uagb-container uagb-block-4ae829df\">\n<h2 class=\"wp-block-heading\">Club de cr\u00edquet Waresley<\/h2>\n<\/div>\n\n\n\n<div class=\"wp-block-uagb-container uagb-block-8f362e31\">\n<div class=\"wp-block-uagb-container uagb-block-f9cae37c\">\n<p><a href=\"https:\/\/waresley.play-cricket.com\/home\" target=\"_blank\" rel=\"noopener\">El Waresley Cricket Club<\/a> cuenta con dos equipos los s\u00e1bados, un equipo los domingos y un equipo de desarrollo. El primer equipo del s\u00e1bado jugar\u00e1 en la Onyx Hunts &amp; Cambs League Premier Division 2 tras haber ascendido como campeones de la Onyx Division 3 en 2024. El equipo dominical tambi\u00e9n ascendi\u00f3 en 2024.  <\/p>\n\n\n\n<p>El club fomenta el cr\u00edquet desde los 4 a los 15 a\u00f1os, con unos 140 ni\u00f1os (chicos y chicas) que participan en 7 equipos que compiten en todos los grupos de edad, desde los menores de 9 a\u00f1os hasta los menores de 15 a\u00f1os.  <\/p>\n\n\n\n<p>El club est\u00e1 comprometido con la inclusi\u00f3n y acoge a miembros de todas las capacidades, identidades de g\u00e9nero, razas y or\u00edgenes neurodiversos. Estamos orgullosos de apoyar la pasi\u00f3n de todos por el cr\u00edquet, sin excepci\u00f3n.<\/p>\n\n\n\n<p>Si eres nuevo en la zona o est\u00e1s pensando en iniciarte en el gran deporte del cr\u00edquet, ser\u00e1s bienvenido a cualquiera de nuestras sesiones de red: para los mayores, los jueves por la tarde; para los potros, los viernes por la tarde.  <\/p>\n\n\n\n<p>Como parte de nuestro apoyo a la comunidad, KMG se enorgullece de patrocinar el Waresley Cricket Club.<\/p>\n<\/div>\n\n\n\n<div class=\"wp-block-uagb-container uagb-block-4abe7304\">\n<figure class=\"wp-block-image size-full\"><img loading=\"lazy\" decoding=\"async\" width=\"606\" height=\"282\" src=\"https:\/\/www.kmgsystems.com\/wp-content\/uploads\/2023\/05\/WaresleyCC.png\" alt=\"\" class=\"wp-image-2805\" srcset=\"https:\/\/www.kmgsystems.com\/wp-content\/uploads\/2023\/05\/WaresleyCC.png 606w, https:\/\/www.kmgsystems.com\/wp-content\/uploads\/2023\/05\/WaresleyCC-600x279.png 600w\" sizes=\"auto, (max-width: 606px) 100vw, 606px\" \/><\/figure>\n<\/div>\n<\/div>\n<\/div><\/div>\n\n<div class=\"wp-block-uagb-container uagb-block-57e36cc5 alignfull uagb-is-root-container\"><div class=\"uagb-container-inner-blocks-wrap\">\n<div class=\"wp-block-uagb-container uagb-block-ab3fc262\">\n<h2 class=\"wp-block-heading\">Gamlingay United FC<\/h2>\n<\/div>\n\n\n\n<div class=\"wp-block-uagb-container uagb-block-cbf92963\">\n<div class=\"wp-block-uagb-container uagb-block-e199249c\">\n<figure class=\"wp-block-image size-full\"><img loading=\"lazy\" decoding=\"async\" width=\"510\" height=\"370\" src=\"https:\/\/www.kmgsystems.com\/wp-content\/uploads\/2023\/05\/GamlingayFC.jpg\" alt=\"\" class=\"wp-image-2807\"><\/figure>\n<\/div>\n\n\n\n<div class=\"wp-block-uagb-container uagb-block-db7196aa\">\n<p>Gamlingay es uno de los clubes m\u00e1s longevos de la Cambs League, ya que s\u00f3lo se ha perdido dos temporadas desde que se cre\u00f3 la liga en 1921. Cuando se form\u00f3 por primera vez en 1902, el club jug\u00f3 amistosos locales antes de entrar en la Biggleswade &amp; District League y en la Cambs Junior League.  <\/p>\n\n\n\n<p>Adem\u00e1s de un primer equipo masculino, reservas y veteranos, el club cuenta con 8 equipos juveniles. Los partidos del primer equipo se juegan los s\u00e1bados por la tarde.  <\/p>\n\n\n\n<p>Como parte de nuestro apoyo a la comunidad, KMG se enorgullece de patrocinar al Gamlingay United FC.<\/p>\n<\/div>\n<\/div>\n<\/div><\/div>\n\n<div class=\"wp-block-uagb-container uagb-block-7367c71e alignfull uagb-is-root-container\"><div class=\"uagb-container-inner-blocks-wrap\">\n<div class=\"wp-block-uagb-container uagb-block-ec351ff9\">\n<h2 class=\"wp-block-heading\">St Neots Ladies RFC<\/h2>\n<\/div>\n\n\n\n<div class=\"wp-block-uagb-container uagb-block-e2c5664b\">\n<div class=\"wp-block-uagb-container uagb-block-f2e2be23\">\n<p>Las St Neots Ladies se enorgullecen de ser amistosas, acogedoras y de poner el disfrute del deporte para todos en lo m\u00e1s alto de la lista de prioridades. Entre nuestros miembros hay se\u00f1oras que han jugado en la universidad y en el condado, as\u00ed como otras que nunca se han puesto un par de botas. El equipo ha crecido a pasos agigantados desde que su actual directora, Beth Robinson, form\u00f3 la primera plantilla en 2016.<\/p>\n\n\n\n<p>Ahora con m\u00e1s de 30 miembros, las damas lograron un satisfactorio 2do lugar en el nivel superior despu\u00e9s de la promoci\u00f3n (y las interrupciones de covid) para 2021\/22. La fuerza y la profundidad del equipo siguen creciendo a medida que damos la bienvenida a nuevos jugadores y somos capaces de alinear un equipo y un banquillo completos. La temporada 2022\/23 ver\u00e1 a las Damas compitiendo en NC2 Midlands (Central), entusiasmadas por enfrentarse tanto a viejos rivales como a nuevos oponentes tras la remodelaci\u00f3n de la zona.<\/p>\n<\/div>\n\n\n\n<div class=\"wp-block-uagb-container uagb-block-17e4f650\">\n<figure class=\"wp-block-image size-full\"><img loading=\"lazy\" decoding=\"async\" width=\"656\" height=\"363\" src=\"https:\/\/www.kmgsystems.com\/wp-content\/uploads\/2023\/05\/StNeotsladies.gif\" alt=\"\" class=\"wp-image-2792\"><\/figure>\n\n\n\n<p><\/p>\n<\/div>\n<\/div>\n<\/div><\/div>\n\n<div class=\"wp-block-uagb-container uagb-block-06901c18 alignfull uagb-is-root-container\"><div class=\"uagb-container-inner-blocks-wrap\">\n<div class=\"wp-block-uagb-container uagb-block-8467388f\">\n<h2 class=\"wp-block-heading\">Club de f\u00fatbol George &amp; Dragon<\/h2>\n<\/div>\n\n\n\n<div class=\"wp-block-uagb-container uagb-block-9c08371b\">\n<div class=\"wp-block-uagb-container uagb-block-d97028a2\">\n<p>El George &amp; Dragon FC, que representa con orgullo al pub George &amp; Dragon de Great North Road en Eaton Socon, St Neots, ha dejado r\u00e1pidamente su huella en la escena futbol\u00edstica local desde su formaci\u00f3n en 2023. En poco tiempo, el equipo se ha forjado una reputaci\u00f3n de pasi\u00f3n, garra y esp\u00edritu competitivo. Coronado campe\u00f3n de la Copa del Condado de Hunts en 2023 y de la Copa del Condado de Beds en 2025, tambi\u00e9n ha luchado constantemente por el \u00e9xito en la liga, quedando subcampe\u00f3n dos veces en la Divisi\u00f3n 2 de Cambridgeshire y m\u00e1s recientemente en la Divisi\u00f3n 4 de Bedfordshire. Con fuertes ra\u00edces en la comunidad y grandes ambiciones en el terreno de juego, el George &amp; Dragon FC sigue creciendo con fuerza\u00bb.<\/p>\n<\/div>\n\n\n\n<div class=\"wp-block-uagb-container uagb-block-0051ce52\">\n<figure class=\"wp-block-image size-full\"><img loading=\"lazy\" decoding=\"async\" width=\"1417\" height=\"901\" src=\"https:\/\/www.kmgsystems.com\/wp-content\/uploads\/2025\/07\/George-and-Dragon.png\" alt=\"\" class=\"wp-image-4841\" srcset=\"https:\/\/www.kmgsystems.com\/wp-content\/uploads\/2025\/07\/George-and-Dragon.png 1417w, https:\/\/www.kmgsystems.com\/wp-content\/uploads\/2025\/07\/George-and-Dragon-768x488.png 768w, https:\/\/www.kmgsystems.com\/wp-content\/uploads\/2025\/07\/George-and-Dragon-600x382.png 600w, https:\/\/www.kmgsystems.com\/wp-content\/uploads\/2025\/07\/George-and-Dragon-944x600.png 944w\" sizes=\"auto, (max-width: 1417px) 100vw, 1417px\" \/><\/figure>\n<\/div>\n<\/div>\n<\/div><\/div>\n","protected":false},"excerpt":{"rendered":"<p>Sistemas KMG: Apoyo a nuestra Comunidad Llevamos m\u00e1s de 50 a\u00f1os establecidos en Gamlingay y contamos con m\u00e1s de 180 empleados. Mantenemos estrechos v\u00ednculos con nuestra comunidad y nos enorgullece poder patrocinar equipos y eventos locales. Nuestros empleados participan en equipos deportivos locales, en Potton, Gamlingay, Waresley, Biggleswade y St Neots. Si busca patrocinio para [&hellip;]<\/p>\n","protected":false},"author":9,"featured_media":2798,"parent":0,"menu_order":7,"comment_status":"closed","ping_status":"closed","template":"","meta":{"_acf_changed":false,"_uag_custom_page_level_css":"","footnotes":""},"class_list":["post-2390","page","type-page","status-publish","has-post-thumbnail","hentry"],"acf":[],"uagb_featured_image_src":{"full":["https:\/\/www.kmgsystems.com\/wp-content\/uploads\/2023\/05\/Cricket.jpg",510,370,false],"thumbnail":["https:\/\/www.kmgsystems.com\/wp-content\/uploads\/2023\/05\/Cricket-300x300.jpg",300,300,true],"medium":["https:\/\/www.kmgsystems.com\/wp-content\/uploads\/2023\/05\/Cricket.jpg",510,370,false],"medium_large":["https:\/\/www.kmgsystems.com\/wp-content\/uploads\/2023\/05\/Cricket.jpg",510,370,false],"large":["https:\/\/www.kmgsystems.com\/wp-content\/uploads\/2023\/05\/Cricket.jpg",510,370,false],"1536x1536":["https:\/\/www.kmgsystems.com\/wp-content\/uploads\/2023\/05\/Cricket.jpg",510,370,false],"2048x2048":["https:\/\/www.kmgsystems.com\/wp-content\/uploads\/2023\/05\/Cricket.jpg",510,370,false],"machine-browser":["https:\/\/www.kmgsystems.com\/wp-content\/uploads\/2023\/05\/Cricket.jpg",510,370,false],"system-tabs":["https:\/\/www.kmgsystems.com\/wp-content\/uploads\/2023\/05\/Cricket.jpg",510,370,false],"max-height-large":["https:\/\/www.kmgsystems.com\/wp-content\/uploads\/2023\/05\/Cricket.jpg",510,370,false]},"uagb_author_info":{"display_name":"Helen Weatherley","author_link":"https:\/\/www.kmgsystems.com\/es\/author\/helen\/"},"uagb_comment_info":0,"uagb_excerpt":"Sistemas KMG: Apoyo a nuestra Comunidad Llevamos m\u00e1s de 50 a\u00f1os establecidos en Gamlingay y contamos con m\u00e1s de 180 empleados. Mantenemos estrechos v\u00ednculos con nuestra comunidad y nos enorgullece poder patrocinar equipos y eventos locales. Nuestros empleados participan en equipos deportivos locales, en Potton, Gamlingay, Waresley, Biggleswade y St Neots. Si busca patrocinio para&hellip;","_links":{"self":[{"href":"https:\/\/www.kmgsystems.com\/es\/wp-json\/wp\/v2\/pages\/2390","targetHints":{"allow":["GET"]}}],"collection":[{"href":"https:\/\/www.kmgsystems.com\/es\/wp-json\/wp\/v2\/pages"}],"about":[{"href":"https:\/\/www.kmgsystems.com\/es\/wp-json\/wp\/v2\/types\/page"}],"author":[{"embeddable":true,"href":"https:\/\/www.kmgsystems.com\/es\/wp-json\/wp\/v2\/users\/9"}],"replies":[{"embeddable":true,"href":"https:\/\/www.kmgsystems.com\/es\/wp-json\/wp\/v2\/comments?post=2390"}],"version-history":[{"count":35,"href":"https:\/\/www.kmgsystems.com\/es\/wp-json\/wp\/v2\/pages\/2390\/revisions"}],"predecessor-version":[{"id":4860,"href":"https:\/\/www.kmgsystems.com\/es\/wp-json\/wp\/v2\/pages\/2390\/revisions\/4860"}],"wp:featuredmedia":[{"embeddable":true,"href":"https:\/\/www.kmgsystems.com\/es\/wp-json\/wp\/v2\/media\/2798"}],"wp:attachment":[{"href":"https:\/\/www.kmgsystems.com\/es\/wp-json\/wp\/v2\/media?parent=2390"}],"curies":[{"name":"wp","href":"https:\/\/api.w.org\/{rel}","templated":true}]}}