{"id":2412,"date":"2022-11-12T08:40:15","date_gmt":"2022-11-12T08:40:15","guid":{"rendered":"https:\/\/www.kmgsystems.com\/testimonios-de-empleados\/"},"modified":"2025-04-22T08:09:13","modified_gmt":"2025-04-22T08:09:13","slug":"testimonios-de-empleados","status":"publish","type":"page","link":"https:\/\/www.kmgsystems.com\/es\/testimonios-de-empleados\/","title":{"rendered":"Progreso de los empleados en KMG"},"content":{"rendered":"\n<div class=\"wp-block-uagb-container uagb-block-4c0b1f39 alignfull uagb-is-root-container\"><div class=\"uagb-container-inner-blocks-wrap\">\n<div class=\"wp-block-uagb-container uagb-block-7bf74f41\">\n<figure class=\"wp-block-image size-full\"><img loading=\"lazy\" decoding=\"async\" width=\"1744\" height=\"2560\" src=\"https:\/\/www.kmgsystems.com\/wp-content\/uploads\/2022\/11\/1-scaled.jpg\" alt=\"\" class=\"wp-image-947\" srcset=\"https:\/\/www.kmgsystems.com\/wp-content\/uploads\/2022\/11\/1-scaled.jpg 1744w, https:\/\/www.kmgsystems.com\/wp-content\/uploads\/2022\/11\/1-768x1127.jpg 768w, https:\/\/www.kmgsystems.com\/wp-content\/uploads\/2022\/11\/1-1046x1536.jpg 1046w, https:\/\/www.kmgsystems.com\/wp-content\/uploads\/2022\/11\/1-1395x2048.jpg 1395w, https:\/\/www.kmgsystems.com\/wp-content\/uploads\/2022\/11\/1-272x400.jpg 272w, https:\/\/www.kmgsystems.com\/wp-content\/uploads\/2022\/11\/1-409x600.jpg 409w\" sizes=\"auto, (max-width: 1744px) 100vw, 1744px\" \/><\/figure>\n<\/div>\n\n\n\n<div class=\"wp-block-uagb-container uagb-block-549ef92b\">\n<h5 class=\"wp-block-heading\">H\u00e1bleme de sus progresos en KMG<\/h5>\n\n\n\n<p><em>Empec\u00e9 hace 15 a\u00f1os en las tiendas. Al cabo de un a\u00f1o pas\u00e9 a fabricar imanes y aprend\u00ed a soldar. Tengo talento para la soldadura, as\u00ed que pas\u00e9 a soldar bidones de sazonador, y luego aprend\u00ed a ser fabricante. Ahora estoy a cargo del departamento de prensas de freno.  <\/em><\/p>\n\n\n\n<h5 class=\"wp-block-heading\">\u00bfQu\u00e9 le gusta de KMG?<\/h5>\n\n\n\n<p><em>Oportunidades para progresar y aprender. Me siento orgulloso de que los bidones que sueldo se utilicen en sistemas de condimentaci\u00f3n de aperitivos de todo el mundo.<\/em><\/p>\n<\/div>\n<\/div><\/div>\n\n<hr class=\"wp-block-separator has-text-color has-kmg-secondary-color has-alpha-channel-opacity has-kmg-secondary-background-color has-background is-style-wide\"\/>\n\n<div class=\"wp-block-columns is-layout-flex wp-container-core-columns-is-layout-9d6595d7 wp-block-columns-is-layout-flex\">\n<div class=\"wp-block-column is-vertically-aligned-center is-layout-flow wp-block-column-is-layout-flow\" style=\"flex-basis:30%\">\n<figure class=\"wp-block-image size-full is-style-default\"><img loading=\"lazy\" decoding=\"async\" width=\"2560\" height=\"2123\" src=\"https:\/\/www.kmgsystems.com\/wp-content\/uploads\/2022\/11\/2-scaled.jpg\" alt=\"\" class=\"wp-image-948\" srcset=\"https:\/\/www.kmgsystems.com\/wp-content\/uploads\/2022\/11\/2-scaled.jpg 2560w, https:\/\/www.kmgsystems.com\/wp-content\/uploads\/2022\/11\/2-768x637.jpg 768w, https:\/\/www.kmgsystems.com\/wp-content\/uploads\/2022\/11\/2-1536x1274.jpg 1536w, https:\/\/www.kmgsystems.com\/wp-content\/uploads\/2022\/11\/2-2048x1698.jpg 2048w, https:\/\/www.kmgsystems.com\/wp-content\/uploads\/2022\/11\/2-482x400.jpg 482w, https:\/\/www.kmgsystems.com\/wp-content\/uploads\/2022\/11\/2-723x600.jpg 723w\" sizes=\"auto, (max-width: 2560px) 100vw, 2560px\" \/><\/figure>\n<\/div>\n\n\n\n<div class=\"wp-block-column is-vertically-aligned-center is-layout-flow wp-block-column-is-layout-flow\">\n<h5 class=\"wp-block-heading\">H\u00e1bleme de sus progresos en KMG<\/h5>\n\n\n\n<blockquote class=\"wp-block-quote is-layout-flow wp-block-quote-is-layout-flow\">\n<p><em>Entr\u00e9 como aprendiz hace 8 a\u00f1os y ahora soy soldador fabricante  <\/em><\/p>\n<\/blockquote>\n\n\n\n<h5 class=\"wp-block-heading\">\u00bfQu\u00e9 le gusta de KMG?<\/h5>\n\n\n\n<blockquote class=\"wp-block-quote has-text-align-left is-layout-flow wp-block-quote-is-layout-flow\">\n<p><em>Poder hacerlo todo. He trabajado en el taller de montaje, en el l\u00e1ser, en la oficina de dise\u00f1o, he estado in situ. Disfruto con la fabricaci\u00f3n y me gusta la variedad. Veo un buen futuro para m\u00ed aqu\u00ed.  <\/em><\/p>\n<\/blockquote>\n<\/div>\n<\/div>\n\n<hr class=\"wp-block-separator has-text-color has-kmg-secondary-color has-alpha-channel-opacity has-kmg-secondary-background-color has-background is-style-wide\"\/>\n\n<div class=\"wp-block-columns is-layout-flex wp-container-core-columns-is-layout-9d6595d7 wp-block-columns-is-layout-flex\">\n<div class=\"wp-block-column is-vertically-aligned-center is-layout-flow wp-block-column-is-layout-flow\" style=\"flex-basis:30%\">\n<figure class=\"wp-block-image size-full is-style-default\"><img loading=\"lazy\" decoding=\"async\" width=\"2560\" height=\"1731\" src=\"https:\/\/www.kmgsystems.com\/wp-content\/uploads\/2022\/11\/5-scaled.jpg\" alt=\"\" class=\"wp-image-951\" srcset=\"https:\/\/www.kmgsystems.com\/wp-content\/uploads\/2022\/11\/5-scaled.jpg 2560w, https:\/\/www.kmgsystems.com\/wp-content\/uploads\/2022\/11\/5-768x519.jpg 768w, https:\/\/www.kmgsystems.com\/wp-content\/uploads\/2022\/11\/5-1536x1038.jpg 1536w, https:\/\/www.kmgsystems.com\/wp-content\/uploads\/2022\/11\/5-2048x1384.jpg 2048w, https:\/\/www.kmgsystems.com\/wp-content\/uploads\/2022\/11\/5-592x400.jpg 592w, https:\/\/www.kmgsystems.com\/wp-content\/uploads\/2022\/11\/5-888x600.jpg 888w\" sizes=\"auto, (max-width: 2560px) 100vw, 2560px\" \/><\/figure>\n<\/div>\n\n\n\n<div class=\"wp-block-column is-vertically-aligned-center is-layout-flow wp-block-column-is-layout-flow\">\n<h5 class=\"wp-block-heading\">H\u00e1bleme de sus progresos en KMG<\/h5>\n\n\n\n<blockquote class=\"wp-block-quote is-layout-flow wp-block-quote-is-layout-flow\">\n<p><em>Entr\u00e9 hace 13 a\u00f1os como aprendiz y ahora soy soldador en el departamento de trabajos ligeros.<\/em><\/p>\n<\/blockquote>\n\n\n\n<h5 class=\"wp-block-heading\">\u00bfQu\u00e9 le gusta de KMG?<\/h5>\n\n\n\n<blockquote class=\"wp-block-quote has-text-align-left is-layout-flow wp-block-quote-is-layout-flow\">\n<p><em>Eso es f\u00e1cil de responder. Buen personal, puntualidad en los pagos, buenas instalaciones y equipos: bonitas mesas de fabricaci\u00f3n y nuevos equipos de soldadura. Buen dinero. Buena variedad de trabajo.  <\/em><\/p>\n\n\n\n<div class=\"wp-block-uagb-call-to-action uagb-block-5d0ed68d wp-block-button\"><div class=\"uagb-cta__wrap\"><h3 class=\"uagb-cta__title\">\u00danete a KMG<\/h3><p class=\"uagb-cta__desc\">Somos una empresa activa y en crecimiento y nos gustar\u00eda ampliar nuestro equipo. Eche un vistazo a nuestra p\u00e1gina de empleo.  <\/p><\/div><div class=\"uagb-cta__buttons\"><a href=\"https:\/\/www.kmgsystems.com\/es\/empleos\/\" class=\"uagb-cta__button-link-wrapper wp-block-button__link\" target=\"_self\" rel=\"noopener noreferrer\">P\u00e1gina de empleo<\/a><\/div><\/div>\n<\/blockquote>\n<\/div>\n<\/div>\n\n<hr class=\"wp-block-separator has-text-color has-kmg-secondary-color has-alpha-channel-opacity has-kmg-secondary-background-color has-background is-style-wide\"\/>\n\n<div class=\"wp-block-columns is-layout-flex wp-container-core-columns-is-layout-9d6595d7 wp-block-columns-is-layout-flex\">\n<div class=\"wp-block-column is-vertically-aligned-center is-layout-flow wp-block-column-is-layout-flow\" style=\"flex-basis:30%\">\n<figure class=\"wp-block-image size-full is-style-default\"><img loading=\"lazy\" decoding=\"async\" width=\"2367\" height=\"2560\" src=\"https:\/\/www.kmgsystems.com\/wp-content\/uploads\/2022\/11\/6-scaled.jpg\" alt=\"\" class=\"wp-image-952\" srcset=\"https:\/\/www.kmgsystems.com\/wp-content\/uploads\/2022\/11\/6-scaled.jpg 2367w, https:\/\/www.kmgsystems.com\/wp-content\/uploads\/2022\/11\/6-768x831.jpg 768w, https:\/\/www.kmgsystems.com\/wp-content\/uploads\/2022\/11\/6-1420x1536.jpg 1420w, https:\/\/www.kmgsystems.com\/wp-content\/uploads\/2022\/11\/6-1894x2048.jpg 1894w, https:\/\/www.kmgsystems.com\/wp-content\/uploads\/2022\/11\/6-370x400.jpg 370w, https:\/\/www.kmgsystems.com\/wp-content\/uploads\/2022\/11\/6-555x600.jpg 555w\" sizes=\"auto, (max-width: 2367px) 100vw, 2367px\" \/><\/figure>\n<\/div>\n\n\n\n<div class=\"wp-block-column is-vertically-aligned-center is-layout-flow wp-block-column-is-layout-flow\">\n<h5 class=\"wp-block-heading\">H\u00e1bleme de sus progresos en KMG<\/h5>\n\n\n\n<blockquote class=\"wp-block-quote is-layout-flow wp-block-quote-is-layout-flow\">\n<p><em>Entr\u00e9 hace 10 a\u00f1os como pe\u00f3n y luego hice aqu\u00ed mi aprendizaje de Ingenier\u00eda El\u00e9ctrica, ahora dirijo este departamento.  <\/em><\/p>\n<\/blockquote>\n\n\n\n<h5 class=\"wp-block-heading\">\u00bfQu\u00e9 le gusta de KMG?<\/h5>\n\n\n\n<blockquote class=\"wp-block-quote has-text-align-left is-layout-flow wp-block-quote-is-layout-flow\">\n<p><em>Es una empresa familiar y un entorno agradable, con muchas oportunidades. A medida que la empresa ha ido creciendo, el departamento ha crecido y mis competencias se han desarrollado. Todos hemos crecido juntos.<\/em><\/p>\n<\/blockquote>\n<\/div>\n<\/div>\n\n<hr class=\"wp-block-separator has-text-color has-kmg-secondary-color has-alpha-channel-opacity has-kmg-secondary-background-color has-background is-style-default\"\/>\n\n<div class=\"wp-block-columns is-layout-flex wp-container-core-columns-is-layout-9d6595d7 wp-block-columns-is-layout-flex\" id=\"testimonial_projects\">\n<div class=\"wp-block-column is-vertically-aligned-center is-layout-flow wp-block-column-is-layout-flow\" style=\"flex-basis:30%\"><\/div>\n<\/div>\n\n<div class=\"wp-block-columns is-layout-flex wp-container-core-columns-is-layout-9d6595d7 wp-block-columns-is-layout-flex\">\n<div class=\"wp-block-column is-vertically-aligned-center is-layout-flow wp-block-column-is-layout-flow\" style=\"flex-basis:30%\">\n<figure class=\"wp-block-image size-full is-style-default\"><img loading=\"lazy\" decoding=\"async\" width=\"1643\" height=\"2560\" src=\"https:\/\/www.kmgsystems.com\/wp-content\/uploads\/2022\/11\/8-scaled.jpg\" alt=\"\" class=\"wp-image-955\" srcset=\"https:\/\/www.kmgsystems.com\/wp-content\/uploads\/2022\/11\/8-scaled.jpg 1643w, https:\/\/www.kmgsystems.com\/wp-content\/uploads\/2022\/11\/8-768x1197.jpg 768w, https:\/\/www.kmgsystems.com\/wp-content\/uploads\/2022\/11\/8-986x1536.jpg 986w, https:\/\/www.kmgsystems.com\/wp-content\/uploads\/2022\/11\/8-1314x2048.jpg 1314w, https:\/\/www.kmgsystems.com\/wp-content\/uploads\/2022\/11\/8-257x400.jpg 257w, https:\/\/www.kmgsystems.com\/wp-content\/uploads\/2022\/11\/8-385x600.jpg 385w\" sizes=\"auto, (max-width: 1643px) 100vw, 1643px\" \/><\/figure>\n<\/div>\n\n\n\n<div class=\"wp-block-column is-vertically-aligned-center is-layout-flow wp-block-column-is-layout-flow\">\n<h5 class=\"wp-block-heading\">H\u00e1bleme de sus progresos en KMG<\/h5>\n\n\n\n<blockquote class=\"wp-block-quote is-layout-flow wp-block-quote-is-layout-flow\">\n<p><em>Me incorpor\u00e9 hace 25 a\u00f1os como ingeniero de desarrollo y mi capacidad y asiduidad fueron reconocidas por el resto de la empresa. A lo largo de los a\u00f1os he pasado de ingeniero de proyectos a director de proyectos, y ahora soy director regional de ingenier\u00eda.  <\/em><\/p>\n<\/blockquote>\n\n\n\n<h5 class=\"wp-block-heading\">\u00bfQu\u00e9 le gusta de KMG?<\/h5>\n\n\n\n<blockquote class=\"wp-block-quote has-text-align-left is-layout-flow wp-block-quote-is-layout-flow\">\n<p><em>Mucha autonom\u00eda. Quiero entregar un proyecto perfecto, desde el dise\u00f1o hasta la puesta en marcha, pasando por la construcci\u00f3n y el software de automatizaci\u00f3n. Es un lugar interesante para trabajar y disfruto tanto con los clientes como con los compa\u00f1eros. Creo en el cumplimiento estricto de las normas, pero KMG ofrece espacio para la creatividad con el fin de garantizar el mejor resultado posible para los proyectos.<\/em><\/p>\n<\/blockquote>\n<\/div>\n<\/div>\n\n<hr class=\"wp-block-separator has-text-color has-kmg-secondary-color has-alpha-channel-opacity has-kmg-secondary-background-color has-background is-style-wide\"\/>\n\n<div class=\"wp-block-columns is-layout-flex wp-container-core-columns-is-layout-9d6595d7 wp-block-columns-is-layout-flex\">\n<div class=\"wp-block-column is-vertically-aligned-center is-layout-flow wp-block-column-is-layout-flow\" style=\"flex-basis:30%\">\n<figure class=\"wp-block-image size-full is-style-default\"><img loading=\"lazy\" decoding=\"async\" width=\"1707\" height=\"2560\" src=\"https:\/\/www.kmgsystems.com\/wp-content\/uploads\/2022\/11\/9-scaled.jpg\" alt=\"\" class=\"wp-image-956\" srcset=\"https:\/\/www.kmgsystems.com\/wp-content\/uploads\/2022\/11\/9-scaled.jpg 1707w, https:\/\/www.kmgsystems.com\/wp-content\/uploads\/2022\/11\/9-768x1152.jpg 768w, https:\/\/www.kmgsystems.com\/wp-content\/uploads\/2022\/11\/9-1024x1536.jpg 1024w, https:\/\/www.kmgsystems.com\/wp-content\/uploads\/2022\/11\/9-1365x2048.jpg 1365w, https:\/\/www.kmgsystems.com\/wp-content\/uploads\/2022\/11\/9-267x400.jpg 267w, https:\/\/www.kmgsystems.com\/wp-content\/uploads\/2022\/11\/9-400x600.jpg 400w\" sizes=\"auto, (max-width: 1707px) 100vw, 1707px\" \/><\/figure>\n<\/div>\n\n\n\n<div class=\"wp-block-column is-vertically-aligned-center is-layout-flow wp-block-column-is-layout-flow\">\n<h5 class=\"wp-block-heading\">H\u00e1bleme de sus progresos en KMG<\/h5>\n\n\n\n<blockquote class=\"wp-block-quote is-layout-flow wp-block-quote-is-layout-flow\">\n<p><em>Empec\u00e9 hace 25 a\u00f1os como soldador, ascend\u00ed a jefe de producci\u00f3n y ahora soy jefe de operaciones.<\/em><\/p>\n<\/blockquote>\n\n\n\n<h5 class=\"wp-block-heading\">\u00bfQu\u00e9 le gusta de KMG?<\/h5>\n\n\n\n<blockquote class=\"wp-block-quote has-text-align-left is-layout-flow wp-block-quote-is-layout-flow\">\n<p><em>Es una empresa familiar en la que la gente quiere trabajar en equipo por un mismo objetivo. Me gusta formar parte de una empresa de \u00e9xito en crecimiento y participar en el desarrollo del negocio. Formar a los j\u00f3venes y hacer pr\u00e1cticas ha sido muy bueno para la empresa y me gusta verlos desarrollarse y crecer.<\/em><\/p>\n<\/blockquote>\n<\/div>\n<\/div>\n\n<hr class=\"wp-block-separator has-text-color has-kmg-secondary-color has-alpha-channel-opacity has-kmg-secondary-background-color has-background is-style-wide\"\/>\n\n<div class=\"wp-block-columns is-layout-flex wp-container-core-columns-is-layout-9d6595d7 wp-block-columns-is-layout-flex\" id=\"testimonial_designers\">\n<div class=\"wp-block-column is-vertically-aligned-center is-layout-flow wp-block-column-is-layout-flow\" style=\"flex-basis:30%\">\n<figure class=\"wp-block-image size-full is-style-default\"><img loading=\"lazy\" decoding=\"async\" width=\"2560\" height=\"1707\" src=\"https:\/\/www.kmgsystems.com\/wp-content\/uploads\/2022\/11\/10-scaled.jpg\" alt=\"\" class=\"wp-image-957\" srcset=\"https:\/\/www.kmgsystems.com\/wp-content\/uploads\/2022\/11\/10-scaled.jpg 2560w, https:\/\/www.kmgsystems.com\/wp-content\/uploads\/2022\/11\/10-768x512.jpg 768w, https:\/\/www.kmgsystems.com\/wp-content\/uploads\/2022\/11\/10-1536x1024.jpg 1536w, https:\/\/www.kmgsystems.com\/wp-content\/uploads\/2022\/11\/10-2048x1365.jpg 2048w, https:\/\/www.kmgsystems.com\/wp-content\/uploads\/2022\/11\/10-600x400.jpg 600w, https:\/\/www.kmgsystems.com\/wp-content\/uploads\/2022\/11\/10-900x600.jpg 900w\" sizes=\"auto, (max-width: 2560px) 100vw, 2560px\" \/><\/figure>\n<\/div>\n\n\n\n<div class=\"wp-block-column is-vertically-aligned-center is-layout-flow wp-block-column-is-layout-flow\">\n<h5 class=\"wp-block-heading\">H\u00e1bleme de sus progresos en KMG<\/h5>\n\n\n\n<blockquote class=\"wp-block-quote is-layout-flow wp-block-quote-is-layout-flow\">\n<p><em>Me incorpor\u00e9 hace 12 a\u00f1os como ingeniero de dise\u00f1o, ascend\u00ed a ingeniero jefe de dise\u00f1o y ahora soy el Director de la Oficina de Dise\u00f1o de Gamlingay.<\/em><\/p>\n<\/blockquote>\n\n\n\n<h5 class=\"wp-block-heading\">\u00bfQu\u00e9 le gusta de KMG?<\/h5>\n\n\n\n<blockquote class=\"wp-block-quote has-text-align-left is-layout-flow wp-block-quote-is-layout-flow\">\n<p><em>\u00a1Todos lo hacemos por las patatas fritas! KMG trata bien al personal y hay espacio para la progresi\u00f3n laboral, buen apoyo en toda la empresa desde los directores hasta los fabricantes. Aqu\u00ed se sigue trabajando en familia, me siento algo m\u00e1s que un n\u00famero. Lo m\u00e1s importante para m\u00ed es la satisfacci\u00f3n que obtengo dise\u00f1ando proyectos a distintas escalas, desde m\u00e1quinas \u00fanicas hasta proyectos a medida de mayor envergadura, como sistemas de acumulaci\u00f3n de aperitivos o sistemas de pulverizaci\u00f3n de aceite para satisfacer las necesidades de los clientes.<\/em><\/p>\n<\/blockquote>\n<\/div>\n<\/div>\n\n<hr class=\"wp-block-separator has-text-color has-kmg-secondary-color has-alpha-channel-opacity has-kmg-secondary-background-color has-background is-style-wide\"\/>\n\n<div class=\"wp-block-columns is-layout-flex wp-container-core-columns-is-layout-9d6595d7 wp-block-columns-is-layout-flex\">\n<div class=\"wp-block-column is-vertically-aligned-center is-layout-flow wp-block-column-is-layout-flow\" style=\"flex-basis:30%\">\n<figure class=\"wp-block-image size-full is-style-default\"><img loading=\"lazy\" decoding=\"async\" width=\"1823\" height=\"2560\" src=\"https:\/\/www.kmgsystems.com\/wp-content\/uploads\/2022\/11\/11-scaled.jpg\" alt=\"\" class=\"wp-image-958\" srcset=\"https:\/\/www.kmgsystems.com\/wp-content\/uploads\/2022\/11\/11-scaled.jpg 1823w, https:\/\/www.kmgsystems.com\/wp-content\/uploads\/2022\/11\/11-768x1079.jpg 768w, https:\/\/www.kmgsystems.com\/wp-content\/uploads\/2022\/11\/11-1094x1536.jpg 1094w, https:\/\/www.kmgsystems.com\/wp-content\/uploads\/2022\/11\/11-1458x2048.jpg 1458w, https:\/\/www.kmgsystems.com\/wp-content\/uploads\/2022\/11\/11-285x400.jpg 285w, https:\/\/www.kmgsystems.com\/wp-content\/uploads\/2022\/11\/11-427x600.jpg 427w\" sizes=\"auto, (max-width: 1823px) 100vw, 1823px\" \/><\/figure>\n<\/div>\n\n\n\n<div class=\"wp-block-column is-vertically-aligned-center is-layout-flow wp-block-column-is-layout-flow\">\n<h5 class=\"wp-block-heading\">H\u00e1bleme de sus progresos en KMG<\/h5>\n\n\n\n<blockquote class=\"wp-block-quote is-layout-flow wp-block-quote-is-layout-flow\">\n<p><em>Empec\u00e9 a los 18 a\u00f1os como aprendiz, pas\u00e9 a ingeniero de dise\u00f1o, luego a ingeniero jefe de dise\u00f1o y ahora soy el Director de la Oficina de Dise\u00f1o de Biggleswade.<\/em><\/p>\n<\/blockquote>\n\n\n\n<h5 class=\"wp-block-heading\">\u00bfQu\u00e9 le gusta de KMG?<\/h5>\n\n\n\n<blockquote class=\"wp-block-quote has-text-align-left is-layout-flow wp-block-quote-is-layout-flow\">\n<p><em>Ambiente agradable y acogedor, oficinas bonitas, buen equilibrio entre trabajo y diversi\u00f3n. Numerosos actos sociales. Buena variedad de trabajo y las personas adecuadas para ayudar a mi desarrollo continuo. Tambi\u00e9n disfruto de la oportunidad de desarrollar a los miembros m\u00e1s j\u00f3venes del equipo.<\/em><\/p>\n\n\n\n<div class=\"wp-block-uagb-call-to-action uagb-block-78d52b28 wp-block-button\"><div class=\"uagb-cta__wrap\"><h3 class=\"uagb-cta__title\">\u00danete a KMG<\/h3><p class=\"uagb-cta__desc\">Somos una empresa activa y en crecimiento y nos gustar\u00eda ampliar nuestro equipo. Eche un vistazo ahora a nuestra p\u00e1gina de contrataci\u00f3n.  <\/p><\/div><div class=\"uagb-cta__buttons\"><a href=\"https:\/\/www.kmgsystems.com\/es\/empleos\/\" class=\"uagb-cta__button-link-wrapper wp-block-button__link\" target=\"_self\" rel=\"noopener noreferrer\">P\u00e1gina de empleo<\/a><\/div><\/div>\n<\/blockquote>\n<\/div>\n<\/div>\n\n<hr class=\"wp-block-separator has-text-color has-kmg-secondary-color has-alpha-channel-opacity has-kmg-secondary-background-color has-background is-style-wide\"\/>\n\n<div class=\"wp-block-uagb-call-to-action uagb-block-21a9c449 wp-block-button\"><div class=\"uagb-cta__wrap\"><h3 class=\"uagb-cta__title\">\u00danete a KMG<\/h3><p class=\"uagb-cta__desc\">Somos una empresa activa y en crecimiento y nos gustar\u00eda ampliar nuestro equipo. Eche un vistazo ahora a nuestra p\u00e1gina de contrataci\u00f3n.<\/p><\/div><div class=\"uagb-cta__buttons\"><a href=\"https:\/\/www.kmgsystems.com\/es\/empleos\/\" class=\"uagb-cta__button-link-wrapper wp-block-button__link\" target=\"_self\" rel=\"noopener noreferrer\">P\u00e1gina de empleo<svg xmlns=\"https:\/\/www.w3.org\/2000\/svg\" viewbox=\"0 0 512 512\"><path d=\"M504.3 273.6l-112.1 104c-6.992 6.484-17.18 8.218-25.94 4.406c-8.758-3.812-14.42-12.45-14.42-21.1L351.9 288H32C14.33 288 .0002 273.7 .0002 255.1S14.33 224 32 224h319.9l0-72c0-9.547 5.66-18.19 14.42-22c8.754-3.809 18.95-2.075 25.94 4.41l112.1 104C514.6 247.9 514.6 264.1 504.3 273.6z\"><\/path><\/svg><\/a><\/div><\/div>\n","protected":false},"excerpt":{"rendered":"<p>H\u00e1bleme de sus progresos en KMG Empec\u00e9 hace 15 a\u00f1os en las tiendas. Al cabo de un a\u00f1o pas\u00e9 a fabricar imanes y aprend\u00ed a soldar. Tengo talento para la soldadura, as\u00ed que pas\u00e9 a soldar bidones de sazonador, y luego aprend\u00ed a ser fabricante. Ahora estoy a cargo del departamento de prensas de freno. [&hellip;]<\/p>\n","protected":false},"author":1,"featured_media":0,"parent":0,"menu_order":0,"comment_status":"closed","ping_status":"closed","template":"","meta":{"_acf_changed":false,"_uag_custom_page_level_css":"","footnotes":""},"class_list":["post-2412","page","type-page","status-publish","hentry"],"acf":[],"uagb_featured_image_src":{"full":false,"thumbnail":false,"medium":false,"medium_large":false,"large":false,"1536x1536":false,"2048x2048":false,"machine-browser":false,"system-tabs":false,"max-height-large":false},"uagb_author_info":{"display_name":"KMG_Admin","author_link":"https:\/\/www.kmgsystems.com\/es\/author\/kmg_admin\/"},"uagb_comment_info":0,"uagb_excerpt":"H\u00e1bleme de sus progresos en KMG Empec\u00e9 hace 15 a\u00f1os en las tiendas. Al cabo de un a\u00f1o pas\u00e9 a fabricar imanes y aprend\u00ed a soldar. Tengo talento para la soldadura, as\u00ed que pas\u00e9 a soldar bidones de sazonador, y luego aprend\u00ed a ser fabricante. Ahora estoy a cargo del departamento de prensas de freno.&hellip;","_links":{"self":[{"href":"https:\/\/www.kmgsystems.com\/es\/wp-json\/wp\/v2\/pages\/2412","targetHints":{"allow":["GET"]}}],"collection":[{"href":"https:\/\/www.kmgsystems.com\/es\/wp-json\/wp\/v2\/pages"}],"about":[{"href":"https:\/\/www.kmgsystems.com\/es\/wp-json\/wp\/v2\/types\/page"}],"author":[{"embeddable":true,"href":"https:\/\/www.kmgsystems.com\/es\/wp-json\/wp\/v2\/users\/1"}],"replies":[{"embeddable":true,"href":"https:\/\/www.kmgsystems.com\/es\/wp-json\/wp\/v2\/comments?post=2412"}],"version-history":[{"count":23,"href":"https:\/\/www.kmgsystems.com\/es\/wp-json\/wp\/v2\/pages\/2412\/revisions"}],"predecessor-version":[{"id":4590,"href":"https:\/\/www.kmgsystems.com\/es\/wp-json\/wp\/v2\/pages\/2412\/revisions\/4590"}],"wp:attachment":[{"href":"https:\/\/www.kmgsystems.com\/es\/wp-json\/wp\/v2\/media?parent=2412"}],"curies":[{"name":"wp","href":"https:\/\/api.w.org\/{rel}","templated":true}]}}