{"id":2418,"date":"2021-12-02T08:06:41","date_gmt":"2021-12-02T08:06:41","guid":{"rendered":"https:\/\/www.kmgsystems.com\/desarrollo-de-nuevos-productos\/"},"modified":"2023-06-15T12:35:01","modified_gmt":"2023-06-15T12:35:01","slug":"desarrollo-de-nuevos-productos","status":"publish","type":"page","link":"https:\/\/www.kmgsystems.com\/es\/desarrollo-de-nuevos-productos\/","title":{"rendered":"Desarrollo de nuevos productos (NPD)"},"content":{"rendered":"\n<div class=\"wp-block-columns is-layout-flex wp-container-core-columns-is-layout-9d6595d7 wp-block-columns-is-layout-flex\">\n<div class=\"wp-block-column is-layout-flow wp-block-column-is-layout-flow\">\n<h2 class=\"wp-block-heading\">KMG Sistemas Innovaci\u00f3n y Desarrollo<\/h2>\n\n\n\n<p>Los nuevos productos requieren innovaci\u00f3n y en KMG lo entendemos. Venga a nuestras excepcionales instalaciones de pruebas con el producto que este desarrollando (NPD) tanto para nuevos recubrimientos l\u00edquidos como para aderezos en seco. La unidad de pulverizaci\u00f3n l\u00edquida KMG se integra perfectamente con nuestro Flow Weigher\u2122 patentado, el <a href=\"https:\/\/www.kmgsystems.com\/es\/m&#xE1;quina\/tambor-de-sabor\/\">sistema de tambor de sabor<\/a> y el <a href=\"https:\/\/www.kmgsystems.com\/es\/controles-e-integracion\/\">software a medida<\/a> que le proporcionan una flexibilidad y un control completos.<\/p>\n\n\n\n<h2 class=\"wp-block-heading\">KMG = NPD<\/h2>\n\n\n\n<p>Ofrecemos la posibilidad de aderezar en seco y engrasar. Tr\u00e1iganos sus galletas, bizcochos, productos extrusionados, boller\u00eda y aperitivos para probarlos.<\/p>\n<\/div>\n\n\n\n<div class=\"wp-block-column is-layout-flow wp-block-column-is-layout-flow\"><div class=\"wp-block-image\">\n<figure class=\"aligncenter size-full\"><img loading=\"lazy\" decoding=\"async\" width=\"510\" height=\"370\" src=\"https:\/\/www.kmgsystems.com\/wp-content\/uploads\/2022\/01\/KMGtrial.jpeg\" alt=\"\" class=\"wp-image-665\"><\/figure><\/div><\/div>\n<\/div>\n\n<div class=\"wp-block-columns is-layout-flex wp-container-core-columns-is-layout-9d6595d7 wp-block-columns-is-layout-flex\">\n<div class=\"wp-block-column is-layout-flow wp-block-column-is-layout-flow\"><div class=\"wp-block-image\">\n<figure class=\"aligncenter size-full\"><img loading=\"lazy\" decoding=\"async\" width=\"510\" height=\"370\" src=\"https:\/\/www.kmgsystems.com\/wp-content\/uploads\/2022\/01\/LSU.png\" alt=\"\" class=\"wp-image-666\"><\/figure><\/div><\/div>\n\n\n\n<div class=\"wp-block-column is-layout-flow wp-block-column-is-layout-flow\">\n<h2 class=\"wp-block-heading\">Unidad de pulverizaci\u00f3n de l\u00edquido KMG LSU<\/h2>\n\n\n\n<p>An\u00e1lisis continuo no intrusivo para el control de ingredientes en bucle cerrado de recetas de alto valor. La repetibilidad y la precisi\u00f3n de la condimentaci\u00f3n son esenciales para un buen sabor del producto, y KMG est\u00e1 a la vanguardia del desarrollo de condimentos. Capaz de satisfacer los niveles de rendimiento m\u00e1s exigentes en t\u00e9rminos de precisi\u00f3n, cobertura, coherencia y eficacia.<\/p>\n<\/div>\n<\/div>\n\n<div class=\"wp-block-columns is-layout-flex wp-container-core-columns-is-layout-9d6595d7 wp-block-columns-is-layout-flex\">\n<div class=\"wp-block-column is-layout-flow wp-block-column-is-layout-flow\">\n<h2 class=\"wp-block-heading\">Condimento OMS seco y l\u00edquido integrado<\/h2>\n\n\n\n<p>El KMG LSU ha sido desarrollado por nuestro equipo de ingenieros expertos como un sistema de pulverizaci\u00f3n capaz de satisfacer los niveles m\u00e1s exigentes de rendimiento que esperan nuestros clientes. Ideal para palomitas, pasteles, cereales, galletas, patatas fritas y aperitivos.<\/p>\n\n\n\n<p><\/p>\n<\/div>\n\n\n\n<div class=\"wp-block-column is-layout-flow wp-block-column-is-layout-flow\"><div class=\"wp-block-image\">\n<figure class=\"aligncenter size-full\"><img loading=\"lazy\" decoding=\"async\" width=\"510\" height=\"370\" src=\"https:\/\/www.kmgsystems.com\/wp-content\/uploads\/2022\/01\/KMGpopcorn.jpeg\" alt=\"\" class=\"wp-image-667\"><\/figure><\/div><\/div>\n<\/div>\n","protected":false},"excerpt":{"rendered":"<p>KMG Sistemas Innovaci\u00f3n y Desarrollo Los nuevos productos requieren innovaci\u00f3n y en KMG lo entendemos. Venga a nuestras excepcionales instalaciones de pruebas con el producto que este desarrollando (NPD) tanto para nuevos recubrimientos l\u00edquidos como para aderezos en seco. La unidad de pulverizaci\u00f3n l\u00edquida KMG se integra perfectamente con nuestro Flow Weigher\u2122 patentado, el sistema [&hellip;]<\/p>\n","protected":false},"author":1,"featured_media":1713,"parent":0,"menu_order":18,"comment_status":"closed","ping_status":"closed","template":"","meta":{"_acf_changed":false,"_uag_custom_page_level_css":"","footnotes":""},"class_list":["post-2418","page","type-page","status-publish","has-post-thumbnail","hentry"],"acf":[],"uagb_featured_image_src":{"full":["https:\/\/www.kmgsystems.com\/wp-content\/uploads\/2021\/11\/P1070563-scaled.jpg",2560,1707,false],"thumbnail":["https:\/\/www.kmgsystems.com\/wp-content\/uploads\/2021\/11\/P1070563-300x300.jpg",300,300,true],"medium":["https:\/\/www.kmgsystems.com\/wp-content\/uploads\/2021\/11\/P1070563-scaled.jpg",2560,1707,false],"medium_large":["https:\/\/www.kmgsystems.com\/wp-content\/uploads\/2021\/11\/P1070563-768x512.jpg",768,512,true],"large":["https:\/\/www.kmgsystems.com\/wp-content\/uploads\/2021\/11\/P1070563-scaled.jpg",2560,1707,false],"1536x1536":["https:\/\/www.kmgsystems.com\/wp-content\/uploads\/2021\/11\/P1070563-1536x1024.jpg",1536,1024,true],"2048x2048":["https:\/\/www.kmgsystems.com\/wp-content\/uploads\/2021\/11\/P1070563-2048x1365.jpg",2048,1365,true],"machine-browser":["https:\/\/www.kmgsystems.com\/wp-content\/uploads\/2021\/11\/P1070563-600x400.jpg",600,400,true],"system-tabs":["https:\/\/www.kmgsystems.com\/wp-content\/uploads\/2021\/11\/P1070563-600x400.jpg",600,400,true],"max-height-large":["https:\/\/www.kmgsystems.com\/wp-content\/uploads\/2021\/11\/P1070563-900x600.jpg",900,600,true]},"uagb_author_info":{"display_name":"KMG_Admin","author_link":"https:\/\/www.kmgsystems.com\/es\/author\/kmg_admin\/"},"uagb_comment_info":0,"uagb_excerpt":"KMG Sistemas Innovaci\u00f3n y Desarrollo Los nuevos productos requieren innovaci\u00f3n y en KMG lo entendemos. Venga a nuestras excepcionales instalaciones de pruebas con el producto que este desarrollando (NPD) tanto para nuevos recubrimientos l\u00edquidos como para aderezos en seco. La unidad de pulverizaci\u00f3n l\u00edquida KMG se integra perfectamente con nuestro Flow Weigher\u2122 patentado, el sistema&hellip;","_links":{"self":[{"href":"https:\/\/www.kmgsystems.com\/es\/wp-json\/wp\/v2\/pages\/2418","targetHints":{"allow":["GET"]}}],"collection":[{"href":"https:\/\/www.kmgsystems.com\/es\/wp-json\/wp\/v2\/pages"}],"about":[{"href":"https:\/\/www.kmgsystems.com\/es\/wp-json\/wp\/v2\/types\/page"}],"author":[{"embeddable":true,"href":"https:\/\/www.kmgsystems.com\/es\/wp-json\/wp\/v2\/users\/1"}],"replies":[{"embeddable":true,"href":"https:\/\/www.kmgsystems.com\/es\/wp-json\/wp\/v2\/comments?post=2418"}],"version-history":[{"count":7,"href":"https:\/\/www.kmgsystems.com\/es\/wp-json\/wp\/v2\/pages\/2418\/revisions"}],"predecessor-version":[{"id":2899,"href":"https:\/\/www.kmgsystems.com\/es\/wp-json\/wp\/v2\/pages\/2418\/revisions\/2899"}],"wp:featuredmedia":[{"embeddable":true,"href":"https:\/\/www.kmgsystems.com\/es\/wp-json\/wp\/v2\/media\/1713"}],"wp:attachment":[{"href":"https:\/\/www.kmgsystems.com\/es\/wp-json\/wp\/v2\/media?parent=2418"}],"curies":[{"name":"wp","href":"https:\/\/api.w.org\/{rel}","templated":true}]}}