{"id":2424,"date":"2021-12-02T09:56:46","date_gmt":"2021-12-02T09:56:46","guid":{"rendered":"https:\/\/www.kmgsystems.com\/contacto\/"},"modified":"2025-11-28T09:24:54","modified_gmt":"2025-11-28T09:24:54","slug":"contacto","status":"publish","type":"page","link":"https:\/\/www.kmgsystems.com\/es\/contacte-con-nosotros\/","title":{"rendered":"Contacte con nosotros"},"content":{"rendered":"\n<div class=\"wp-block-columns is-layout-flex wp-container-core-columns-is-layout-9d6595d7 wp-block-columns-is-layout-flex\">\n<div class=\"wp-block-column is-layout-flow wp-block-column-is-layout-flow\">\n<h2 class=\"wp-block-heading\">Nuestra sede central<\/h2>\n\n\n\n<p>Station Road<br\/>Gamlingay<br\/>Sandy<br\/>Bedfordshire SG19 3HE<\/p>\n\n\n\n<p>Todas las consultas Tel\u00e9fono: <a href=\"tel:+441767650760\">+44 (0) 1767 650760<\/a><\/p>\n\n\n\n<p>3A Pegasus Drive<br\/>Biggleswade<br\/>SG18 8QB<\/p>\n\n\n\n<h3 class=\"wp-block-heading\" id=\"sales-team\"><strong>Equipo de ventas<\/strong><\/h3>\n\n\n\n<p><a href=\"mailto:sales@kmgsystems.com?subject=Sales%20Enquiry%20desde%20p&#xE1;gina web\">Env\u00ede un correo electr\u00f3nico al equipo de ventas de KMG<\/a><\/p>\n\n\n\n<h3 class=\"wp-block-heading\" id=\"spares-team\"><strong>Equipo de recambios<\/strong><\/h3>\n\n\n\n<p><a href=\"mailto:admin@kmgsystems.com?subject=Spares%20Enquiry%20de%20p&#xE1;gina web\">Env\u00ede un correo electr\u00f3nico al equipo de recambios de KMG<\/a><\/p>\n\n\n\n<h3 class=\"wp-block-heading\" id=\"service-team\"><strong>Equipo de servicio<\/strong><\/h3>\n\n\n\n<p><a href=\"mailto:service@kmgsystems.com?subject=Service%20Enquiry%20de%20p&#xE1;gina web\">Env\u00ede un correo electr\u00f3nico al equipo de servicio de KMG<\/a><\/p>\n<\/div>\n\n\n\n<div class=\"wp-block-column is-layout-flow wp-block-column-is-layout-flow\"><link rel='stylesheet' id='formidable-css' href='https:\/\/www.kmgsystems.com\/wp-content\/plugins\/formidable\/css\/formidableforms.css?ver=3191352' media='all' \/>\n<div class=\"frm_forms  with_frm_style frm_style_formidable-style\" id=\"frm_form_2_container\" data-token=\"2986aa34874184f3f62b40295decc5f2\">\n<form enctype=\"multipart\/form-data\" method=\"post\" class=\"frm-show-form  frm_ajax_submit  frm_pro_form \" id=\"form_contact-us\" data-token=\"2986aa34874184f3f62b40295decc5f2\">\n<div class=\"frm_form_fields \">\n<fieldset>\n<legend class=\"frm_screen_reader\">Contact Us<\/legend>\r\n\r\n<div class=\"frm_fields_container\">\n<input type=\"hidden\" name=\"frm_action\" value=\"create\" \/>\n<input type=\"hidden\" name=\"form_id\" value=\"2\" \/>\n<input type=\"hidden\" name=\"frm_hide_fields_2\" id=\"frm_hide_fields_2\" value=\"\" \/>\n<input type=\"hidden\" name=\"form_key\" value=\"contact-us\" \/>\n<input type=\"hidden\" name=\"item_meta[0]\" value=\"\" \/>\n<input type=\"hidden\" id=\"frm_submit_entry_2\" name=\"frm_submit_entry_2\" value=\"33564aefa6\" \/><input type=\"hidden\" name=\"_wp_http_referer\" value=\"\/es\/wp-json\/wp\/v2\/pages\/2424\" \/><div id=\"frm_field_6_container\" class=\"frm_form_field form-field  frm_required_field frm_top_container frm_first frm_half\">\r\n    <label for=\"field_qh4icy2\" id=\"field_qh4icy2_label\" class=\"frm_primary_label\">Name\r\n        <span class=\"frm_required\" aria-hidden=\"true\">*<\/span>\r\n    <\/label>\r\n    <input type=\"text\" id=\"field_qh4icy2\" name=\"item_meta[6]\" value=\"\"  data-reqmsg=\"Name cannot be blank.\" aria-required=\"true\" data-invmsg=\"Name is invalid\" aria-invalid=\"false\"   aria-describedby=\"frm_desc_field_qh4icy2\"\/>\r\n    <div class=\"frm_description\" id=\"frm_desc_field_qh4icy2\">First<\/div>\r\n    \r\n<\/div>\n<div id=\"frm_field_7_container\" class=\"frm_form_field form-field  frm_required_field frm_hidden_container frm_half\">\r\n    <label for=\"field_ocfup12\" id=\"field_ocfup12_label\" class=\"frm_primary_label\">Last\r\n        <span class=\"frm_required\" aria-hidden=\"true\">*<\/span>\r\n    <\/label>\r\n    <input type=\"text\" id=\"field_ocfup12\" name=\"item_meta[7]\" value=\"\"  data-reqmsg=\"Last cannot be blank.\" aria-required=\"true\" data-invmsg=\"Last is invalid\" aria-invalid=\"false\"   aria-describedby=\"frm_desc_field_ocfup12\"\/>\r\n    <div class=\"frm_description\" id=\"frm_desc_field_ocfup12\">Last<\/div>\r\n    \r\n<\/div>\n<div id=\"frm_field_8_container\" class=\"frm_form_field form-field  frm_required_field frm_top_container frm4 frm_first\">\r\n    <label for=\"field_29yf4d2\" id=\"field_29yf4d2_label\" class=\"frm_primary_label\">Email\r\n        <span class=\"frm_required\" aria-hidden=\"true\">*<\/span>\r\n    <\/label>\r\n    <input type=\"email\" id=\"field_29yf4d2\" name=\"item_meta[8]\" value=\"\"  data-reqmsg=\"Email cannot be blank.\" aria-required=\"true\" data-invmsg=\"Please enter a valid email address\" aria-invalid=\"false\"  \/>\r\n    \r\n    \r\n<\/div>\n<div id=\"frm_field_239_container\" class=\"frm_form_field form-field  frm_top_container frm_third\">\n\t<label for=\"field_w3v7f\" id=\"field_w3v7f_label\" class=\"frm_primary_label\">Job Title\n\t\t<span class=\"frm_required\" aria-hidden=\"true\"><\/span>\n\t<\/label>\n\t<input type=\"text\" id=\"field_w3v7f\" name=\"item_meta[239]\" value=\"\"  data-invmsg=\"Job Title is invalid\" aria-invalid=\"false\"  \/>\n\t\n\t\n<\/div>\n<div id=\"frm_field_223_container\" class=\"frm_form_field form-field  frm_required_field frm_top_container frm4\">\r\n    <label for=\"field_5nhd6\" id=\"field_5nhd6_label\" class=\"frm_primary_label\">Phone number\r\n        <span class=\"frm_required\" aria-hidden=\"true\">*<\/span>\r\n    <\/label>\r\n    <input type=\"text\" id=\"field_5nhd6\" name=\"item_meta[223]\" value=\"\"  data-reqmsg=\"Phone number cannot be blank.\" aria-required=\"true\" data-invmsg=\"Text is invalid\" aria-invalid=\"false\"  \/>\r\n    \r\n    \r\n<\/div>\n<div id=\"frm_field_229_container\" class=\"frm_form_field form-field  frm_top_container frm6 frm_first\">\r\n\t<label for=\"field_21yf0\" id=\"field_21yf0_label\" class=\"frm_primary_label\">Company Name\r\n\t\t<span class=\"frm_required\" aria-hidden=\"true\"><\/span>\r\n\t<\/label>\r\n\t<input type=\"text\" id=\"field_21yf0\" name=\"item_meta[229]\" value=\"\"  data-invmsg=\"Company Name is invalid\" aria-invalid=\"false\"  \/>\r\n\t\r\n\t\r\n<\/div>\n<div id=\"frm_field_230_container\" class=\"frm_form_field form-field  frm_top_container frm6\">\r\n\t<label for=\"field_pkmyv\" id=\"field_pkmyv_label\" class=\"frm_primary_label\">Country\r\n\t\t<span class=\"frm_required\" aria-hidden=\"true\"><\/span>\r\n\t<\/label>\r\n\t<input type=\"text\" id=\"field_pkmyv\" name=\"item_meta[230]\" value=\"\"  data-invmsg=\"Country is invalid\" aria-invalid=\"false\"  \/>\r\n\t\r\n\t\r\n<\/div>\n<div id=\"frm_field_9_container\" class=\"frm_form_field form-field  frm_required_field frm_top_container frm_full\">\r\n    <label for=\"field_e6lis62\" id=\"field_e6lis62_label\" class=\"frm_primary_label\">Subject\r\n        <span class=\"frm_required\" aria-hidden=\"true\">*<\/span>\r\n    <\/label>\r\n    <input type=\"text\" id=\"field_e6lis62\" name=\"item_meta[9]\" value=\"\"  data-reqmsg=\"Subject cannot be blank.\" aria-required=\"true\" data-invmsg=\"Subject is invalid\" aria-invalid=\"false\"  \/>\r\n    \r\n    \r\n<\/div>\n<div id=\"frm_field_226_container\" class=\"frm_form_field form-field  frm_top_container frm_half\">\r\n\t<label for=\"field_l5wyb\" id=\"field_l5wyb_label\" class=\"frm_primary_label\">Bulk Density\r\n\t\t<span class=\"frm_required\" aria-hidden=\"true\"><\/span>\r\n\t<\/label>\r\n\t<input type=\"text\" id=\"field_l5wyb\" name=\"item_meta[226]\" value=\"\"  data-invmsg=\"Bulk Density is invalid\" aria-invalid=\"false\"  \/>\r\n\t\r\n\t\r\n<\/div>\n<div id=\"frm_field_227_container\" class=\"frm_form_field form-field  frm_top_container frm_half\">\r\n\t<label for=\"field_9b7m5\" id=\"field_9b7m5_label\" class=\"frm_primary_label\">Throughput\r\n\t\t<span class=\"frm_required\" aria-hidden=\"true\"><\/span>\r\n\t<\/label>\r\n\t<input type=\"text\" id=\"field_9b7m5\" name=\"item_meta[227]\" value=\"\"  data-invmsg=\"Throughput is invalid\" aria-invalid=\"false\"  \/>\r\n\t\r\n\t\r\n<\/div>\n<div id=\"frm_field_228_container\" class=\"frm_form_field form-field  frm_top_container frm_other_container\">\r\n\t<label for=\"field_xii6b\" id=\"field_xii6b_label\" class=\"frm_primary_label\">Conveyed Product\r\n\t\t<span class=\"frm_required\" aria-hidden=\"true\"><\/span>\r\n\t<\/label>\r\n\t\t\t<select name=\"item_meta[228]\" id=\"field_xii6b\"  data-frmval=\"Whole Potatoes, salad or vegetables\" data-invmsg=\"Conveyed Product is invalid\" aria-invalid=\"false\"  >\n\t\t<option  value=\"Baked or Pellet Snacks\">Baked or Pellet Snacks<\/option><option  value=\"Crisps or Chips\">Crisps or Chips<\/option><option  value=\"Cereals and RTE Cereal\">Cereals and RTE Cereal<\/option><option  value=\"Popcorn, popped chips or extruded product\">Popcorn, popped chips or extruded product<\/option><option  value=\"Tortilla chips\">Tortilla chips<\/option><option  value=\"Dry Petfood\">Dry Petfood<\/option><option  value=\"Dry Pasta\">Dry Pasta<\/option><option  value=\"Other\" class=\"frm_other_trigger\">Other<\/option><option  value=\"Stackable Chips\">Stackable Chips<\/option><option  value=\"Whole Potatoes, salad or vegetables\" selected='selected'>Whole Potatoes, salad or vegetables<\/option><option  value=\"Nuts, seeds or dried fruit\">Nuts, seeds or dried fruit<\/option>\t<\/select>\n\t<label for=\"field_xii6b-otext\" class=\"frm_screen_reader frm_hidden\">Conveyed Product<\/label><input type=\"text\" id=\"field_xii6b-otext\" class=\"frm_other_input frm_pos_none\"  name=\"item_meta[other][228]\" value=\"\" \/>\r\n\t\r\n\t\r\n<\/div>\n<div id=\"frm_field_10_container\" class=\"frm_form_field form-field  frm_required_field frm_top_container frm_full\">\r\n    <label for=\"field_9jv0r12\" id=\"field_9jv0r12_label\" class=\"frm_primary_label\">Message\r\n        <span class=\"frm_required\" aria-hidden=\"true\">*<\/span>\r\n    <\/label>\r\n    <textarea name=\"item_meta[10]\" id=\"field_9jv0r12\" rows=\"5\"  data-reqmsg=\"Message cannot be blank.\" aria-required=\"true\" data-invmsg=\"Message is invalid\" aria-invalid=\"false\"  ><\/textarea>\r\n    \r\n    \r\n<\/div>\n<div id=\"frm_field_225_container\" class=\"frm_form_field form-field \">\r\n\t<div class=\"frm_submit\">\r\n\r\n<button class=\"frm_button_submit frm_final_submit\" type=\"submit\"   formnovalidate=\"formnovalidate\">Submit<\/button>\r\n\r\n<\/div>\r\n<\/div>\n\t<input type=\"hidden\" name=\"item_key\" value=\"\" \/>\n\t\t\t<div id=\"frm_field_240_container\">\n\t\t\t<label for=\"field_raxc1\" >\n\t\t\t\tSi eres humano, deja este campo en blanco.\t\t\t<\/label>\n\t\t\t<input  id=\"field_raxc1\" type=\"text\" class=\"frm_form_field form-field frm_verify\" name=\"item_meta[240]\" value=\"\"  \/>\n\t\t<\/div>\n\t\t<input name=\"frm_state\" type=\"hidden\" value=\"3QkinN4mfUf7ajgKUykh+EtifgBKqtY9YgMrQn3Rgh105o5m\/haqiqRMqSA2avzb\" \/><\/div>\n<\/fieldset>\n<\/div>\n\n<\/form>\n<\/div>\n\n<\/div>\n<\/div>\n\n<h2 class=\"wp-block-heading has-text-align-center\" id=\"the-kmg-sales-team\">El equipo de ventas de KMG<\/h2>\n\n<div class=\"wp-block-columns is-layout-flex wp-container-core-columns-is-layout-9d6595d7 wp-block-columns-is-layout-flex\">\n<div class=\"wp-block-column is-layout-flow wp-block-column-is-layout-flow\"><div class=\"wp-block-image\">\n<figure class=\"aligncenter size-full\"><img loading=\"lazy\" decoding=\"async\" width=\"330\" height=\"500\" src=\"https:\/\/www.kmgsystems.com\/wp-content\/uploads\/2022\/02\/KG1.jpg\" alt=\"\" class=\"wp-image-754\" srcset=\"https:\/\/www.kmgsystems.com\/wp-content\/uploads\/2022\/02\/KG1.jpg 330w, https:\/\/www.kmgsystems.com\/wp-content\/uploads\/2022\/02\/KG1-264x400.jpg 264w\" sizes=\"auto, (max-width: 330px) 100vw, 330px\" \/><figcaption class=\"wp-element-caption\">Kevin Giles<\/figcaption><\/figure>\n<\/div><\/div>\n\n\n\n<div class=\"wp-block-column is-layout-flow wp-block-column-is-layout-flow\"><div class=\"wp-block-image\">\n<figure class=\"aligncenter size-full\"><img loading=\"lazy\" decoding=\"async\" width=\"330\" height=\"500\" src=\"https:\/\/www.kmgsystems.com\/wp-content\/uploads\/2022\/01\/AR-e1643284264739.jpg\" alt=\"\" class=\"wp-image-549\" srcset=\"https:\/\/www.kmgsystems.com\/wp-content\/uploads\/2022\/01\/AR-e1643284264739.jpg 330w, https:\/\/www.kmgsystems.com\/wp-content\/uploads\/2022\/01\/AR-e1643284264739-264x400.jpg 264w\" sizes=\"auto, (max-width: 330px) 100vw, 330px\" \/><figcaption class=\"wp-element-caption\">Alan Robinson<\/figcaption><\/figure>\n<\/div><\/div>\n\n\n\n<div class=\"wp-block-column is-layout-flow wp-block-column-is-layout-flow\"><div class=\"wp-block-image\">\n<figure class=\"aligncenter size-full\"><img loading=\"lazy\" decoding=\"async\" width=\"330\" height=\"500\" src=\"https:\/\/www.kmgsystems.com\/wp-content\/uploads\/2022\/01\/SB-1.jpg\" alt=\"\" class=\"wp-image-551\" srcset=\"https:\/\/www.kmgsystems.com\/wp-content\/uploads\/2022\/01\/SB-1.jpg 330w, https:\/\/www.kmgsystems.com\/wp-content\/uploads\/2022\/01\/SB-1-264x400.jpg 264w\" sizes=\"auto, (max-width: 330px) 100vw, 330px\" \/><figcaption class=\"wp-element-caption\">Simon Bird<\/figcaption><\/figure>\n<\/div><\/div>\n\n\n\n<div class=\"wp-block-column is-layout-flow wp-block-column-is-layout-flow\"><div class=\"wp-block-image\">\n<figure class=\"aligncenter size-full\"><img loading=\"lazy\" decoding=\"async\" width=\"448\" height=\"672\" src=\"https:\/\/www.kmgsystems.com\/wp-content\/uploads\/2025\/05\/Craig_Suttle_sml.jpg\" alt=\"Craig Suttle\" class=\"wp-image-4748\" srcset=\"https:\/\/www.kmgsystems.com\/wp-content\/uploads\/2025\/05\/Craig_Suttle_sml.jpg 448w, https:\/\/www.kmgsystems.com\/wp-content\/uploads\/2025\/05\/Craig_Suttle_sml-267x400.jpg 267w, https:\/\/www.kmgsystems.com\/wp-content\/uploads\/2025\/05\/Craig_Suttle_sml-400x600.jpg 400w\" sizes=\"auto, (max-width: 448px) 100vw, 448px\" \/><figcaption class=\"wp-element-caption\">Craig Suttle<\/figcaption><\/figure>\n<\/div><\/div>\n\n\n\n<div class=\"wp-block-column is-layout-flow wp-block-column-is-layout-flow\"><div class=\"wp-block-image\">\n<figure class=\"aligncenter size-full is-resized\"><img decoding=\"async\" src=\"https:\/\/www.kmgsystems.com\/wp-content\/uploads\/2025\/11\/Tom-Roots-about-scaled-e1764321627772.jpg\" alt=\"\" class=\"wp-image-5108\" style=\"object-fit:cover;width:234px;height:350px\"><figcaption class=\"wp-element-caption\">Tom Roots<\/figcaption><\/figure>\n<\/div><\/div>\n<\/div>\n\n<p><\/p>\n","protected":false},"excerpt":{"rendered":"<p>Nuestra sede central Station RoadGamlingaySandyBedfordshire SG19 3HE Todas las consultas Tel\u00e9fono: +44 (0) 1767 650760 3A Pegasus DriveBiggleswadeSG18 8QB Equipo de ventas Env\u00ede un correo electr\u00f3nico al equipo de ventas de KMG Equipo de recambios Env\u00ede un correo electr\u00f3nico al equipo de recambios de KMG Equipo de servicio Env\u00ede un correo electr\u00f3nico al equipo de [&hellip;]<\/p>\n","protected":false},"author":1,"featured_media":0,"parent":0,"menu_order":5,"comment_status":"closed","ping_status":"closed","template":"","meta":{"_acf_changed":false,"_uag_custom_page_level_css":"","footnotes":""},"class_list":["post-2424","page","type-page","status-publish","hentry"],"acf":[],"uagb_featured_image_src":{"full":false,"thumbnail":false,"medium":false,"medium_large":false,"large":false,"1536x1536":false,"2048x2048":false,"machine-browser":false,"system-tabs":false,"max-height-large":false},"uagb_author_info":{"display_name":"KMG_Admin","author_link":"https:\/\/www.kmgsystems.com\/es\/author\/kmg_admin\/"},"uagb_comment_info":0,"uagb_excerpt":"Nuestra sede central Station RoadGamlingaySandyBedfordshire SG19 3HE Todas las consultas Tel\u00e9fono: +44 (0) 1767 650760 3A Pegasus DriveBiggleswadeSG18 8QB Equipo de ventas Env\u00ede un correo electr\u00f3nico al equipo de ventas de KMG Equipo de recambios Env\u00ede un correo electr\u00f3nico al equipo de recambios de KMG Equipo de servicio Env\u00ede un correo electr\u00f3nico al equipo de&hellip;","_links":{"self":[{"href":"https:\/\/www.kmgsystems.com\/es\/wp-json\/wp\/v2\/pages\/2424","targetHints":{"allow":["GET"]}}],"collection":[{"href":"https:\/\/www.kmgsystems.com\/es\/wp-json\/wp\/v2\/pages"}],"about":[{"href":"https:\/\/www.kmgsystems.com\/es\/wp-json\/wp\/v2\/types\/page"}],"author":[{"embeddable":true,"href":"https:\/\/www.kmgsystems.com\/es\/wp-json\/wp\/v2\/users\/1"}],"replies":[{"embeddable":true,"href":"https:\/\/www.kmgsystems.com\/es\/wp-json\/wp\/v2\/comments?post=2424"}],"version-history":[{"count":13,"href":"https:\/\/www.kmgsystems.com\/es\/wp-json\/wp\/v2\/pages\/2424\/revisions"}],"predecessor-version":[{"id":5124,"href":"https:\/\/www.kmgsystems.com\/es\/wp-json\/wp\/v2\/pages\/2424\/revisions\/5124"}],"wp:attachment":[{"href":"https:\/\/www.kmgsystems.com\/es\/wp-json\/wp\/v2\/media?parent=2424"}],"curies":[{"name":"wp","href":"https:\/\/api.w.org\/{rel}","templated":true}]}}