{"id":2434,"date":"2021-12-02T08:06:54","date_gmt":"2021-12-02T08:06:54","guid":{"rendered":"https:\/\/www.kmgsystems.com\/consultoria-y-diseno-expertos\/"},"modified":"2023-11-08T13:14:04","modified_gmt":"2023-11-08T13:14:04","slug":"consultoria-y-diseno-expertos","status":"publish","type":"page","link":"https:\/\/www.kmgsystems.com\/es\/consultoria-y-diseno-expertos\/","title":{"rendered":"Consultor\u00eda y dise\u00f1o expertos"},"content":{"rendered":"\n<div class=\"wp-block-columns is-layout-flex wp-container-core-columns-is-layout-9d6595d7 wp-block-columns-is-layout-flex\">\n<div class=\"wp-block-column is-layout-flow wp-block-column-is-layout-flow\"><\/div>\n\n\n\n<div class=\"wp-block-column is-layout-flow wp-block-column-is-layout-flow\"><\/div>\n<\/div>\n\n<div class=\"wp-block-uagb-container uagb-block-e0e8e45e alignfull uagb-is-root-container\"><div class=\"uagb-container-inner-blocks-wrap\">\n<div class=\"wp-block-uagb-container uagb-block-0f0df83d\">\n<h2 class=\"wp-block-heading\">Soluciones llave en mano de KMG<\/h2>\n\n\n\n<p>Tanto si est\u00e1 creando una nueva planta de producci\u00f3n como actualizando o ampliando la existente, KMG est\u00e1 aqu\u00ed para ayudarle y guiarle en cada paso del proceso. Nuestros experimentados ingenieros de ventas le visitar\u00e1n para escuchar atentamente sus necesidades exactas y ofrecerle un asesoramiento experto. La consultor\u00eda y el dise\u00f1o son parte integrante de nuestro negocio, porque todos nuestros sistemas son a medida.<\/p>\n\n\n\n<p>KMG puede suministrarle una sola m\u00e1quina o una soluci\u00f3n completa llave en mano. Dise\u00f1aremos y construiremos una soluci\u00f3n rentable y de alta calidad para satisfacer sus necesidades de transporte y condimentaci\u00f3n.<\/p>\n\n\n\n<p>Tomaremos dimensiones detalladas del emplazamiento y trabajaremos con nuestro innovador equipo de dise\u00f1o para crear una propuesta detallada, que incluya planos t\u00e9cnicos, disposici\u00f3n de la planta y plazos que muestren c\u00f3mo nuestras m\u00e1quinas pueden alcanzar sus objetivos, dentro de su calendario. KMG dise\u00f1a, fabrica y preconstruye en nuestras instalaciones de producci\u00f3n especializadas del Reino Unido. Aqu\u00ed tiene un sobrevuelo de una reciente pre-construcci\u00f3n en nuestra f\u00e1brica.  <\/p>\n<\/div>\n\n\n\n<div class=\"wp-block-uagb-container uagb-block-13c1e5d4\">\n<figure class=\"wp-block-image size-full\"><img loading=\"lazy\" decoding=\"async\" width=\"2560\" height=\"1707\" src=\"https:\/\/www.kmgsystems.com\/wp-content\/uploads\/2022\/01\/PAS-JSD-HLW-scaled.jpeg\" alt=\"dise&#xF1;o de sistemas transportadores vibratorios\" class=\"wp-image-595\" srcset=\"https:\/\/www.kmgsystems.com\/wp-content\/uploads\/2022\/01\/PAS-JSD-HLW-scaled.jpeg 2560w, https:\/\/www.kmgsystems.com\/wp-content\/uploads\/2022\/01\/PAS-JSD-HLW-768x512.jpeg 768w, https:\/\/www.kmgsystems.com\/wp-content\/uploads\/2022\/01\/PAS-JSD-HLW-1536x1024.jpeg 1536w, https:\/\/www.kmgsystems.com\/wp-content\/uploads\/2022\/01\/PAS-JSD-HLW-2048x1365.jpeg 2048w, https:\/\/www.kmgsystems.com\/wp-content\/uploads\/2022\/01\/PAS-JSD-HLW-600x400.jpeg 600w, https:\/\/www.kmgsystems.com\/wp-content\/uploads\/2022\/01\/PAS-JSD-HLW-900x600.jpeg 900w\" sizes=\"auto, (max-width: 2560px) 100vw, 2560px\" \/><\/figure>\n<\/div>\n\n\n\n<div class=\"wp-block-uagb-container uagb-block-1a1ae1dd\">\n<figure class=\"wp-block-embed is-type-video is-provider-vimeo wp-block-embed-vimeo wp-embed-aspect-16-9 wp-has-aspect-ratio\"><div class=\"wp-block-embed__wrapper\">\n<iframe loading=\"lazy\" title=\"Drone Flyover\" src=\"https:\/\/player.vimeo.com\/video\/881656345?dnt=1&amp;app_id=122963\" width=\"1320\" height=\"743\" frameborder=\"0\" allow=\"autoplay; fullscreen; picture-in-picture\"><\/iframe>\n<\/div><\/figure>\n<\/div>\n<\/div><\/div>\n","protected":false},"excerpt":{"rendered":"<p>Soluciones llave en mano de KMG Tanto si est\u00e1 creando una nueva planta de producci\u00f3n como actualizando o ampliando la existente, KMG est\u00e1 aqu\u00ed para ayudarle y guiarle en cada paso del proceso. Nuestros experimentados ingenieros de ventas le visitar\u00e1n para escuchar atentamente sus necesidades exactas y ofrecerle un asesoramiento experto. La consultor\u00eda y el [&hellip;]<\/p>\n","protected":false},"author":1,"featured_media":0,"parent":0,"menu_order":17,"comment_status":"closed","ping_status":"closed","template":"","meta":{"_acf_changed":false,"_uag_custom_page_level_css":"","footnotes":""},"class_list":["post-2434","page","type-page","status-publish","hentry"],"acf":[],"uagb_featured_image_src":{"full":false,"thumbnail":false,"medium":false,"medium_large":false,"large":false,"1536x1536":false,"2048x2048":false,"machine-browser":false,"system-tabs":false,"max-height-large":false},"uagb_author_info":{"display_name":"KMG_Admin","author_link":"https:\/\/www.kmgsystems.com\/es\/author\/kmg_admin\/"},"uagb_comment_info":0,"uagb_excerpt":"Soluciones llave en mano de KMG Tanto si est\u00e1 creando una nueva planta de producci\u00f3n como actualizando o ampliando la existente, KMG est\u00e1 aqu\u00ed para ayudarle y guiarle en cada paso del proceso. Nuestros experimentados ingenieros de ventas le visitar\u00e1n para escuchar atentamente sus necesidades exactas y ofrecerle un asesoramiento experto. La consultor\u00eda y el&hellip;","_links":{"self":[{"href":"https:\/\/www.kmgsystems.com\/es\/wp-json\/wp\/v2\/pages\/2434","targetHints":{"allow":["GET"]}}],"collection":[{"href":"https:\/\/www.kmgsystems.com\/es\/wp-json\/wp\/v2\/pages"}],"about":[{"href":"https:\/\/www.kmgsystems.com\/es\/wp-json\/wp\/v2\/types\/page"}],"author":[{"embeddable":true,"href":"https:\/\/www.kmgsystems.com\/es\/wp-json\/wp\/v2\/users\/1"}],"replies":[{"embeddable":true,"href":"https:\/\/www.kmgsystems.com\/es\/wp-json\/wp\/v2\/comments?post=2434"}],"version-history":[{"count":10,"href":"https:\/\/www.kmgsystems.com\/es\/wp-json\/wp\/v2\/pages\/2434\/revisions"}],"predecessor-version":[{"id":3383,"href":"https:\/\/www.kmgsystems.com\/es\/wp-json\/wp\/v2\/pages\/2434\/revisions\/3383"}],"wp:attachment":[{"href":"https:\/\/www.kmgsystems.com\/es\/wp-json\/wp\/v2\/media?parent=2434"}],"curies":[{"name":"wp","href":"https:\/\/api.w.org\/{rel}","templated":true}]}}