{"id":2456,"date":"2021-09-28T11:06:35","date_gmt":"2021-09-28T11:06:35","guid":{"rendered":"https:\/\/www.kmgsystems.com\/politica-de-privacidad\/"},"modified":"2025-02-20T14:17:43","modified_gmt":"2025-02-20T14:17:43","slug":"politica-de-privacidad","status":"publish","type":"page","link":"https:\/\/www.kmgsystems.com\/es\/politica-de-privacidad\/","title":{"rendered":"Pol\u00edtica de privacidad"},"content":{"rendered":"\n<p id=\"this-privacy-policy-describes-the-policies-of-kmg-systems-limited-station-road-gamlingay-sandy-beds-sg19-3he-united-kingdom-of-great-britain-and-northern-ireland-the-email-julia-maddocks-outlook-com-phone-01767-650760-on-the-collection-use-and-disclosure-of-your-information-that-we-collect-when-you-use-our-website-kmgsystems-com-the-service-by-accessing-or-using-the-service-you-are-consenting-to-the-collection-use-and-disclosure-of-your-information-in-accordance-with-this-privacy-policy-if-you-do-not-consent-to-the-same-please-do-not-access-or-use-the-service\">Esta Pol\u00edtica de Privacidad describe las pol\u00edticas de KMG Systems Limited, Station Road, Gamlingay, Sandy, Beds SG19 3HE, Reino Unido de Gran Breta\u00f1a e Irlanda del Norte (el), tel\u00e9fono: 01767 650760 sobre la recogida, uso y divulgaci\u00f3n de su informaci\u00f3n que recopilamos cuando usted utiliza nuestro sitio web ( kmgsystems.com ). (el \u00abServicio\u00bb). Al acceder o utilizar el Servicio, usted acepta la recopilaci\u00f3n, el uso y la divulgaci\u00f3n de su informaci\u00f3n de acuerdo con esta Pol\u00edtica de privacidad. Si no da su consentimiento, le rogamos que no acceda al Servicio ni lo utilice.<\/p>\n\n<p>Podemos modificar esta Pol\u00edtica de Privacidad en cualquier momento sin previo aviso y publicaremos la Pol\u00edtica de Privacidad revisada en el Servicio. La Pol\u00edtica revisada entrar\u00e1 en vigor a los 180 d\u00edas de su publicaci\u00f3n en el Servicio y su acceso o uso continuado del Servicio despu\u00e9s de dicho plazo constituir\u00e1 su aceptaci\u00f3n de la Pol\u00edtica de Privacidad revisada. Por ello, le recomendamos que revise peri\u00f3dicamente esta p\u00e1gina.<\/p>\n\n<h2 class=\"wp-block-heading\" id=\"1-how-we-use-your-information\">1. C\u00f3mo utilizamos su informaci\u00f3n:<\/h2>\n\n<p>Utilizaremos la informaci\u00f3n que recopilemos sobre usted para los siguientes fines:<\/p>\n\n<ol class=\"wp-block-list\">\n<li>Marketing\/Promoci\u00f3n<\/li>\n\n\n\n<li>Informaci\u00f3n administrativa<\/li>\n\n\n\n<li>Protecci\u00f3n del emplazamiento<\/li>\n<\/ol>\n\n<p>Si queremos utilizar su informaci\u00f3n para cualquier otro fin, le pediremos su consentimiento y utilizaremos su informaci\u00f3n s\u00f3lo cuando recibamos su consentimiento y, en ese caso, s\u00f3lo para el fin o fines para los que otorgamos el consentimiento, a menos que la ley nos obligue a hacer otra cosa.<\/p>\n\n<h2 class=\"wp-block-heading\" id=\"2-how-we-share-your-information\">2. C\u00f3mo compartimos su informaci\u00f3n:<\/h2>\n\n<p>No transferiremos su informaci\u00f3n personal a terceros sin solicitar su consentimiento, excepto en las circunstancias limitadas que se describen a continuaci\u00f3n:<\/p>\n\n<ol class=\"wp-block-list\">\n<li>Agencias de marketing<\/li>\n\n\n\n<li>Anal\u00edtica<\/li>\n\n\n\n<li>Recogida y proceso de datos<\/li>\n<\/ol>\n\n<p>Exigimos a dichos terceros que utilicen la informaci\u00f3n personal que les transferimos \u00fanicamente para el fin para el que fue transferida y que no la conserven durante m\u00e1s tiempo del necesario para cumplir dicho fin.<\/p>\n\n<p>Tambi\u00e9n podemos revelar su informaci\u00f3n personal para lo siguiente: (1) para cumplir con la legislaci\u00f3n aplicable, reglamentos, \u00f3rdenes judiciales u otros procesos legales; (2) para hacer cumplir sus acuerdos con nosotros, incluyendo esta Pol\u00edtica de Privacidad; o (3) para responder a reclamaciones de que su uso del Servicio viola cualquier derecho de terceros. Si el Servicio o nuestra empresa se fusionan o adquieren con otra empresa, su informaci\u00f3n ser\u00e1 uno de los activos que se transfieran al nuevo propietario.<\/p>\n\n<h2 class=\"wp-block-heading\" id=\"3-your-rights\">3. Sus derechos:<\/h2>\n\n<p>En funci\u00f3n de la legislaci\u00f3n aplicable, puede tener derecho a acceder a sus datos personales y rectificarlos o borrarlos, o a recibir una copia de los mismos, a limitar el tratamiento activo de sus datos o a oponerse a \u00e9l, a pedirnos que compartamos (portemos) su informaci\u00f3n personal con otra entidad, a retirar cualquier consentimiento que nos haya dado para tratar sus datos, a presentar una reclamaci\u00f3n ante una autoridad legal y a cualquier otro derecho que pueda corresponderle en virtud de la legislaci\u00f3n aplicable. Para ejercer estos derechos, puede <a href=\"https:\/\/www.kmgsystems.com\/es\/contacto\/\" data-type=\"page\" data-id=\"254\">ponerse en contacto con nosotros<\/a>. Responderemos a su solicitud de conformidad con la legislaci\u00f3n aplicable.<\/p>\n\n<p>Tenga en cuenta que si no nos permite recopilar o procesar la informaci\u00f3n personal requerida o retira el consentimiento para procesar la misma para los fines requeridos, es posible que no pueda acceder o utilizar los servicios para los que se solicit\u00f3 su informaci\u00f3n.<\/p>\n\n<h2 class=\"wp-block-heading\" id=\"4-cookies-etc\">4. Cookies Etc.<\/h2>\n\n<p>Para obtener m\u00e1s informaci\u00f3n sobre c\u00f3mo las utilizamos y sus opciones en relaci\u00f3n con estas tecnolog\u00edas de seguimiento, consulte nuestra <a href=\"https:\/\/www.kmgsystems.com\/es\/politica-de-cookies\/\" data-type=\"page\" data-id=\"743\">Pol\u00edtica de cookies<\/a>.<\/p>\n\n<h2 class=\"wp-block-heading\" id=\"5-security\">5. Seguridad:<\/h2>\n\n<p>La seguridad de su informaci\u00f3n es importante para nosotros y utilizaremos medidas de seguridad razonables para evitar la p\u00e9rdida, el uso indebido o la alteraci\u00f3n no autorizada de su informaci\u00f3n bajo nuestro control. Sin embargo, dados los riesgos inherentes, no podemos garantizar una seguridad absoluta y, en consecuencia, no podemos asegurar o garantizar la seguridad de cualquier informaci\u00f3n que nos transmita y usted lo hace bajo su propia responsabilidad.<\/p>\n\n<h2 class=\"wp-block-heading\" id=\"6-third-party-links-use-of-your-information\">6. Enlaces de terceros y uso de su informaci\u00f3n:<\/h2>\n\n<p>Nuestro Servicio puede contener enlaces a otros sitios web que no son operados por nosotros. Esta Pol\u00edtica de Privacidad no aborda la pol\u00edtica de privacidad y otras pr\u00e1cticas de terceros, incluyendo cualquier tercero que opere cualquier sitio web o servicio que pueda ser accesible a trav\u00e9s de un enlace en el Servicio. Le recomendamos encarecidamente que revise la pol\u00edtica de privacidad de cada sitio que visite. No tenemos ning\u00fan control ni asumimos ninguna responsabilidad por el contenido, las pol\u00edticas de privacidad o las pr\u00e1cticas de los sitios o servicios de terceros.<\/p>\n\n<h2 class=\"wp-block-heading\" id=\"7-grievance-data-protection-officer\">7. Responsable de quejas y protecci\u00f3n de datos:<\/h2>\n\n<p>Si tiene alguna pregunta o duda sobre el tratamiento de la informaci\u00f3n de que disponemos, puede enviar un correo electr\u00f3nico a nuestro responsable de quejas a KMG Systems Limited, Station Road, Gamlingay, Sandy, <a href=\"https:\/\/www.kmgsystems.com\/es\/contacto\/\" data-type=\"page\" data-id=\"254\">p\u00f3ngase en contacto con nosotros<\/a>. Abordaremos sus preocupaciones de conformidad con la legislaci\u00f3n aplicable.<\/p>\n\n<p>Pol\u00edtica de privacidad generada con <a target=\"_blank\" href=\"https:\/\/www.cookieyes.com\/?utm_source=PP&amp;utm_medium=footer&amp;utm_campaign=UW\" rel=\"noreferrer noopener\">CookieYes<\/a>.<\/p>\n","protected":false},"excerpt":{"rendered":"<p>Esta Pol\u00edtica de Privacidad describe las pol\u00edticas de KMG Systems Limited, Station Road, Gamlingay, Sandy, Beds SG19 3HE, Reino Unido de Gran Breta\u00f1a e Irlanda del Norte (el), tel\u00e9fono: 01767 650760 sobre la recogida, uso y divulgaci\u00f3n de su informaci\u00f3n que recopilamos cuando usted utiliza nuestro sitio web ( kmgsystems.com ). (el \u00abServicio\u00bb). Al acceder [&hellip;]<\/p>\n","protected":false},"author":1,"featured_media":0,"parent":0,"menu_order":21,"comment_status":"closed","ping_status":"closed","template":"","meta":{"_acf_changed":false,"_uag_custom_page_level_css":"","footnotes":""},"class_list":["post-2456","page","type-page","status-publish","hentry"],"acf":[],"uagb_featured_image_src":{"full":false,"thumbnail":false,"medium":false,"medium_large":false,"large":false,"1536x1536":false,"2048x2048":false,"machine-browser":false,"system-tabs":false,"max-height-large":false},"uagb_author_info":{"display_name":"KMG_Admin","author_link":"https:\/\/www.kmgsystems.com\/es\/author\/kmg_admin\/"},"uagb_comment_info":0,"uagb_excerpt":"Esta Pol\u00edtica de Privacidad describe las pol\u00edticas de KMG Systems Limited, Station Road, Gamlingay, Sandy, Beds SG19 3HE, Reino Unido de Gran Breta\u00f1a e Irlanda del Norte (el), tel\u00e9fono: 01767 650760 sobre la recogida, uso y divulgaci\u00f3n de su informaci\u00f3n que recopilamos cuando usted utiliza nuestro sitio web ( kmgsystems.com ). (el \u00abServicio\u00bb). Al acceder&hellip;","_links":{"self":[{"href":"https:\/\/www.kmgsystems.com\/es\/wp-json\/wp\/v2\/pages\/2456","targetHints":{"allow":["GET"]}}],"collection":[{"href":"https:\/\/www.kmgsystems.com\/es\/wp-json\/wp\/v2\/pages"}],"about":[{"href":"https:\/\/www.kmgsystems.com\/es\/wp-json\/wp\/v2\/types\/page"}],"author":[{"embeddable":true,"href":"https:\/\/www.kmgsystems.com\/es\/wp-json\/wp\/v2\/users\/1"}],"replies":[{"embeddable":true,"href":"https:\/\/www.kmgsystems.com\/es\/wp-json\/wp\/v2\/comments?post=2456"}],"version-history":[{"count":10,"href":"https:\/\/www.kmgsystems.com\/es\/wp-json\/wp\/v2\/pages\/2456\/revisions"}],"predecessor-version":[{"id":4348,"href":"https:\/\/www.kmgsystems.com\/es\/wp-json\/wp\/v2\/pages\/2456\/revisions\/4348"}],"wp:attachment":[{"href":"https:\/\/www.kmgsystems.com\/es\/wp-json\/wp\/v2\/media?parent=2456"}],"curies":[{"name":"wp","href":"https:\/\/api.w.org\/{rel}","templated":true}]}}