{"id":3242,"date":"2023-10-18T07:29:26","date_gmt":"2023-10-18T07:29:26","guid":{"rendered":"https:\/\/www.kmgsystems.com\/?page_id=3242"},"modified":"2025-05-20T05:13:28","modified_gmt":"2025-05-20T05:13:28","slug":"diseno-de-transportadores-vibratorios","status":"publish","type":"page","link":"https:\/\/www.kmgsystems.com\/es\/diseno-de-transportadores-vibratorios\/","title":{"rendered":"Dise\u00f1o de transportadores vibratorios"},"content":{"rendered":"\n<div class=\"wp-block-columns is-layout-flex wp-container-core-columns-is-layout-9d6595d7 wp-block-columns-is-layout-flex\">\n<div class=\"wp-block-column is-layout-flow wp-block-column-is-layout-flow\">\n<h2 class=\"wp-block-heading\">Resumen<\/h2>\n\n\n\n<p>En KMG nos enorgullecemos de nuestro sofisticado dise\u00f1o de transportadores vibratorios. Cuidamos mucho el dise\u00f1o de nuestros transportadores vibrantes EMC2.<\/p>\n\n\n\n<p>Los transportadores vibratorios EMC2 son transportadores electromagn\u00e9ticos que funcionan con una amplitud constante. El controlador env\u00eda impulsos de potencia a cada im\u00e1n cada 40 ms (25 Hz) y la frecuencia natural de la m\u00e1quina se ajusta a la frecuencia de accionamiento. El im\u00e1n hace retroceder el bloque de tracci\u00f3n a frecuencia natural, los muelles de ballesta se liberan y la m\u00e1quina avanza. Al funcionar a frecuencia natural, los transportadores vibratorios KMG consumen muy poca energ\u00eda, normalmente menos de 100 W. Algunos de ustedes sabr\u00e1n que cuando una m\u00e1quina empieza a vibrar, a menudo puede sacudirse. Nuestros transportadores vibratorios est\u00e1n dise\u00f1ados para una larga vida \u00fatil.<\/p>\n\n\n\n<p>Dado que las ballestas est\u00e1n colocadas a <sup>15o<\/sup> de la vertical, el impulso contiene un elemento de movimiento ascendente adem\u00e1s del horizontal. Esto eleva suavemente el producto transportado una fracci\u00f3n de mil\u00edmetro, adem\u00e1s de empujarlo suavemente hacia delante.<\/p>\n<\/div>\n\n\n\n<div class=\"wp-block-column is-layout-flow wp-block-column-is-layout-flow\">\n<figure class=\"wp-block-image size-full is-style-default\"><img loading=\"lazy\" decoding=\"async\" width=\"1219\" height=\"900\" src=\"https:\/\/www.kmgsystems.com\/wp-content\/uploads\/2023\/10\/Vibratory_conveyor_design-e1697616564414.png\" alt=\"\" class=\"wp-image-3233\" srcset=\"https:\/\/www.kmgsystems.com\/wp-content\/uploads\/2023\/10\/Vibratory_conveyor_design-e1697616564414.png 1219w, https:\/\/www.kmgsystems.com\/wp-content\/uploads\/2023\/10\/Vibratory_conveyor_design-e1697616564414-768x567.png 768w, https:\/\/www.kmgsystems.com\/wp-content\/uploads\/2023\/10\/Vibratory_conveyor_design-e1697616564414-542x400.png 542w, https:\/\/www.kmgsystems.com\/wp-content\/uploads\/2023\/10\/Vibratory_conveyor_design-e1697616564414-813x600.png 813w\" sizes=\"auto, (max-width: 1219px) 100vw, 1219px\" \/><\/figure>\n<\/div>\n<\/div>\n\n<h3 class=\"wp-block-heading\">Caracter\u00edsticas especiales<\/h3>\n\n<p>Para dise\u00f1ar el transportador vibratorio adecuado para su aplicaci\u00f3n, debemos tener en cuenta la densidad del producto base y el rendimiento. Un aspecto importante del dise\u00f1o de un transportador vibratorio es la presencia de alguna caracter\u00edstica especial: \u00bfes polvoriento, pegajoso, quebradizo, friable o denso? Tambi\u00e9n tenemos en cuenta el entorno en el que se utilizar\u00e1 el transportador vibratorio: si se trata de un entorno de lavado, ATEX o simplemente ambiental.<\/p>\n\n<h3 class=\"wp-block-heading\">Caracter\u00edsticas especiales<\/h3>\n\n<p>En KMG podemos dise\u00f1ar nuestro EMC2 para incorporar caracter\u00edsticas especiales. Entre ellas podr\u00edan figurar cribas que se utilizar\u00edan para separar los finos o las part\u00edculas m\u00e1s peque\u00f1as. Tambi\u00e9n podemos incluir una serie de puertas. Si necesita liberar algunos productos b\u00e1sicos a lo largo de la cinta transportadora, podemos incorporar una \u00abcompuerta en el canal\u00bb. Si, por el contrario, necesita poder retener el producto en el transportador, por ejemplo, si un proceso posterior necesita m\u00e1s tiempo, podemos incorporar compuertas finales a nuestro dise\u00f1o de transportador vibratorio.<\/p>\n\n<p><\/p>\n\n<h2 class=\"wp-block-heading has-text-align-center\">Los 4 pilares de la estrategia KMG<\/h2>\n\n<p class=\"has-text-align-center\">Cuando nos planteamos el dise\u00f1o de un transportador vibratorio, siempre tenemos que tener en cuenta lo siguiente:<\/p>\n\n<div class=\"wp-block-columns is-layout-flex wp-container-core-columns-is-layout-9d6595d7 wp-block-columns-is-layout-flex\">\n<div class=\"wp-block-column is-layout-flow wp-block-column-is-layout-flow\">\n<div class=\"wp-block-uagb-info-box uagb-block-0759fd3f uagb-infobox__content-wrap  uagb-infobox-icon-above-title uagb-infobox-image-valign-top\"><div class=\"uagb-ifb-content\"><div class=\"uagb-ifb-icon-wrap\"><svg xmlns=\"https:\/\/www.w3.org\/2000\/svg\" viewbox=\"0 0 640 512\"><path d=\"M448 432c0-14.25 8.547-28.14 21.28-34.55l39.56-16.56l15.64-37.52c4.461-9.037 11.45-15.37 19.43-19.23L544 128c0-17.67-14.33-32-32-32s-32 14.33-32 32l-.0156 112c0 8.836-7.148 16-15.98 16s-16.07-7.164-16.07-16L448 64c0-17.67-14.33-32-32-32s-32 14.33-32 32l-.0635 176c0 8.836-7.106 16-15.94 16S351.9 248.8 351.9 240L352 32c0-17.67-14.33-32-32-32S288 14.33 288 32L287.9 240C287.9 248.8 280.8 256 272 256S255.9 248.8 255.9 240L256 64c0-17.67-14.33-32-32-32S192 46.33 192 64v279.4L132.3 283.7C124.5 275.9 114.2 272 104 272C82.68 272 64 289.2 64 312c0 10.23 3.906 20.47 11.72 28.28l113.1 113.1C226.6 491.2 276.9 512 330.3 512H368c42.72 0 81.91-15.32 112.4-40.73l-9.049-3.773C456.6 460.1 448 446.3 448 432zM349.8 371.6L320 383.1l-12.42 29.78C306.1 415 305.4 416 304 416s-2.969-.9941-3.578-2.219L288 383.1l-29.79-12.42C256.1 370.1 256 369.4 256 367.1c0-1.365 .9922-2.967 2.209-3.577L288 352l12.42-29.79C301 320.1 302.6 320 304 320s2.967 .9902 3.578 2.217L320 352l29.79 12.42C351 365 352 366.6 352 367.1C352 369.4 351 370.1 349.8 371.6zM80 224c2.277 0 4.943-1.656 5.959-3.699l20.7-49.63l49.65-20.71c2.027-1.014 3.682-3.696 3.686-5.958C159.1 141.7 158.3 139.1 156.3 138L106.7 117.4L85.96 67.7C84.94 65.65 82.28 64 80 64C77.72 64 75.05 65.65 74.04 67.7L53.34 117.3L3.695 138C1.668 139.1 .0117 141.7 .0078 143.1c.0039 2.262 1.662 4.953 3.688 5.967l49.57 20.67l20.77 49.67C75.05 222.3 77.72 224 80 224zM639.1 432c-.0039-2.275-1.657-4.952-3.687-5.968l-49.57-20.67l-20.77-49.67C564.9 353.7 562.3 352 560 352c-2.281 0-4.959 1.652-5.975 3.695l-20.7 49.63l-49.64 20.71c-2.027 1.016-3.682 3.683-3.686 5.958c.0039 2.262 1.661 4.954 3.686 5.968l49.57 20.67l20.77 49.67C555.1 510.3 557.7 512 560 512c2.277 0 4.933-1.656 5.949-3.699l20.7-49.63l49.65-20.71C638.3 436.9 639.1 434.3 639.1 432z\"><\/path><\/svg><\/div><div class=\"uagb-ifb-title-wrap\"><h3 class=\"uagb-ifb-title\">Higiene<\/h3><\/div><p class=\"uagb-ifb-desc\">Dado que suministramos equipos para la industria alimentaria, es fundamental que dise\u00f1emos para la higiene. Las superficies de contacto con los alimentos de nuestros transportadores vibratorios son de acero inoxidable 304. Lo dise\u00f1amos para que sea f\u00e1cil de limpiar, sin rincones estrechos ni trampas de polvo. Todo es de f\u00e1cil acceso, con ca\u00eddas adecuadas para facilitar el drenaje.<\/p><\/div><\/div>\n<\/div>\n\n\n\n<div class=\"wp-block-column is-layout-flow wp-block-column-is-layout-flow\">\n<div class=\"wp-block-uagb-info-box uagb-block-62ab41df uagb-infobox__content-wrap  uagb-infobox-icon-above-title uagb-infobox-image-valign-top\"><div class=\"uagb-ifb-content\"><div class=\"uagb-ifb-icon-wrap\"><svg xmlns=\"https:\/\/www.w3.org\/2000\/svg\" viewbox=\"0 0 512 512\"><path d=\"M502.6 182.6l-45.25-45.25C451.4 131.4 443.3 128 434.8 128H384V80C384 53.5 362.5 32 336 32h-160C149.5 32 128 53.5 128 80V128H77.25c-8.5 0-16.62 3.375-22.62 9.375L9.375 182.6C3.375 188.6 0 196.8 0 205.3V304h128v-32C128 263.1 135.1 256 144 256h32C184.9 256 192 263.1 192 272v32h128v-32C320 263.1 327.1 256 336 256h32C376.9 256 384 263.1 384 272v32h128V205.3C512 196.8 508.6 188.6 502.6 182.6zM336 128h-160V80h160V128zM384 368c0 8.875-7.125 16-16 16h-32c-8.875 0-16-7.125-16-16v-32H192v32C192 376.9 184.9 384 176 384h-32C135.1 384 128 376.9 128 368v-32H0V448c0 17.62 14.38 32 32 32h448c17.62 0 32-14.38 32-32v-112h-128V368z\"><\/path><\/svg><\/div><div class=\"uagb-ifb-title-wrap\"><h3 class=\"uagb-ifb-title\">Mantenimiento<\/h3><\/div><p class=\"uagb-ifb-desc\">Dise\u00f1amos nuestros equipos para que duren d\u00e9cadas. Pensamos en el mantenimiento y en c\u00f3mo facilitarle al m\u00e1ximo el mantenimiento de su propio equipo. Nos aseguramos de que haya un acceso adecuado para que las tareas de mantenimiento puedan realizarse f\u00e1cil y r\u00e1pidamente.  <\/p><\/div><\/div>\n<\/div>\n<\/div>\n\n<div class=\"wp-block-columns is-layout-flex wp-container-core-columns-is-layout-9d6595d7 wp-block-columns-is-layout-flex\">\n<div class=\"wp-block-column is-layout-flow wp-block-column-is-layout-flow\">\n<div class=\"wp-block-uagb-info-box uagb-block-5a1fa7e3 uagb-infobox__content-wrap  uagb-infobox-icon-above-title uagb-infobox-image-valign-top\"><div class=\"uagb-ifb-content\"><div class=\"uagb-ifb-icon-wrap\"><svg xmlns=\"https:\/\/www.w3.org\/2000\/svg\" viewbox=\"0 0 576 512\"><path d=\"M544 280.9c0-89.17-61.83-165.4-139.6-197.4L352 174.2V49.78C352 39.91 344.1 32 334.2 32H241.8C231.9 32 224 39.91 224 49.78v124.4L171.6 83.53C93.83 115.5 32 191.7 32 280.9L31.99 352h512L544 280.9zM574.7 393.7C572.2 387.8 566.4 384 560 384h-544c-6.375 0-12.16 3.812-14.69 9.656c-2.531 5.875-1.344 12.69 3.062 17.34C7.031 413.8 72.02 480 287.1 480s280.1-66.19 283.6-69C576 406.3 577.2 399.5 574.7 393.7z\"><\/path><\/svg><\/div><div class=\"uagb-ifb-title-wrap\"><h3 class=\"uagb-ifb-title\">Seguridad<\/h3><\/div><p class=\"uagb-ifb-desc\">Tenemos en cuenta todos los aspectos de la seguridad: la seguridad del operador, la seguridad del mantenimiento y la seguridad p\u00fablica. Esto significa dise\u00f1ar nuestros equipos para que funcionen de forma segura sin necesidad de una protecci\u00f3n excesiva. Si algo est\u00e1 vigilado, \u00bfse limpiar\u00e1? Nuestro equilibrado  <a href=\"https:\/\/www.kmgsystems.com\/es\/machine\/transportadores-vibratorios-con-compuertas\/\">puertas finales<\/a>  son un ejemplo perfecto de nuestro dise\u00f1o seguro: est\u00e1n equilibradas de modo que s\u00f3lo necesitan la m\u00ednima cantidad de fuerza para moverlas a la otra posici\u00f3n, lo que significa que se mueven lenta y suavemente y dan al operario tiempo suficiente para apartar la mano. Al mismo tiempo, al no tener protecciones, son f\u00e1ciles de limpiar, lo que es importante para la seguridad p\u00fablica.<\/p><\/div><\/div>\n<\/div>\n\n\n\n<div class=\"wp-block-column is-layout-flow wp-block-column-is-layout-flow\">\n<div class=\"wp-block-uagb-info-box uagb-block-a22f0ed3 uagb-infobox__content-wrap  uagb-infobox-icon-above-title uagb-infobox-image-valign-top\"><div class=\"uagb-ifb-content\"><div class=\"uagb-ifb-icon-wrap\"><svg xmlns=\"https:\/\/www.w3.org\/2000\/svg\" viewbox=\"0 0 576 512\"><path d=\"M252 208C252 196.1 260.1 188 272 188H288C299 188 308 196.1 308 208V276H312C323 276 332 284.1 332 296C332 307 323 316 312 316H264C252.1 316 244 307 244 296C244 284.1 252.1 276 264 276H268V227.6C258.9 225.7 252 217.7 252 208zM512 64C547.3 64 576 92.65 576 128V384C576 419.3 547.3 448 512 448H64C28.65 448 0 419.3 0 384V128C0 92.65 28.65 64 64 64H512zM128 384C128 348.7 99.35 320 64 320V384H128zM64 192C99.35 192 128 163.3 128 128H64V192zM512 384V320C476.7 320 448 348.7 448 384H512zM512 128H448C448 163.3 476.7 192 512 192V128zM288 144C226.1 144 176 194.1 176 256C176 317.9 226.1 368 288 368C349.9 368 400 317.9 400 256C400 194.1 349.9 144 288 144z\"><\/path><\/svg><\/div><div class=\"uagb-ifb-title-wrap\"><h3 class=\"uagb-ifb-title\">Coste<\/h3><\/div><p class=\"uagb-ifb-desc\">Al dise\u00f1ar nuestros transportadores vibratorios tenemos en cuenta, por supuesto, los costes. Nuestro objetivo es fabricar una m\u00e1quina que funcione de forma fiable durante d\u00e9cadas. Gracias a la estrecha colaboraci\u00f3n con nuestro equipo interno de fabricaci\u00f3n, nuestros dise\u00f1adores pueden incorporar las caracter\u00edsticas m\u00e1s eficientes de nuestras modernas instalaciones de fabricaci\u00f3n.<\/p><\/div><\/div>\n<\/div>\n<\/div>\n","protected":false},"excerpt":{"rendered":"<p>Resumen En KMG nos enorgullecemos de nuestro sofisticado dise\u00f1o de transportadores vibratorios. Cuidamos mucho el dise\u00f1o de nuestros transportadores vibrantes EMC2. Los transportadores vibratorios EMC2 son transportadores electromagn\u00e9ticos que funcionan con una amplitud constante. El controlador env\u00eda impulsos de potencia a cada im\u00e1n cada 40 ms (25 Hz) y la frecuencia natural de la m\u00e1quina [&hellip;]<\/p>\n","protected":false},"author":9,"featured_media":0,"parent":0,"menu_order":0,"comment_status":"closed","ping_status":"closed","template":"","meta":{"_acf_changed":false,"_uag_custom_page_level_css":"","footnotes":""},"class_list":["post-3242","page","type-page","status-publish","hentry"],"acf":[],"uagb_featured_image_src":{"full":false,"thumbnail":false,"medium":false,"medium_large":false,"large":false,"1536x1536":false,"2048x2048":false,"machine-browser":false,"system-tabs":false,"max-height-large":false},"uagb_author_info":{"display_name":"Helen Weatherley","author_link":"https:\/\/www.kmgsystems.com\/es\/author\/helen\/"},"uagb_comment_info":0,"uagb_excerpt":"Resumen En KMG nos enorgullecemos de nuestro sofisticado dise\u00f1o de transportadores vibratorios. Cuidamos mucho el dise\u00f1o de nuestros transportadores vibrantes EMC2. Los transportadores vibratorios EMC2 son transportadores electromagn\u00e9ticos que funcionan con una amplitud constante. El controlador env\u00eda impulsos de potencia a cada im\u00e1n cada 40 ms (25 Hz) y la frecuencia natural de la m\u00e1quina&hellip;","_links":{"self":[{"href":"https:\/\/www.kmgsystems.com\/es\/wp-json\/wp\/v2\/pages\/3242","targetHints":{"allow":["GET"]}}],"collection":[{"href":"https:\/\/www.kmgsystems.com\/es\/wp-json\/wp\/v2\/pages"}],"about":[{"href":"https:\/\/www.kmgsystems.com\/es\/wp-json\/wp\/v2\/types\/page"}],"author":[{"embeddable":true,"href":"https:\/\/www.kmgsystems.com\/es\/wp-json\/wp\/v2\/users\/9"}],"replies":[{"embeddable":true,"href":"https:\/\/www.kmgsystems.com\/es\/wp-json\/wp\/v2\/comments?post=3242"}],"version-history":[{"count":9,"href":"https:\/\/www.kmgsystems.com\/es\/wp-json\/wp\/v2\/pages\/3242\/revisions"}],"predecessor-version":[{"id":4727,"href":"https:\/\/www.kmgsystems.com\/es\/wp-json\/wp\/v2\/pages\/3242\/revisions\/4727"}],"wp:attachment":[{"href":"https:\/\/www.kmgsystems.com\/es\/wp-json\/wp\/v2\/media?parent=3242"}],"curies":[{"name":"wp","href":"https:\/\/api.w.org\/{rel}","templated":true}]}}