{"id":3451,"date":"2023-11-09T09:15:52","date_gmt":"2023-11-09T09:15:52","guid":{"rendered":"https:\/\/www.kmgsystems.com\/sistemas-transportadores-vibrantes\/"},"modified":"2025-05-20T05:14:42","modified_gmt":"2025-05-20T05:14:42","slug":"sistemas-transportadores-vibrantes","status":"publish","type":"page","link":"https:\/\/www.kmgsystems.com\/es\/sistemas-transportadores-vibrantes\/","title":{"rendered":"Sistemas transportadores vibrantes"},"content":{"rendered":"\n<div class=\"wp-block-columns has-kmg-bg-light-blue-background-color has-background is-layout-flex wp-container-core-columns-is-layout-9d6595d7 wp-block-columns-is-layout-flex\">\n<div class=\"wp-block-column is-vertically-aligned-center is-layout-flow wp-block-column-is-layout-flow\">\n<h5 class=\"wp-block-heading\">Los sistemas de transportadores vibratorios constan de una serie de transportadores vibratorios dise\u00f1ados para recoger el producto de un proceso, alimentarse mutuamente y, a continuaci\u00f3n, pasar a un proceso posterior.  <\/h5>\n\n\n\n<p>Los sistemas transportadores vibrantes pueden utilizarse como parte de un proceso, por ejemplo un sistema de aderezo, o para transferir producto a una serie de pesadoras\/embolsadoras, por ejemplo un sistema de envasado, o para transportar producto a trav\u00e9s de la f\u00e1brica a un proceso diferente, un sistema de transferencia.<\/p>\n<\/div>\n\n\n\n<div class=\"wp-block-column is-layout-flow wp-block-column-is-layout-flow\">\n<figure class=\"wp-block-image size-full\"><img loading=\"lazy\" decoding=\"async\" width=\"513\" height=\"348\" src=\"https:\/\/www.kmgsystems.com\/wp-content\/uploads\/2022\/01\/about2-1.jpg\" alt=\"\" class=\"wp-image-561\"><\/figure>\n<\/div>\n<\/div>\n\n<div class=\"wp-block-columns are-vertically-aligned-center has-kmg-bg-light-grey-background-color has-background is-layout-flex wp-container-core-columns-is-layout-9d6595d7 wp-block-columns-is-layout-flex\">\n<div class=\"wp-block-column is-vertically-aligned-center is-layout-flow wp-block-column-is-layout-flow\">\n<figure class=\"wp-block-image size-full\"><img loading=\"lazy\" decoding=\"async\" width=\"2560\" height=\"1707\" src=\"https:\/\/www.kmgsystems.com\/wp-content\/uploads\/2022\/01\/RAYS4286-scaled.webp\" alt=\"\" class=\"wp-image-843\" srcset=\"https:\/\/www.kmgsystems.com\/wp-content\/uploads\/2022\/01\/RAYS4286-scaled.webp 2560w, https:\/\/www.kmgsystems.com\/wp-content\/uploads\/2022\/01\/RAYS4286-scaled-768x512.webp 768w, https:\/\/www.kmgsystems.com\/wp-content\/uploads\/2022\/01\/RAYS4286-scaled-1536x1024.webp 1536w, https:\/\/www.kmgsystems.com\/wp-content\/uploads\/2022\/01\/RAYS4286-scaled-2048x1366.webp 2048w, https:\/\/www.kmgsystems.com\/wp-content\/uploads\/2022\/01\/RAYS4286-scaled-600x400.webp 600w, https:\/\/www.kmgsystems.com\/wp-content\/uploads\/2022\/01\/RAYS4286-scaled-900x600.webp 900w\" sizes=\"auto, (max-width: 2560px) 100vw, 2560px\" \/><\/figure>\n<\/div>\n\n\n\n<div class=\"wp-block-column is-vertically-aligned-center is-layout-flow wp-block-column-is-layout-flow\">\n<p>Lo que todos estos sistemas tienen en com\u00fan es que est\u00e1n cuidadosamente dise\u00f1ados para que las distintas m\u00e1quinas funcionen juntas a la perfecci\u00f3n y que los <a href=\"https:\/\/www.kmgsystems.com\/es\/controles-e-integracion\/\">controles y el software de automatizaci\u00f3n<\/a> sean los adecuados para la tarea y est\u00e9n totalmente integrados con el resto del software de su f\u00e1brica. En KMG escribimos todo nuestro software de automatizaci\u00f3n en casa y empleamos a nuestros propios ingenieros de puesta en marcha. Veamos con m\u00e1s detalle estos tres tipos diferentes de sistemas transportadores vibrantes.<\/p>\n<\/div>\n<\/div>\n\n<h2 class=\"wp-block-heading has-text-align-center\">Sistemas de aderezo<\/h2>\n\n<p class=\"has-text-align-center\"><strong>Existen dos tipos principales de sistemas de condimentaci\u00f3n y KMG dise\u00f1a y fabrica ambos tipos. Puede elegir entre un sistema de condimentaci\u00f3n de cocina KMG, que normalmente se situar\u00e1 inmediatamente despu\u00e9s de su proceso, o un sistema de condimentaci\u00f3n en m\u00e1quina KMG, que alimentar\u00e1 uno o m\u00e1s tambores de condimentaci\u00f3n directamente encima de las m\u00e1quinas de envasado.<\/strong><\/p>\n\n<div class=\"wp-block-columns is-layout-flex wp-container-core-columns-is-layout-9d6595d7 wp-block-columns-is-layout-flex\">\n<div class=\"wp-block-column is-vertically-aligned-center is-layout-flow wp-block-column-is-layout-flow\">\n<p>Ambos tipos de sistemas de condimentaci\u00f3n constar\u00e1n de una serie de componentes, algunos de los cuales ser\u00e1n transportadores vibratorios.<\/p>\n\n\n\n<ul class=\"wp-block-list\">\n<li><a href=\"https:\/\/www.kmgsystems.com\/machine\/flow-weigher\/\">FlowWeigher<\/a><\/li>\n\n\n\n<li><a href=\"https:\/\/www.kmgsystems.com\/es\/m&#xE1;quina\/tambor-de-sabor\/\">Tambor de sabor<\/a><\/li>\n\n\n\n<li><a href=\"https:\/\/www.kmgsystems.com\/es\/m&#xE1;quina\/transportador-vibratorio-de-alimentacion-de-aromas\/\">Aplicador de aromas<\/a><\/li>\n\n\n\n<li><a href=\"https:\/\/www.kmgsystems.com\/es\/m&#xE1;quina\/transportador-vibratorio-de-alimentacion-de-aromas\/\">Alimentador de sabor<\/a><\/li>\n\n\n\n<li>Cinta de descarga del tambor<\/li>\n<\/ul>\n\n\n\n<p>En KMG tambi\u00e9n dise\u00f1amos y construimos la estructura de acero que soporta el sistema de estacionamiento, adem\u00e1s de dise\u00f1ar e integrar los controles.<\/p>\n<\/div>\n\n\n\n<div class=\"wp-block-column is-layout-flow wp-block-column-is-layout-flow\">\n<div class=\"wp-block-uagb-container uagb-block-d239d5f2 alignfull uagb-is-root-container\"><div class=\"uagb-container-inner-blocks-wrap\">\n<figure class=\"wp-block-embed is-type-video is-provider-vimeo wp-block-embed-vimeo\"><div class=\"wp-block-embed__wrapper\">\n<iframe loading=\"lazy\" title=\"seasoning_animation\" src=\"https:\/\/player.vimeo.com\/video\/891414164?dnt=1&amp;app_id=122963\" width=\"1294\" height=\"1000\" frameborder=\"0\" allow=\"autoplay; fullscreen; picture-in-picture; clipboard-write; encrypted-media\"><\/iframe>\n<\/div><\/figure>\n<\/div><\/div>\n<\/div>\n<\/div>\n\n<div class=\"wp-block-columns is-layout-flex wp-container-core-columns-is-layout-9d6595d7 wp-block-columns-is-layout-flex\">\n<div class=\"wp-block-column is-vertically-aligned-center has-kmg-white-color has-kmg-primary-background-color has-text-color has-background has-link-color wp-elements-a3f734c9ed5d9e052aa5d93fbc57cc24 is-layout-flow wp-block-column-is-layout-flow\">\n<div class=\"wp-block-uagb-container uagb-block-cb8137e7 alignfull uagb-is-root-container\"><div class=\"uagb-container-inner-blocks-wrap\">\n<p class=\"has-text-align-center has-medium-font-size\">Sabemos que usted considera que la repetibilidad y la precisi\u00f3n son fundamentales para el aderezo de sus productos y, durante muchos a\u00f1os, KMG ha estado a la vanguardia del desarrollo de sistemas de aderezo.<\/p>\n\n\n\n<p class=\"has-text-align-center has-medium-font-size\">Nuestros sistemas de condimentaci\u00f3n est\u00e1n dise\u00f1ados para ser robustos y fiables con un control basado en recetas, y cuentan con una capacidad de proceso l\u00edder en la industria. Esto le garantiza un envasado de primera calidad eficiente y rentable.<\/p>\n<\/div><\/div>\n<\/div>\n<\/div>\n\n<h2 class=\"wp-block-heading\">Sistemas de distribuci\u00f3n<\/h2>\n\n<div class=\"wp-block-columns is-layout-flex wp-container-core-columns-is-layout-9d6595d7 wp-block-columns-is-layout-flex\">\n<div class=\"wp-block-column is-layout-flow wp-block-column-is-layout-flow\">\n<p>En KMG agrupamos nuestros transportadores de distribuci\u00f3n en m\u00f3dulos para formar un sistema que transporte y distribuya el producto a las estaciones de embalaje. Normalmente transportamos patatas fritas, aperitivos, cereales, alimentos para mascotas y golosinas.<\/p>\n\n\n\n<p>Nuestros sistemas de distribuci\u00f3n pueden dise\u00f1arse para ofrecer un almacenamiento en l\u00ednea que garantice el empaquetado seg\u00fan el orden de entrada. Nuestro software de \u00faltima generaci\u00f3n permite equilibrar las l\u00edneas para adaptar la capacidad de proceso a la capacidad de envasado en tiempo real. Dise\u00f1amos los controles y desarrollamos el software de automatizaci\u00f3n internamente y ponemos a su disposici\u00f3n nuestro propio equipo de ingenieros de puesta en marcha para que pueda empezar a trabajar.<\/p>\n\n\n\n<p>El transportador vibratorio electromagn\u00e9tico KMG constituye la columna vertebral de nuestros sistemas de transporte vibratorio, ya que ofrece un consumo energ\u00e9tico ultrabajo, una manipulaci\u00f3n suave del producto y dise\u00f1os higi\u00e9nicos y totalmente soldados.<\/p>\n<\/div>\n\n\n\n<div class=\"wp-block-column is-layout-flow wp-block-column-is-layout-flow\">\n<figure class=\"wp-block-image size-full\"><img loading=\"lazy\" decoding=\"async\" width=\"1151\" height=\"592\" src=\"https:\/\/www.kmgsystems.com\/wp-content\/uploads\/2021\/11\/Screenshot-2022-01-06-141104.jpg\" alt=\"Transportadores de distribuci&#xF3;n\" class=\"wp-image-492\" srcset=\"https:\/\/www.kmgsystems.com\/wp-content\/uploads\/2021\/11\/Screenshot-2022-01-06-141104.jpg 1151w, https:\/\/www.kmgsystems.com\/wp-content\/uploads\/2021\/11\/Screenshot-2022-01-06-141104-768x395.jpg 768w, https:\/\/www.kmgsystems.com\/wp-content\/uploads\/2021\/11\/Screenshot-2022-01-06-141104-600x309.jpg 600w\" sizes=\"auto, (max-width: 1151px) 100vw, 1151px\" \/><\/figure>\n<\/div>\n<\/div>\n\n<div class=\"wp-block-columns is-layout-flex wp-container-core-columns-is-layout-9d6595d7 wp-block-columns-is-layout-flex\">\n<div class=\"wp-block-column is-layout-flow wp-block-column-is-layout-flow\">\n<figure class=\"wp-block-image size-full\"><img loading=\"lazy\" decoding=\"async\" width=\"511\" height=\"384\" src=\"https:\/\/www.kmgsystems.com\/wp-content\/uploads\/2022\/01\/about1-1.jpg\" alt=\"sistema transportador vibrante\" class=\"wp-image-560\"\/><\/figure>\n<\/div>\n\n\n\n<div class=\"wp-block-column is-layout-flow wp-block-column-is-layout-flow\">\n<p>Ofrecemos un sistema de distribuci\u00f3n con o sin compuertas. Nuestro sistema patentado Autoflow plus sin compuertas presenta ca\u00eddas m\u00ednimas de producto y no tiene piezas m\u00f3viles. La alimentaci\u00f3n controlada dirige el producto hacia la salida de la m\u00e1quina o lo aleja de ella en respuesta a la demanda de envasado. Es un sistema de distribuci\u00f3n extremadamente eficaz, ya que no requiere aire comprimido. Es adecuado tanto para la distribuci\u00f3n de paquetes como para el producto sazonado.<\/p>\n\n\n\n<p>Los sistemas de transportadores vibratorios con compuerta de KMG incluyen una compuerta sencilla de accionamiento neum\u00e1tico que forma parte del propio transportador. La puerta est\u00e1 equilibrada, lo que significa que se acciona con una fuerza m\u00ednima y, por tanto, no requiere protecci\u00f3n. Todo el sistema presenta unos costes de funcionamiento y mantenimiento ultrabajos. Los sistemas de transportadores vibrantes KMG proporcionar\u00e1n a los fabricantes de alimentos un equipo de capital s\u00f3lido y fiable que durar\u00e1 a\u00f1os y proporcionar\u00e1 un funcionamiento de bajo coste a largo plazo.<\/p>\n\n\n\n<p>Sabemos que la manipulaci\u00f3n cuidadosa de los productos es fundamental para sus operaciones, por lo que garantizamos la descarga de producto sobre producto para minimizar las roturas.<\/p>\n<\/div>\n<\/div>\n\n<h2 class=\"wp-block-heading has-text-align-center\">Sistema de transferencia<\/h2>\n\n<p class=\"has-text-align-center\">Los sistemas transportadores vibrantes son ideales para trasladar productos de una parte a otra de su f\u00e1brica, por ejemplo para conectar distintos procesos o para llegar a sistemas de envasado estacionales.<\/p>\n\n<p><\/p>\n","protected":false},"excerpt":{"rendered":"<p>Los sistemas de transportadores vibratorios constan de una serie de transportadores vibratorios dise\u00f1ados para recoger el producto de un proceso, alimentarse mutuamente y, a continuaci\u00f3n, pasar a un proceso posterior. Los sistemas transportadores vibrantes pueden utilizarse como parte de un proceso, por ejemplo un sistema de aderezo, o para transferir producto a una serie de [&hellip;]<\/p>\n","protected":false},"author":9,"featured_media":0,"parent":0,"menu_order":0,"comment_status":"closed","ping_status":"closed","template":"","meta":{"_acf_changed":false,"_uag_custom_page_level_css":"","footnotes":""},"class_list":["post-3451","page","type-page","status-publish","hentry"],"acf":[],"uagb_featured_image_src":{"full":false,"thumbnail":false,"medium":false,"medium_large":false,"large":false,"1536x1536":false,"2048x2048":false,"machine-browser":false,"system-tabs":false,"max-height-large":false},"uagb_author_info":{"display_name":"Helen Weatherley","author_link":"https:\/\/www.kmgsystems.com\/es\/author\/helen\/"},"uagb_comment_info":0,"uagb_excerpt":"Los sistemas de transportadores vibratorios constan de una serie de transportadores vibratorios dise\u00f1ados para recoger el producto de un proceso, alimentarse mutuamente y, a continuaci\u00f3n, pasar a un proceso posterior. Los sistemas transportadores vibrantes pueden utilizarse como parte de un proceso, por ejemplo un sistema de aderezo, o para transferir producto a una serie de&hellip;","_links":{"self":[{"href":"https:\/\/www.kmgsystems.com\/es\/wp-json\/wp\/v2\/pages\/3451","targetHints":{"allow":["GET"]}}],"collection":[{"href":"https:\/\/www.kmgsystems.com\/es\/wp-json\/wp\/v2\/pages"}],"about":[{"href":"https:\/\/www.kmgsystems.com\/es\/wp-json\/wp\/v2\/types\/page"}],"author":[{"embeddable":true,"href":"https:\/\/www.kmgsystems.com\/es\/wp-json\/wp\/v2\/users\/9"}],"replies":[{"embeddable":true,"href":"https:\/\/www.kmgsystems.com\/es\/wp-json\/wp\/v2\/comments?post=3451"}],"version-history":[{"count":3,"href":"https:\/\/www.kmgsystems.com\/es\/wp-json\/wp\/v2\/pages\/3451\/revisions"}],"predecessor-version":[{"id":4358,"href":"https:\/\/www.kmgsystems.com\/es\/wp-json\/wp\/v2\/pages\/3451\/revisions\/4358"}],"wp:attachment":[{"href":"https:\/\/www.kmgsystems.com\/es\/wp-json\/wp\/v2\/media?parent=3451"}],"curies":[{"name":"wp","href":"https:\/\/api.w.org\/{rel}","templated":true}]}}