{"id":4369,"date":"2025-02-17T15:02:51","date_gmt":"2025-02-17T15:02:51","guid":{"rendered":"https:\/\/www.kmgsystems.com\/soluciones-automatizadas-para-el-transporte-de-aperitivos\/"},"modified":"2025-12-15T17:39:29","modified_gmt":"2025-12-15T17:39:29","slug":"soluciones-automatizadas-para-el-transporte-de-aperitivos","status":"publish","type":"page","link":"https:\/\/www.kmgsystems.com\/es\/nuestros-servicios\/soluciones-automatizadas-para-el-transporte-de-aperitivos\/","title":{"rendered":"Soluciones automatizadas para el transporte de aperitivos"},"content":{"rendered":"\n<div class=\"wp-block-columns has-kmg-bg-light-blue-background-color has-background is-layout-flex wp-container-core-columns-is-layout-9d6595d7 wp-block-columns-is-layout-flex\">\n<div class=\"wp-block-column is-vertically-aligned-center is-layout-flow wp-block-column-is-layout-flow\">\n<h5 class=\"wp-block-heading\">KMG Systems dise\u00f1a soluciones automatizadas de alto rendimiento para el transporte de aperitivos, garantizando un movimiento suave y eficaz del producto en todas las fases de producci\u00f3n.<\/h5>\n\n\n\n<p>Nuestra experiencia radica en el suministro de equipos que admiten operaciones de alta velocidad a la vez que mantienen una manipulaci\u00f3n cuidadosa, garantizando la integridad del producto para patatas fritas, frutos secos, palomitas de ma\u00edz y aperitivos recubiertos. Nuestros sistemas de transporte est\u00e1n dise\u00f1ados para ofrecer fiabilidad, higiene y eficiencia, ya sea para transportar materias primas, trasladar productos entre etapas de procesamiento o dirigir los aperitivos terminados al envasado. <\/p>\n<\/div>\n\n\n\n<div class=\"wp-block-column is-layout-flow wp-block-column-is-layout-flow\"><div class=\"wp-block-image\">\n<figure class=\"alignright size-full is-resized\"><img decoding=\"async\" width=\"2560\" height=\"2544\" src=\"https:\/\/www.kmgsystems.com\/wp-content\/uploads\/2023\/03\/seasoning-drum-scaled.jpg\" alt=\"tambor sazonador\" class=\"wp-image-1631\" style=\"width:396px;height:auto\" srcset=\"https:\/\/www.kmgsystems.com\/wp-content\/uploads\/2023\/03\/seasoning-drum-scaled.jpg 2560w, https:\/\/www.kmgsystems.com\/wp-content\/uploads\/2023\/03\/seasoning-drum-768x763.jpg 768w, https:\/\/www.kmgsystems.com\/wp-content\/uploads\/2023\/03\/seasoning-drum-1536x1526.jpg 1536w, https:\/\/www.kmgsystems.com\/wp-content\/uploads\/2023\/03\/seasoning-drum-2048x2035.jpg 2048w, https:\/\/www.kmgsystems.com\/wp-content\/uploads\/2023\/03\/seasoning-drum-403x400.jpg 403w, https:\/\/www.kmgsystems.com\/wp-content\/uploads\/2023\/03\/seasoning-drum-604x600.jpg 604w\" sizes=\"(max-width: 2560px) 100vw, 2560px\" \/><\/figure>\n<\/div><\/div>\n<\/div>\n\n<div class=\"wp-block-columns are-vertically-aligned-center has-kmg-bg-light-grey-background-color has-background is-layout-flex wp-container-core-columns-is-layout-9d6595d7 wp-block-columns-is-layout-flex\">\n<div class=\"wp-block-column is-vertically-aligned-center is-layout-flow wp-block-column-is-layout-flow\">\n<figure class=\"wp-block-image size-full is-resized\"><img decoding=\"async\" width=\"1707\" height=\"2560\" src=\"https:\/\/www.kmgsystems.com\/wp-content\/uploads\/2023\/03\/seasoning-infeed-scaled.jpg\" alt=\"sistema de pulverizaci&#xF3;n de aceite\" class=\"wp-image-1630\" style=\"width:271px;height:auto\" srcset=\"https:\/\/www.kmgsystems.com\/wp-content\/uploads\/2023\/03\/seasoning-infeed-scaled.jpg 1707w, https:\/\/www.kmgsystems.com\/wp-content\/uploads\/2023\/03\/seasoning-infeed-768x1152.jpg 768w, https:\/\/www.kmgsystems.com\/wp-content\/uploads\/2023\/03\/seasoning-infeed-1024x1536.jpg 1024w, https:\/\/www.kmgsystems.com\/wp-content\/uploads\/2023\/03\/seasoning-infeed-1365x2048.jpg 1365w, https:\/\/www.kmgsystems.com\/wp-content\/uploads\/2023\/03\/seasoning-infeed-267x400.jpg 267w, https:\/\/www.kmgsystems.com\/wp-content\/uploads\/2023\/03\/seasoning-infeed-400x600.jpg 400w\" sizes=\"(max-width: 1707px) 100vw, 1707px\" \/><\/figure>\n<\/div>\n\n\n\n<div class=\"wp-block-column is-vertically-aligned-center is-layout-flow wp-block-column-is-layout-flow\" style=\"flex-basis:650px\">\n<p>Durante m\u00e1s de cuatro d\u00e9cadas, KMG Systems ha desarrollado soluciones de transporte innovadoras, perfeccionando nuestra tecnolog\u00eda para satisfacer las cambiantes demandas de la producci\u00f3n de aperitivos. Nuestros sistemas est\u00e1n dise\u00f1ados para manipular una amplia gama de productos de aperitivo con precisi\u00f3n y consistencia, garantizando un flujo de producto controlado y minimizando las roturas. <\/p>\n\n\n\n<p>Nuestros transportadores vibratorios de acero inoxidable garantizan una distribuci\u00f3n uniforme, ofrecen una construcci\u00f3n higi\u00e9nica y ajustes regulables para adaptarse a distintos tipos de productos. Estos sistemas mantienen un movimiento fluido del producto al tiempo que reducen los residuos y los tiempos de inactividad, ayudando a los fabricantes a lograr un rendimiento \u00f3ptimo de la producci\u00f3n. <\/p>\n\n\n\n<p>Para agilizar a\u00fan m\u00e1s las operaciones, nuestros avanzados sistemas de distribuci\u00f3n y transferencia permiten encaminar eficazmente los productos a diferentes l\u00edneas de procesamiento o envasado. Nuestras soluciones, que requieren poco mantenimiento y son muy duraderas, permiten una producci\u00f3n de aperitivos automatizada y de alta velocidad, lo que reduce la intervenci\u00f3n manual y aumenta la eficiencia. <\/p>\n<\/div>\n<\/div>\n\n<h2 class=\"wp-block-heading has-text-align-center\">Soluciones de condimentaci\u00f3n para fabricantes de aperitivos<\/h2>\n\n<p class=\"has-text-align-center\"><strong>KMG Systems dise\u00f1a y fabrica soluciones de transporte vers\u00e1tiles que se integran perfectamente en las l\u00edneas de producci\u00f3n de aperitivos. Nuestros transportadores vibratorios proporcionan un movimiento controlado del producto, asegurando un flujo uniforme mientras se mantiene la integridad del producto. Los transportadores de distribuci\u00f3n dirigen eficientemente los productos a m\u00faltiples estaciones de procesamiento o envasado, permitiendo una producci\u00f3n suave y equilibrada.  <\/strong><\/p>\n\n<div class=\"wp-block-columns is-layout-flex wp-container-core-columns-is-layout-9d6595d7 wp-block-columns-is-layout-flex\">\n<div class=\"wp-block-column is-vertically-aligned-center is-layout-flow wp-block-column-is-layout-flow\">\n<p>Ambos tipos de sistemas de condimentaci\u00f3n constar\u00e1n de una serie de componentes, algunos de los cuales ser\u00e1n transportadores vibratorios.<\/p>\n\n\n\n<ul class=\"wp-block-list\">\n<li><a href=\"https:\/\/www.kmgsystems.com\/machine\/flow-weigher\/\">FlowWeigher<\/a><\/li>\n\n\n\n<li><a href=\"https:\/\/www.kmgsystems.com\/es\/maquina\/tambor-de-sabor\/\">Tambor de sabor<\/a><\/li>\n\n\n\n<li><a href=\"https:\/\/www.kmgsystems.com\/es\/maquina\/transportador-vibratorio-de-alimentacion-de-aromas\/\">Aplicador de aromas<\/a><\/li>\n\n\n\n<li><a href=\"https:\/\/www.kmgsystems.com\/es\/maquina\/transportador-vibratorio-de-alimentacion-de-aromas\/\">Alimentador de sabor<\/a><\/li>\n\n\n\n<li>Cinta de descarga del tambor<\/li>\n<\/ul>\n\n\n\n<p>En KMG tambi\u00e9n dise\u00f1amos y construimos la estructura de acero que soporta el sistema de estacionamiento, adem\u00e1s de dise\u00f1ar e integrar los controles.<\/p>\n<\/div>\n\n\n\n<div class=\"wp-block-column is-layout-flow wp-block-column-is-layout-flow\">\n<div class=\"wp-block-uagb-container uagb-block-d239d5f2 alignfull uagb-is-root-container\"><div class=\"uagb-container-inner-blocks-wrap\">\n<figure class=\"wp-block-embed is-type-video is-provider-vimeo wp-block-embed-vimeo\"><div class=\"wp-block-embed__wrapper\">\n<iframe title=\"seasoning_animation\" src=\"https:\/\/player.vimeo.com\/video\/891414164?dnt=1&amp;app_id=122963\" width=\"1294\" height=\"1000\" frameborder=\"0\" allow=\"autoplay; fullscreen; picture-in-picture; clipboard-write; encrypted-media\"><\/iframe>\n<\/div><\/figure>\n<\/div><\/div>\n<\/div>\n<\/div>\n\n<div class=\"wp-block-columns is-layout-flex wp-container-core-columns-is-layout-9d6595d7 wp-block-columns-is-layout-flex\">\n<div class=\"wp-block-column is-vertically-aligned-center has-kmg-white-color has-kmg-primary-background-color has-text-color has-background has-link-color wp-elements-a3f734c9ed5d9e052aa5d93fbc57cc24 is-layout-flow wp-block-column-is-layout-flow\">\n<div class=\"wp-block-uagb-container uagb-block-cb8137e7 alignfull uagb-is-root-container\"><div class=\"uagb-container-inner-blocks-wrap\">\n<p class=\"has-text-align-center has-medium-font-size\">Sabemos que usted considera que la repetibilidad y la precisi\u00f3n son fundamentales para el aderezo de sus productos y, durante muchos a\u00f1os, KMG ha estado a la vanguardia del desarrollo de sistemas de aderezo.<\/p>\n\n\n\n<p class=\"has-text-align-center has-medium-font-size\">Nuestros sistemas de condimentaci\u00f3n est\u00e1n dise\u00f1ados para ser robustos y fiables con un control basado en recetas, y cuentan con una capacidad de proceso l\u00edder en la industria. Esto le garantiza un envasado de primera calidad eficiente y rentable.<\/p>\n<\/div><\/div>\n<\/div>\n<\/div>\n\n<h2 class=\"wp-block-heading\">Equipos avanzados de transporte de aperitivos<\/h2>\n\n<div class=\"wp-block-columns is-layout-flex wp-container-core-columns-is-layout-9d6595d7 wp-block-columns-is-layout-flex\">\n<div class=\"wp-block-column is-layout-flow wp-block-column-is-layout-flow\" style=\"flex-basis:806px\">\n<p>En KMG Systems, desarrollamos sistemas automatizados de transporte de aperitivos dise\u00f1ados a medida para apoyar la producci\u00f3n de alimentos, desde la manipulaci\u00f3n de ingredientes hasta el envasado. Nuestros transportadores vibratorios y sistemas de distribuci\u00f3n garantizan un flujo de producto uniforme y controlado, al tiempo que evitan la p\u00e9rdida de producto y las paradas innecesarias. <\/p>\n\n\n\n<p>Al incorporar soluciones automatizadas de transporte de aperitivos, los fabricantes pueden reducir la manipulaci\u00f3n manual, mejorar la higiene y mantener la uniformidad en las operaciones de alta velocidad. Nuestros equipos de ingenier\u00eda de precisi\u00f3n est\u00e1n dise\u00f1ados para mover los productos con suavidad y eficacia, y ayudan a las marcas de aperitivos l\u00edderes del sector a ofrecer productos de alta calidad a gran escala. <\/p>\n\n\n\n<p>Con un fuerte enfoque en la higiene, la durabilidad y la eficiencia energ\u00e9tica, las soluciones de transporte de KMG Systems ayudan a los fabricantes a racionalizar la producci\u00f3n, reducir los residuos y mejorar la eficiencia operativa. Nuestro compromiso con la innovaci\u00f3n garantiza la fiabilidad a largo plazo para los productores de aperitivos de todo el mundo. <\/p>\n<\/div>\n\n\n\n<div class=\"wp-block-column is-layout-flow wp-block-column-is-layout-flow\"><div class=\"wp-block-image\">\n<figure class=\"alignright size-full is-resized\"><img decoding=\"async\" width=\"1640\" height=\"2560\" src=\"https:\/\/www.kmgsystems.com\/wp-content\/uploads\/2023\/03\/clean-seasoning-system-scaled.jpg\" alt=\"sistema de condimentaci&#xF3;n de aperitivos\" class=\"wp-image-1645\" style=\"width:236px;height:auto\" srcset=\"https:\/\/www.kmgsystems.com\/wp-content\/uploads\/2023\/03\/clean-seasoning-system-scaled.jpg 1640w, https:\/\/www.kmgsystems.com\/wp-content\/uploads\/2023\/03\/clean-seasoning-system-768x1199.jpg 768w, https:\/\/www.kmgsystems.com\/wp-content\/uploads\/2023\/03\/clean-seasoning-system-984x1536.jpg 984w, https:\/\/www.kmgsystems.com\/wp-content\/uploads\/2023\/03\/clean-seasoning-system-1312x2048.jpg 1312w, https:\/\/www.kmgsystems.com\/wp-content\/uploads\/2023\/03\/clean-seasoning-system-256x400.jpg 256w, https:\/\/www.kmgsystems.com\/wp-content\/uploads\/2023\/03\/clean-seasoning-system-384x600.jpg 384w\" sizes=\"(max-width: 1640px) 100vw, 1640px\" \/><\/figure>\n<\/div><\/div>\n<\/div>\n\n<p><\/p>\n","protected":false},"excerpt":{"rendered":"<p>KMG Systems dise\u00f1a soluciones automatizadas de alto rendimiento para el transporte de aperitivos, garantizando un movimiento suave y eficaz del producto en todas las fases de producci\u00f3n. Nuestra experiencia radica en el suministro de equipos que admiten operaciones de alta velocidad a la vez que mantienen una manipulaci\u00f3n cuidadosa, garantizando la integridad del producto para [&hellip;]<\/p>\n","protected":false},"author":14,"featured_media":0,"parent":4371,"menu_order":0,"comment_status":"closed","ping_status":"closed","template":"","meta":{"_acf_changed":false,"_uag_custom_page_level_css":"","footnotes":""},"class_list":["post-4369","page","type-page","status-publish","hentry"],"acf":[],"uagb_featured_image_src":{"full":false,"thumbnail":false,"medium":false,"medium_large":false,"large":false,"1536x1536":false,"2048x2048":false,"machine-browser":false,"system-tabs":false,"max-height-large":false},"uagb_author_info":{"display_name":"Sam Clicks","author_link":"https:\/\/www.kmgsystems.com\/es\/author\/sam\/"},"uagb_comment_info":0,"uagb_excerpt":"KMG Systems dise\u00f1a soluciones automatizadas de alto rendimiento para el transporte de aperitivos, garantizando un movimiento suave y eficaz del producto en todas las fases de producci\u00f3n. Nuestra experiencia radica en el suministro de equipos que admiten operaciones de alta velocidad a la vez que mantienen una manipulaci\u00f3n cuidadosa, garantizando la integridad del producto para&hellip;","_links":{"self":[{"href":"https:\/\/www.kmgsystems.com\/es\/wp-json\/wp\/v2\/pages\/4369","targetHints":{"allow":["GET"]}}],"collection":[{"href":"https:\/\/www.kmgsystems.com\/es\/wp-json\/wp\/v2\/pages"}],"about":[{"href":"https:\/\/www.kmgsystems.com\/es\/wp-json\/wp\/v2\/types\/page"}],"author":[{"embeddable":true,"href":"https:\/\/www.kmgsystems.com\/es\/wp-json\/wp\/v2\/users\/14"}],"replies":[{"embeddable":true,"href":"https:\/\/www.kmgsystems.com\/es\/wp-json\/wp\/v2\/comments?post=4369"}],"version-history":[{"count":2,"href":"https:\/\/www.kmgsystems.com\/es\/wp-json\/wp\/v2\/pages\/4369\/revisions"}],"predecessor-version":[{"id":5229,"href":"https:\/\/www.kmgsystems.com\/es\/wp-json\/wp\/v2\/pages\/4369\/revisions\/5229"}],"up":[{"embeddable":true,"href":"https:\/\/www.kmgsystems.com\/es\/wp-json\/wp\/v2\/pages\/4371"}],"wp:attachment":[{"href":"https:\/\/www.kmgsystems.com\/es\/wp-json\/wp\/v2\/media?parent=4369"}],"curies":[{"name":"wp","href":"https:\/\/api.w.org\/{rel}","templated":true}]}}