{"id":4486,"date":"2025-03-18T11:46:08","date_gmt":"2025-03-18T11:46:08","guid":{"rendered":"https:\/\/www.kmgsystems.com\/nuestros-servicios\/proveedores-de-maquinaria-para-la-industria-alimentaria\/"},"modified":"2025-12-15T17:46:21","modified_gmt":"2025-12-15T17:46:21","slug":"proveedores-de-maquinaria-para-la-industria-alimentaria","status":"publish","type":"page","link":"https:\/\/www.kmgsystems.com\/es\/nuestros-servicios\/proveedores-de-maquinaria-para-la-industria-alimentaria\/","title":{"rendered":"Proveedores de maquinaria para la industria alimentaria"},"content":{"rendered":"\n<div class=\"wp-block-columns has-kmg-bg-light-blue-background-color has-background is-layout-flex wp-container-core-columns-is-layout-9d6595d7 wp-block-columns-is-layout-flex\">\n<div class=\"wp-block-column is-vertically-aligned-center is-layout-flow wp-block-column-is-layout-flow\">\n<h5 class=\"wp-block-heading\">Soluciones de precisi\u00f3n para la industria alimentaria<\/h5>\n\n\n\n<p>Como proveedores l\u00edderes de maquinaria para la industria alimentaria, KMG Systems dise\u00f1a y fabrica equipos de procesamiento de alto rendimiento adaptados a las exigencias de la producci\u00f3n de alimentos. Nuestros sistemas garantizan la eficiencia, la fiabilidad y la higiene, ayudando a los fabricantes a optimizar las operaciones en todas las fases de producci\u00f3n. <\/p>\n\n\n\n<p>Desde la manipulaci\u00f3n y el procesamiento de ingredientes hasta el envasado final, nuestras soluciones est\u00e1n dise\u00f1adas para mejorar la productividad y mantener estrictas normas de seguridad alimentaria. Tanto si manipulan aperitivos, alimentos secos o ingredientes a granel, nuestros equipos est\u00e1n dise\u00f1ados para una integraci\u00f3n perfecta, un control preciso y una fiabilidad a largo plazo. <\/p>\n\n\n\n<p>Nuestra experiencia se extiende a los sistemas transportadores de calidad alimentaria dise\u00f1ados para un movimiento higi\u00e9nico, suave y eficaz de los productos. Estos transportadores reducen la manipulaci\u00f3n manual, evitan los riesgos de contaminaci\u00f3n y garantizan transiciones fluidas entre las fases de procesamiento. Con materiales duraderos y f\u00e1ciles de limpiar, las soluciones de KMG ayudan a los fabricantes a cumplir las normas m\u00e1s estrictas del sector, minimizando al mismo tiempo los tiempos de inactividad&#8230;  <\/p>\n<\/div>\n\n\n\n<div class=\"wp-block-column is-layout-flow wp-block-column-is-layout-flow\"><div class=\"wp-block-image\">\n<figure class=\"alignright size-full is-resized\"><img decoding=\"async\" width=\"2560\" height=\"2544\" src=\"https:\/\/www.kmgsystems.com\/wp-content\/uploads\/2023\/03\/seasoning-drum-scaled.jpg\" alt=\"tambor sazonador\" class=\"wp-image-1631\" style=\"width:396px;height:auto\" srcset=\"https:\/\/www.kmgsystems.com\/wp-content\/uploads\/2023\/03\/seasoning-drum-scaled.jpg 2560w, https:\/\/www.kmgsystems.com\/wp-content\/uploads\/2023\/03\/seasoning-drum-768x763.jpg 768w, https:\/\/www.kmgsystems.com\/wp-content\/uploads\/2023\/03\/seasoning-drum-1536x1526.jpg 1536w, https:\/\/www.kmgsystems.com\/wp-content\/uploads\/2023\/03\/seasoning-drum-2048x2035.jpg 2048w, https:\/\/www.kmgsystems.com\/wp-content\/uploads\/2023\/03\/seasoning-drum-403x400.jpg 403w, https:\/\/www.kmgsystems.com\/wp-content\/uploads\/2023\/03\/seasoning-drum-604x600.jpg 604w\" sizes=\"(max-width: 2560px) 100vw, 2560px\" \/><\/figure>\n<\/div><\/div>\n<\/div>\n\n<div class=\"wp-block-columns are-vertically-aligned-center has-kmg-bg-light-grey-background-color has-background is-layout-flex wp-container-core-columns-is-layout-9d6595d7 wp-block-columns-is-layout-flex\">\n<div class=\"wp-block-column is-vertically-aligned-center is-layout-flow wp-block-column-is-layout-flow\">\n<figure class=\"wp-block-image size-full is-resized\"><img decoding=\"async\" width=\"1707\" height=\"2560\" src=\"https:\/\/www.kmgsystems.com\/wp-content\/uploads\/2023\/03\/seasoning-infeed-scaled.jpg\" alt=\"sistema de pulverizaci&#xF3;n de aceite\" class=\"wp-image-1630\" style=\"width:452px;height:auto\" srcset=\"https:\/\/www.kmgsystems.com\/wp-content\/uploads\/2023\/03\/seasoning-infeed-scaled.jpg 1707w, https:\/\/www.kmgsystems.com\/wp-content\/uploads\/2023\/03\/seasoning-infeed-768x1152.jpg 768w, https:\/\/www.kmgsystems.com\/wp-content\/uploads\/2023\/03\/seasoning-infeed-1024x1536.jpg 1024w, https:\/\/www.kmgsystems.com\/wp-content\/uploads\/2023\/03\/seasoning-infeed-1365x2048.jpg 1365w, https:\/\/www.kmgsystems.com\/wp-content\/uploads\/2023\/03\/seasoning-infeed-267x400.jpg 267w, https:\/\/www.kmgsystems.com\/wp-content\/uploads\/2023\/03\/seasoning-infeed-400x600.jpg 400w\" sizes=\"(max-width: 1707px) 100vw, 1707px\" \/><\/figure>\n<\/div>\n\n\n\n<div class=\"wp-block-column is-vertically-aligned-center is-layout-flow wp-block-column-is-layout-flow\">\n<h5 class=\"wp-block-heading\">Maquinaria avanzada para la producci\u00f3n alimentaria<\/h5>\n\n\n\n<p>Durante m\u00e1s de 40 a\u00f1os, KMG Systems ha estado a la vanguardia de la innovaci\u00f3n en maquinaria para la industria alimentaria, ofreciendo soluciones de ingenier\u00eda personalizadas que mejoran la eficiencia y mantienen la integridad del producto. Nuestros sistemas de procesamiento automatizado est\u00e1n dise\u00f1ados para operaciones de alta velocidad, reducci\u00f3n de residuos y m\u00e1ximo rendimiento. <\/p>\n\n\n\n<p>Nuestros sistemas de cinta transportadora de calidad alimentaria proporcionan una manipulaci\u00f3n cuidadosa del producto, garantizando un movimiento seguro y eficaz de alimentos como aperitivos, cereales, frutos secos y alimentos congelados. Estos sistemas est\u00e1n fabricados con acero inoxidable, revestimientos aptos para alimentos y dise\u00f1os higi\u00e9nicos, lo que facilita su limpieza y mantenimiento. <\/p>\n\n\n\n<p>Gracias a la integraci\u00f3n de la automatizaci\u00f3n, la supervisi\u00f3n inteligente y la dosificaci\u00f3n de precisi\u00f3n, nuestra maquinaria mejora la eficacia del procesamiento al tiempo que garantiza el cumplimiento de la normativa sobre seguridad alimentaria. Construidos para ser escalables, los equipos de KMG pueden adaptarse para satisfacer las crecientes demandas de producci\u00f3n con una interrupci\u00f3n m\u00ednima. <\/p>\n<\/div>\n<\/div>\n\n<h2 class=\"wp-block-heading has-text-align-center\">Soluciones personalizadas para l\u00edneas de procesado de alimentos<\/h2>\n\n<p class=\"has-text-align-center\"><strong>Como proveedores experimentados de maquinaria para la industria alimentaria, ofrecemos soluciones a medida para satisfacer las necesidades exclusivas de cada planta de producci\u00f3n. Nuestros sistemas se integran a la perfecci\u00f3n con las operaciones existentes, ofreciendo una manipulaci\u00f3n eficiente de los ingredientes, una aplicaci\u00f3n precisa de los condimentos y soluciones automatizadas de transferencia a granel. <\/strong><\/p>\n\n<div class=\"wp-block-columns is-layout-flex wp-container-core-columns-is-layout-9d6595d7 wp-block-columns-is-layout-flex\">\n<div class=\"wp-block-column is-vertically-aligned-center is-layout-flow wp-block-column-is-layout-flow\">\n<p>El movimiento eficiente de los productos es crucial en el procesamiento de alimentos, y KMG Systems dise\u00f1a sistemas transportadores de calidad alimentaria que garantizan un transporte seguro, higi\u00e9nico y eficiente de materias primas y productos acabados.<\/p>\n\n\n\n<p>Nuestras soluciones de transporte incluyen:<\/p>\n\n\n\n<ul class=\"wp-block-list\">\n<li><a href=\"https:\/\/www.kmgsystems.com\/es\/maquina\/transportadores-vibratorios\/\">Transportadores vibratorios<\/a> para una distribuci\u00f3n suave y uniforme del producto.<\/li>\n\n\n\n<li>Transportadores de transferencia a granel para transportar grandes cantidades de ingredientes con eficacia.<\/li>\n\n\n\n<li>Transportadores elevadores y dosificadores para un flujo controlado entre las fases de procesamiento.<\/li>\n<\/ul>\n\n\n\n<p>Al reducir la manipulaci\u00f3n manual y los da\u00f1os al producto, nuestros transportadores ayudan a los fabricantes de alimentos a mantener altos niveles de higiene, velocidad y precisi\u00f3n. Dise\u00f1adas con superficies f\u00e1ciles de limpiar y una robusta estructura de acero inoxidable, garantizan la durabilidad a largo plazo y el cumplimiento de la normativa del sector.  Cada sistema puede personalizarse para adaptarse a productos espec\u00edficos, \u00edndices de producci\u00f3n y requisitos de disposici\u00f3n, lo que garantiza un rendimiento fiable en una amplia gama de aplicaciones de procesamiento de alimentos.<\/p>\n<\/div>\n\n\n\n<div class=\"wp-block-column is-layout-flow wp-block-column-is-layout-flow\">\n<div class=\"wp-block-uagb-container uagb-block-d239d5f2 alignfull uagb-is-root-container\"><div class=\"uagb-container-inner-blocks-wrap\">\n<figure class=\"wp-block-embed is-type-video is-provider-vimeo wp-block-embed-vimeo\"><div class=\"wp-block-embed__wrapper\">\n<iframe title=\"seasoning_animation\" src=\"https:\/\/player.vimeo.com\/video\/891414164?dnt=1&amp;app_id=122963\" width=\"1294\" height=\"1000\" frameborder=\"0\" allow=\"autoplay; fullscreen; picture-in-picture; clipboard-write; encrypted-media\"><\/iframe>\n<\/div><\/figure>\n<\/div><\/div>\n<\/div>\n<\/div>\n\n<div class=\"wp-block-columns is-layout-flex wp-container-core-columns-is-layout-9d6595d7 wp-block-columns-is-layout-flex\">\n<div class=\"wp-block-column is-vertically-aligned-center has-kmg-white-color has-kmg-primary-background-color has-text-color has-background has-link-color wp-elements-a3f734c9ed5d9e052aa5d93fbc57cc24 is-layout-flow wp-block-column-is-layout-flow\">\n<div class=\"wp-block-uagb-container uagb-block-cb8137e7 alignfull uagb-is-root-container\"><div class=\"uagb-container-inner-blocks-wrap\">\n<p class=\"has-text-align-center has-medium-font-size\">Sabemos que usted considera que la repetibilidad y la precisi\u00f3n son fundamentales para el aderezo de sus productos y, durante muchos a\u00f1os, KMG ha estado a la vanguardia del desarrollo de sistemas de aderezo.<\/p>\n\n\n\n<p class=\"has-text-align-center has-medium-font-size\">Nuestros sistemas de condimentaci\u00f3n est\u00e1n dise\u00f1ados para ser robustos y fiables con un control basado en recetas, y cuentan con una capacidad de proceso l\u00edder en la industria. Esto le garantiza un envasado de primera calidad eficiente y rentable.<\/p>\n<\/div><\/div>\n<\/div>\n<\/div>\n\n<h2 class=\"wp-block-heading\">Creado para la higiene, la eficacia y la escalabilidad<\/h2>\n\n<div class=\"wp-block-columns is-layout-flex wp-container-core-columns-is-layout-9d6595d7 wp-block-columns-is-layout-flex\">\n<div class=\"wp-block-column is-layout-flow wp-block-column-is-layout-flow\" style=\"flex-basis:760px\">\n<p>En KMG Systems, entendemos que la maquinaria de la industria alimentaria debe equilibrar higiene, eficiencia y adaptabilidad. Nuestros equipos est\u00e1n construidos con materiales seguros para los alimentos, garantizando el pleno cumplimiento de las normas mundiales de seguridad alimentaria y saneamiento. Los dise\u00f1os higi\u00e9nicos con superficies de contacto m\u00ednimas permiten una limpieza r\u00e1pida y exhaustiva, reduciendo el tiempo de inactividad.  <\/p>\n\n\n\n<p>Para los fabricantes que desean ampliar sus operaciones, KMG ofrece soluciones modulares y flexibles que se adaptan al crecimiento de la producci\u00f3n. Ya sea introduciendo nuevas l\u00edneas de productos, automatizando procesos manuales o aumentando la capacidad, nuestra maquinaria ofrece soluciones fiables y eficientes. <\/p>\n\n\n\n<p>Tambi\u00e9n nos centramos en la sostenibilidad, incorporando motores energ\u00e9ticamente eficientes, sistemas de dosificaci\u00f3n inteligentes y tecnolog\u00eda de reducci\u00f3n de residuos para ayudar a los fabricantes a reducir costes y el impacto medioambiental.<\/p>\n\n\n\n<p>Con una reputaci\u00f3n de proveedores de maquinaria de confianza para la industria alimentaria, KMG Systems ofrece soluciones de ingenier\u00eda de precisi\u00f3n que ayudan a los fabricantes a lograr una producci\u00f3n eficiente, de alta calidad y preparada para el futuro.<\/p>\n<\/div>\n\n\n\n<div class=\"wp-block-column is-layout-flow wp-block-column-is-layout-flow\"><div class=\"wp-block-image\">\n<figure class=\"alignright size-full is-resized\"><img decoding=\"async\" width=\"1640\" height=\"2560\" src=\"https:\/\/www.kmgsystems.com\/wp-content\/uploads\/2023\/03\/clean-seasoning-system-scaled.jpg\" alt=\"sistema de condimentaci&#xF3;n de aperitivos\" class=\"wp-image-1645\" style=\"width:305px;height:auto\" srcset=\"https:\/\/www.kmgsystems.com\/wp-content\/uploads\/2023\/03\/clean-seasoning-system-scaled.jpg 1640w, https:\/\/www.kmgsystems.com\/wp-content\/uploads\/2023\/03\/clean-seasoning-system-768x1199.jpg 768w, https:\/\/www.kmgsystems.com\/wp-content\/uploads\/2023\/03\/clean-seasoning-system-984x1536.jpg 984w, https:\/\/www.kmgsystems.com\/wp-content\/uploads\/2023\/03\/clean-seasoning-system-1312x2048.jpg 1312w, https:\/\/www.kmgsystems.com\/wp-content\/uploads\/2023\/03\/clean-seasoning-system-256x400.jpg 256w, https:\/\/www.kmgsystems.com\/wp-content\/uploads\/2023\/03\/clean-seasoning-system-384x600.jpg 384w\" sizes=\"(max-width: 1640px) 100vw, 1640px\" \/><\/figure>\n<\/div><\/div>\n<\/div>\n","protected":false},"excerpt":{"rendered":"<p>Soluciones de precisi\u00f3n para la industria alimentaria Como proveedores l\u00edderes de maquinaria para la industria alimentaria, KMG Systems dise\u00f1a y fabrica equipos de procesamiento de alto rendimiento adaptados a las exigencias de la producci\u00f3n de alimentos. Nuestros sistemas garantizan la eficiencia, la fiabilidad y la higiene, ayudando a los fabricantes a optimizar las operaciones en [&hellip;]<\/p>\n","protected":false},"author":14,"featured_media":0,"parent":4371,"menu_order":0,"comment_status":"closed","ping_status":"closed","template":"","meta":{"_acf_changed":false,"_uag_custom_page_level_css":"","footnotes":""},"class_list":["post-4486","page","type-page","status-publish","hentry"],"acf":[],"uagb_featured_image_src":{"full":false,"thumbnail":false,"medium":false,"medium_large":false,"large":false,"1536x1536":false,"2048x2048":false,"machine-browser":false,"system-tabs":false,"max-height-large":false},"uagb_author_info":{"display_name":"Sam Clicks","author_link":"https:\/\/www.kmgsystems.com\/es\/author\/sam\/"},"uagb_comment_info":0,"uagb_excerpt":"Soluciones de precisi\u00f3n para la industria alimentaria Como proveedores l\u00edderes de maquinaria para la industria alimentaria, KMG Systems dise\u00f1a y fabrica equipos de procesamiento de alto rendimiento adaptados a las exigencias de la producci\u00f3n de alimentos. Nuestros sistemas garantizan la eficiencia, la fiabilidad y la higiene, ayudando a los fabricantes a optimizar las operaciones en&hellip;","_links":{"self":[{"href":"https:\/\/www.kmgsystems.com\/es\/wp-json\/wp\/v2\/pages\/4486","targetHints":{"allow":["GET"]}}],"collection":[{"href":"https:\/\/www.kmgsystems.com\/es\/wp-json\/wp\/v2\/pages"}],"about":[{"href":"https:\/\/www.kmgsystems.com\/es\/wp-json\/wp\/v2\/types\/page"}],"author":[{"embeddable":true,"href":"https:\/\/www.kmgsystems.com\/es\/wp-json\/wp\/v2\/users\/14"}],"replies":[{"embeddable":true,"href":"https:\/\/www.kmgsystems.com\/es\/wp-json\/wp\/v2\/comments?post=4486"}],"version-history":[{"count":3,"href":"https:\/\/www.kmgsystems.com\/es\/wp-json\/wp\/v2\/pages\/4486\/revisions"}],"predecessor-version":[{"id":5235,"href":"https:\/\/www.kmgsystems.com\/es\/wp-json\/wp\/v2\/pages\/4486\/revisions\/5235"}],"up":[{"embeddable":true,"href":"https:\/\/www.kmgsystems.com\/es\/wp-json\/wp\/v2\/pages\/4371"}],"wp:attachment":[{"href":"https:\/\/www.kmgsystems.com\/es\/wp-json\/wp\/v2\/media?parent=4486"}],"curies":[{"name":"wp","href":"https:\/\/api.w.org\/{rel}","templated":true}]}}