{"id":4498,"date":"2025-03-18T13:41:52","date_gmt":"2025-03-18T13:41:52","guid":{"rendered":"https:\/\/www.kmgsystems.com\/nuestros-servicios\/transportador-de-manipulacion-de-especias-fabricantes\/"},"modified":"2025-12-17T08:11:22","modified_gmt":"2025-12-17T08:11:22","slug":"transportador-de-manipulacion-de-especias-fabricantes","status":"publish","type":"page","link":"https:\/\/www.kmgsystems.com\/es\/nuestros-servicios\/transportador-de-manipulacion-de-especias-fabricantes\/","title":{"rendered":"Transportador de manipulaci\u00f3n de especias Fabricantes"},"content":{"rendered":"\n<div class=\"wp-block-columns has-kmg-bg-light-blue-background-color has-background is-layout-flex wp-container-core-columns-is-layout-9d6595d7 wp-block-columns-is-layout-flex\">\n<div class=\"wp-block-column is-vertically-aligned-center is-layout-flow wp-block-column-is-layout-flow\">\n<h5 class=\"wp-block-heading\">Expertos en sistemas transportadores de manipulaci\u00f3n de especias<\/h5>\n\n\n\n<p>KMG Systems es un fabricante l\u00edder de transportadores para la manipulaci\u00f3n de especias, que dise\u00f1a y produce soluciones de transporte de alto rendimiento, higi\u00e9nicas y eficientes para la industria alimentaria. Nuestros sistemas de ingenier\u00eda de precisi\u00f3n garantizan el transporte seguro y controlado de especias, hierbas y condimentos, manteniendo la integridad del producto y evitando la contaminaci\u00f3n y los residuos. <\/p>\n\n\n\n<p>La manipulaci\u00f3n de especias requiere transportadores especializados que puedan manejar polvos finos, gr\u00e1nulos e ingredientes fr\u00e1giles sin p\u00e9rdida de producto. Nuestros sistemas de transporte por vibraci\u00f3n y por aire est\u00e1n dise\u00f1ados para transportar especias sin problemas, garantizando una distribuci\u00f3n uniforme, una manipulaci\u00f3n cuidadosa y una generaci\u00f3n m\u00ednima de polvo. Tanto si procesa piment\u00f3n, c\u00farcuma o condimentos mixtos, los transportadores de KMG ofrecen un rendimiento fiable y de alta velocidad, cumpliendo plenamente la normativa de seguridad alimentaria.  <\/p>\n<\/div>\n\n\n\n<div class=\"wp-block-column is-layout-flow wp-block-column-is-layout-flow\"><div class=\"wp-block-image\">\n<figure class=\"alignright size-full is-resized\"><img decoding=\"async\" width=\"2560\" height=\"2544\" src=\"https:\/\/www.kmgsystems.com\/wp-content\/uploads\/2023\/03\/seasoning-drum-scaled.jpg\" alt=\"tambor sazonador\" class=\"wp-image-1631\" style=\"width:396px;height:auto\" srcset=\"https:\/\/www.kmgsystems.com\/wp-content\/uploads\/2023\/03\/seasoning-drum-scaled.jpg 2560w, https:\/\/www.kmgsystems.com\/wp-content\/uploads\/2023\/03\/seasoning-drum-768x763.jpg 768w, https:\/\/www.kmgsystems.com\/wp-content\/uploads\/2023\/03\/seasoning-drum-1536x1526.jpg 1536w, https:\/\/www.kmgsystems.com\/wp-content\/uploads\/2023\/03\/seasoning-drum-2048x2035.jpg 2048w, https:\/\/www.kmgsystems.com\/wp-content\/uploads\/2023\/03\/seasoning-drum-403x400.jpg 403w, https:\/\/www.kmgsystems.com\/wp-content\/uploads\/2023\/03\/seasoning-drum-604x600.jpg 604w\" sizes=\"(max-width: 2560px) 100vw, 2560px\" \/><\/figure>\n<\/div><\/div>\n<\/div>\n\n<div class=\"wp-block-columns are-vertically-aligned-center has-kmg-bg-light-grey-background-color has-background is-layout-flex wp-container-core-columns-is-layout-9d6595d7 wp-block-columns-is-layout-flex\">\n<div class=\"wp-block-column is-vertically-aligned-center is-layout-flow wp-block-column-is-layout-flow\">\n<figure class=\"wp-block-image size-full is-resized\"><img decoding=\"async\" width=\"1707\" height=\"2560\" src=\"https:\/\/www.kmgsystems.com\/wp-content\/uploads\/2023\/03\/seasoning-infeed-scaled.jpg\" alt=\"sistema de pulverizaci&#xF3;n de aceite\" class=\"wp-image-1630\" style=\"width:452px;height:auto\" srcset=\"https:\/\/www.kmgsystems.com\/wp-content\/uploads\/2023\/03\/seasoning-infeed-scaled.jpg 1707w, https:\/\/www.kmgsystems.com\/wp-content\/uploads\/2023\/03\/seasoning-infeed-768x1152.jpg 768w, https:\/\/www.kmgsystems.com\/wp-content\/uploads\/2023\/03\/seasoning-infeed-1024x1536.jpg 1024w, https:\/\/www.kmgsystems.com\/wp-content\/uploads\/2023\/03\/seasoning-infeed-1365x2048.jpg 1365w, https:\/\/www.kmgsystems.com\/wp-content\/uploads\/2023\/03\/seasoning-infeed-267x400.jpg 267w, https:\/\/www.kmgsystems.com\/wp-content\/uploads\/2023\/03\/seasoning-infeed-400x600.jpg 400w\" sizes=\"(max-width: 1707px) 100vw, 1707px\" \/><\/figure>\n<\/div>\n\n\n\n<div class=\"wp-block-column is-vertically-aligned-center is-layout-flow wp-block-column-is-layout-flow\">\n<h5 class=\"wp-block-heading\">Tecnolog\u00eda avanzada de transporte de especias<\/h5>\n\n\n\n<p>Como fabricante experimentado de transportadores para la manipulaci\u00f3n de especias, KMG Systems integra soluciones vanguardistas de transportadores vibratorios, neum\u00e1ticos y de banda en las l\u00edneas de procesamiento de especias. Nuestros sistemas est\u00e1n dise\u00f1ados para: <\/p>\n\n\n\n<ul class=\"wp-block-list\">\n<li>Evite la contaminaci\u00f3n cruzada con dise\u00f1os de acero inoxidable de calidad alimentaria totalmente sellados.<\/li>\n\n\n\n<li>Minimice la degradaci\u00f3n de las especias mediante una manipulaci\u00f3n suave y un movimiento controlado.<\/li>\n\n\n\n<li>Optimice la consistencia de los lotes garantizando un transporte preciso de los ingredientes a los equipos de mezcla, combinaci\u00f3n y condimentaci\u00f3n.<\/li>\n\n\n\n<li>Reduzca el polvo y los residuos con sistemas de transporte cerrados y extracci\u00f3n de polvo integrada.<\/li>\n<\/ul>\n\n\n\n<p>Nuestra tecnolog\u00eda de transporte de especias est\u00e1 dise\u00f1ada para soportar una producci\u00f3n de alta capacidad, al tiempo que garantiza un flujo de material limpio, eficaz y preciso.<\/p>\n<\/div>\n<\/div>\n\n<h2 class=\"wp-block-heading has-text-align-center\">Transportadores a medida para el procesamiento de especias<\/h2>\n\n<p class=\"has-text-align-center\"><strong>Nuestros sistemas modulares permiten escalabilidad y f\u00e1cil integraci\u00f3n, por lo que son ideales tanto para peque\u00f1os productores artesanales de especias como para fabricantes a gran escala.<\/strong><\/p>\n\n<div class=\"wp-block-columns is-layout-flex wp-container-core-columns-is-layout-9d6595d7 wp-block-columns-is-layout-flex\">\n<div class=\"wp-block-column is-vertically-aligned-center is-layout-flow wp-block-column-is-layout-flow\">\n<p>Las especias son ingredientes sensibles que requieren un estricto control de la higiene y la contaminaci\u00f3n. KMG Systems dise\u00f1a transportadores de especias aptos para alimentos utilizando: <\/p>\n\n\n\n<ul class=\"wp-block-list\">\n<li>Construcci\u00f3n de acero inoxidable para cumplir las normas de higiene m\u00e1s estrictas.<\/li>\n\n\n\n<li>Superficies f\u00e1ciles de limpiar con hendiduras m\u00ednimas para evitar la acumulaci\u00f3n de especias.<\/li>\n\n\n\n<li>Sistemas de lavado automatizados para una limpieza r\u00e1pida y eficaz.<\/li>\n\n\n\n<li>Tecnolog\u00eda de contenci\u00f3n del polvo para mantener un entorno de trabajo seguro y limpio.<\/li>\n<\/ul>\n\n\n\n<p>Nuestros transportadores de manipulaci\u00f3n de especias garantizan el cumplimiento de la normativa mundial sobre seguridad alimentaria, ayudando a los fabricantes a mantener una alta calidad de los productos y la eficacia de la producci\u00f3n.<\/p>\n<\/div>\n\n\n\n<div class=\"wp-block-column is-layout-flow wp-block-column-is-layout-flow\">\n<div class=\"wp-block-uagb-container uagb-block-d239d5f2 alignfull uagb-is-root-container\"><div class=\"uagb-container-inner-blocks-wrap\">\n<figure class=\"wp-block-embed is-type-video is-provider-vimeo wp-block-embed-vimeo\"><div class=\"wp-block-embed__wrapper\">\n<iframe title=\"seasoning_animation\" src=\"https:\/\/player.vimeo.com\/video\/891414164?dnt=1&amp;app_id=122963\" width=\"1294\" height=\"1000\" frameborder=\"0\" allow=\"autoplay; fullscreen; picture-in-picture; clipboard-write; encrypted-media\"><\/iframe>\n<\/div><\/figure>\n<\/div><\/div>\n<\/div>\n<\/div>\n\n<div class=\"wp-block-columns is-layout-flex wp-container-core-columns-is-layout-9d6595d7 wp-block-columns-is-layout-flex\">\n<div class=\"wp-block-column is-vertically-aligned-center has-kmg-white-color has-kmg-primary-background-color has-text-color has-background has-link-color wp-elements-a3f734c9ed5d9e052aa5d93fbc57cc24 is-layout-flow wp-block-column-is-layout-flow\">\n<div class=\"wp-block-uagb-container uagb-block-cb8137e7 alignfull uagb-is-root-container\"><div class=\"uagb-container-inner-blocks-wrap\">\n<p class=\"has-text-align-center has-medium-font-size\">Sabemos que usted considera que la repetibilidad y la precisi\u00f3n son fundamentales para el aderezo de sus productos y, durante muchos a\u00f1os, KMG ha estado a la vanguardia del desarrollo de sistemas de aderezo.<\/p>\n\n\n\n<p class=\"has-text-align-center has-medium-font-size\">Nuestros sistemas de condimentaci\u00f3n est\u00e1n dise\u00f1ados para ser robustos y fiables con un control basado en recetas, y cuentan con una capacidad de proceso l\u00edder en la industria. Esto le garantiza un envasado de primera calidad eficiente y rentable.<\/p>\n<\/div><\/div>\n<\/div>\n<\/div>\n\n<h2 class=\"wp-block-heading\">\u00bfPor qu\u00e9 elegir KMG como su fabricante de transportadores de manipulaci\u00f3n de especias?<\/h2>\n\n<div class=\"wp-block-columns is-layout-flex wp-container-core-columns-is-layout-9d6595d7 wp-block-columns-is-layout-flex\">\n<div class=\"wp-block-column is-layout-flow wp-block-column-is-layout-flow\" style=\"flex-basis:760px\">\n<p>KMG Systems es un nombre de confianza en la fabricaci\u00f3n de transportadores para la manipulaci\u00f3n de especias, proporcionando soluciones a medida para satisfacer las necesidades precisas de los productores de alimentos. Nuestra experiencia en el dise\u00f1o de sistemas transportadores de alto rendimiento, higi\u00e9nicos y eficientes garantiza que los fabricantes puedan manipular especias con precisi\u00f3n y fiabilidad. <\/p>\n\n\n\n<p>Nuestros transportadores personalizados est\u00e1n dise\u00f1ados para integrarse perfectamente en las l\u00edneas de producci\u00f3n existentes, lo que permite a los fabricantes optimizar el flujo de trabajo, reducir los residuos y mejorar la eficiencia. Todos los sistemas se dise\u00f1an teniendo en cuenta la seguridad alimentaria y el cumplimiento de las normativas, utilizando acero inoxidable y dise\u00f1os de f\u00e1cil limpieza para mantener los m\u00e1s altos est\u00e1ndares de higiene. <\/p>\n\n\n\n<p>Centrados en la eficiencia energ\u00e9tica, la automatizaci\u00f3n y la manipulaci\u00f3n de precisi\u00f3n, los transportadores de KMG ayudan a los fabricantes de especias a mantener una calidad constante del producto y a reducir los tiempos de inactividad. Nuestro equipo trabaja estrechamente con cada cliente para desarrollar soluciones a medida, garantizando que cada sistema satisfaga las demandas \u00fanicas de su operaci\u00f3n de procesamiento de especias. <\/p>\n\n\n\n<p>Para los fabricantes que buscan mejorar el transporte de especias, la dosificaci\u00f3n de ingredientes y la aplicaci\u00f3n de condimentos, KMG Systems proporciona tecnolog\u00eda de vanguardia y soporte de ingenier\u00eda experto para mejorar la eficiencia de la producci\u00f3n y mantener est\u00e1ndares de alta calidad.<\/p>\n<\/div>\n\n\n\n<div class=\"wp-block-column is-layout-flow wp-block-column-is-layout-flow\"><div class=\"wp-block-image\">\n<figure class=\"alignright size-full is-resized\"><img decoding=\"async\" width=\"1640\" height=\"2560\" src=\"https:\/\/www.kmgsystems.com\/wp-content\/uploads\/2023\/03\/clean-seasoning-system-scaled.jpg\" alt=\"sistema de condimentaci&#xF3;n de aperitivos\" class=\"wp-image-1645\" style=\"width:305px;height:auto\" srcset=\"https:\/\/www.kmgsystems.com\/wp-content\/uploads\/2023\/03\/clean-seasoning-system-scaled.jpg 1640w, https:\/\/www.kmgsystems.com\/wp-content\/uploads\/2023\/03\/clean-seasoning-system-768x1199.jpg 768w, https:\/\/www.kmgsystems.com\/wp-content\/uploads\/2023\/03\/clean-seasoning-system-984x1536.jpg 984w, https:\/\/www.kmgsystems.com\/wp-content\/uploads\/2023\/03\/clean-seasoning-system-1312x2048.jpg 1312w, https:\/\/www.kmgsystems.com\/wp-content\/uploads\/2023\/03\/clean-seasoning-system-256x400.jpg 256w, https:\/\/www.kmgsystems.com\/wp-content\/uploads\/2023\/03\/clean-seasoning-system-384x600.jpg 384w\" sizes=\"(max-width: 1640px) 100vw, 1640px\" \/><\/figure>\n<\/div><\/div>\n<\/div>\n\n<p>Para satisfacer los exigentes requisitos de la producci\u00f3n moderna de especias y condimentos, KMG Systems tambi\u00e9n ofrece soluciones avanzadas de integraci\u00f3n y control que mejoran el rendimiento de sus transportadores de manipulaci\u00f3n de especias. Nuestros sistemas pueden ser dise\u00f1ados con dosificaci\u00f3n de precisi\u00f3n y controles automatizados para asegurar que cada ingrediente se transporta con precisi\u00f3n y repetibilidad. Esto es especialmente importante en operaciones en las que incluso peque\u00f1as variaciones en el flujo de especias pueden afectar al sabor, la textura y la calidad del producto. Combinando la mec\u00e1nica precisa de los transportadores con sistemas de control inteligentes, los fabricantes pueden conseguir una producci\u00f3n uniforme, reducir los residuos y mejorar la previsibilidad de la producci\u00f3n.   <\/p>\n\n<p>Adem\u00e1s del dise\u00f1o a medida, ofrecemos un completo servicio de ingenier\u00eda durante todo el ciclo de vida del proyecto, desde la especificaci\u00f3n inicial y la planificaci\u00f3n del dise\u00f1o hasta la instalaci\u00f3n y la puesta en marcha. Nuestros servicios posventa incluyen mantenimiento, piezas de repuesto y asesoramiento sobre optimizaci\u00f3n del rendimiento, lo que ayuda a proteger el tiempo de actividad y a prolongar la vida \u00fatil de sus equipos. <\/p>\n\n<p>Los transportadores de manipulaci\u00f3n de especias de KMG son adecuados para una amplia variedad de aplicaciones, tanto si procesa polvos finos, condimentos mezclados, hierbas o mezclas de especias especiales. Dise\u00f1adas y construidas con materiales aptos para uso alimentario, m\u00ednima fuga de polvo y acceso de f\u00e1cil limpieza, nuestras soluciones ayudan a los fabricantes a mantener estrictas normas de higiene al tiempo que mejoran el rendimiento y la eficacia operativa. Con d\u00e9cadas de experiencia en equipos de procesamiento de alimentos, KMG Systems sigue siendo un socio de confianza para soluciones de cintas transportadoras de manipulaci\u00f3n de especias que ofrecen fiabilidad, precisi\u00f3n y rendimiento.  <\/p>\n","protected":false},"excerpt":{"rendered":"<p>Expertos en sistemas transportadores de manipulaci\u00f3n de especias KMG Systems es un fabricante l\u00edder de transportadores para la manipulaci\u00f3n de especias, que dise\u00f1a y produce soluciones de transporte de alto rendimiento, higi\u00e9nicas y eficientes para la industria alimentaria. Nuestros sistemas de ingenier\u00eda de precisi\u00f3n garantizan el transporte seguro y controlado de especias, hierbas y condimentos, [&hellip;]<\/p>\n","protected":false},"author":14,"featured_media":0,"parent":4371,"menu_order":0,"comment_status":"closed","ping_status":"closed","template":"","meta":{"_acf_changed":false,"_uag_custom_page_level_css":"","footnotes":""},"class_list":["post-4498","page","type-page","status-publish","hentry"],"acf":[],"uagb_featured_image_src":{"full":false,"thumbnail":false,"medium":false,"medium_large":false,"large":false,"1536x1536":false,"2048x2048":false,"machine-browser":false,"system-tabs":false,"max-height-large":false},"uagb_author_info":{"display_name":"Sam Clicks","author_link":"https:\/\/www.kmgsystems.com\/es\/author\/sam\/"},"uagb_comment_info":0,"uagb_excerpt":"Expertos en sistemas transportadores de manipulaci\u00f3n de especias KMG Systems es un fabricante l\u00edder de transportadores para la manipulaci\u00f3n de especias, que dise\u00f1a y produce soluciones de transporte de alto rendimiento, higi\u00e9nicas y eficientes para la industria alimentaria. Nuestros sistemas de ingenier\u00eda de precisi\u00f3n garantizan el transporte seguro y controlado de especias, hierbas y condimentos,&hellip;","_links":{"self":[{"href":"https:\/\/www.kmgsystems.com\/es\/wp-json\/wp\/v2\/pages\/4498","targetHints":{"allow":["GET"]}}],"collection":[{"href":"https:\/\/www.kmgsystems.com\/es\/wp-json\/wp\/v2\/pages"}],"about":[{"href":"https:\/\/www.kmgsystems.com\/es\/wp-json\/wp\/v2\/types\/page"}],"author":[{"embeddable":true,"href":"https:\/\/www.kmgsystems.com\/es\/wp-json\/wp\/v2\/users\/14"}],"replies":[{"embeddable":true,"href":"https:\/\/www.kmgsystems.com\/es\/wp-json\/wp\/v2\/comments?post=4498"}],"version-history":[{"count":2,"href":"https:\/\/www.kmgsystems.com\/es\/wp-json\/wp\/v2\/pages\/4498\/revisions"}],"predecessor-version":[{"id":5238,"href":"https:\/\/www.kmgsystems.com\/es\/wp-json\/wp\/v2\/pages\/4498\/revisions\/5238"}],"up":[{"embeddable":true,"href":"https:\/\/www.kmgsystems.com\/es\/wp-json\/wp\/v2\/pages\/4371"}],"wp:attachment":[{"href":"https:\/\/www.kmgsystems.com\/es\/wp-json\/wp\/v2\/media?parent=4498"}],"curies":[{"name":"wp","href":"https:\/\/api.w.org\/{rel}","templated":true}]}}