{"id":5052,"date":"2025-11-21T10:38:32","date_gmt":"2025-11-21T10:38:32","guid":{"rendered":"https:\/\/www.kmgsystems.com\/nuestros-servicios\/sistemas-de-transporte-de-aperitivos\/"},"modified":"2025-12-15T17:24:06","modified_gmt":"2025-12-15T17:24:06","slug":"sistemas-de-transporte-de-aperitivos","status":"publish","type":"page","link":"https:\/\/www.kmgsystems.com\/es\/nuestros-servicios\/sistemas-de-transporte-de-aperitivos\/","title":{"rendered":"Sistemas de transporte de aperitivos"},"content":{"rendered":"\n<div class=\"wp-block-columns has-kmg-bg-light-blue-background-color has-background is-layout-flex wp-container-core-columns-is-layout-9d6595d7 wp-block-columns-is-layout-flex\">\n<div class=\"wp-block-column is-vertically-aligned-center is-layout-flow wp-block-column-is-layout-flow\">\n<h5 class=\"wp-block-heading\">Tecnolog\u00eda de transporte de alto rendimiento para la producci\u00f3n de aperitivos<\/h5>\n\n\n\n<p>Los sistemas eficientes de transporte de aperitivos son esenciales para mantener la calidad del producto, reducir los residuos y respaldar una producci\u00f3n constante de gran volumen. En KMG Systems, dise\u00f1amos y fabricamos soluciones de transporte avanzadas que manipulan aperitivos delicados con cuidado y ofrecen la fiabilidad que exigen las l\u00edneas de procesamiento de alimentos modernas.   <\/p>\n\n\n\n<p>Nuestros transportadores garantizan un flujo suave y controlado del producto entre cada etapa de la producci\u00f3n, desde la fritura y el enfriamiento hasta el aderezo, la mezcla y el envasado. Cada sistema est\u00e1 dise\u00f1ado para garantizar la higiene, la precisi\u00f3n y la durabilidad a largo plazo, con opciones adaptadas a patatas fritas, aperitivos en pellets, frutos secos, productos extruidos y productos horneados. Tanto si necesita un transporte vibratorio suave, una distribuci\u00f3n precisa o soluciones totalmente integradas para toda la l\u00ednea, nuestro equipo colabora estrechamente con los fabricantes para crear sistemas que optimicen el rendimiento y garanticen una calidad constante del producto. Con d\u00e9cadas de experiencia en el procesamiento de aperitivos,     <\/p>\n\n\n\n<p>KMG suministra sistemas de transporte que satisfacen las necesidades t\u00e9cnicas y operativas de los actuales entornos de fabricaci\u00f3n de alto rendimiento.<\/p>\n<\/div>\n\n\n\n<div class=\"wp-block-column is-layout-flow wp-block-column-is-layout-flow\"><div class=\"wp-block-image\">\n<figure class=\"alignright size-full is-resized\"><img decoding=\"async\" width=\"2560\" height=\"2544\" src=\"https:\/\/www.kmgsystems.com\/wp-content\/uploads\/2023\/03\/seasoning-drum-scaled.jpg\" alt=\"tambor sazonador\" class=\"wp-image-1631\" style=\"width:396px;height:auto\" srcset=\"https:\/\/www.kmgsystems.com\/wp-content\/uploads\/2023\/03\/seasoning-drum-scaled.jpg 2560w, https:\/\/www.kmgsystems.com\/wp-content\/uploads\/2023\/03\/seasoning-drum-768x763.jpg 768w, https:\/\/www.kmgsystems.com\/wp-content\/uploads\/2023\/03\/seasoning-drum-1536x1526.jpg 1536w, https:\/\/www.kmgsystems.com\/wp-content\/uploads\/2023\/03\/seasoning-drum-2048x2035.jpg 2048w, https:\/\/www.kmgsystems.com\/wp-content\/uploads\/2023\/03\/seasoning-drum-403x400.jpg 403w, https:\/\/www.kmgsystems.com\/wp-content\/uploads\/2023\/03\/seasoning-drum-604x600.jpg 604w\" sizes=\"(max-width: 2560px) 100vw, 2560px\" \/><\/figure>\n<\/div><\/div>\n<\/div>\n\n<div class=\"wp-block-columns are-vertically-aligned-center has-kmg-bg-light-grey-background-color has-background is-layout-flex wp-container-core-columns-is-layout-9d6595d7 wp-block-columns-is-layout-flex\">\n<div class=\"wp-block-column is-vertically-aligned-center is-layout-flow wp-block-column-is-layout-flow\">\n<figure class=\"wp-block-image size-full is-resized\"><img decoding=\"async\" width=\"1707\" height=\"2560\" src=\"https:\/\/www.kmgsystems.com\/wp-content\/uploads\/2023\/03\/seasoning-infeed-scaled.jpg\" alt=\"sistema de pulverizaci&#xF3;n de aceite\" class=\"wp-image-1630\" style=\"width:452px;height:auto\" srcset=\"https:\/\/www.kmgsystems.com\/wp-content\/uploads\/2023\/03\/seasoning-infeed-scaled.jpg 1707w, https:\/\/www.kmgsystems.com\/wp-content\/uploads\/2023\/03\/seasoning-infeed-768x1152.jpg 768w, https:\/\/www.kmgsystems.com\/wp-content\/uploads\/2023\/03\/seasoning-infeed-1024x1536.jpg 1024w, https:\/\/www.kmgsystems.com\/wp-content\/uploads\/2023\/03\/seasoning-infeed-1365x2048.jpg 1365w, https:\/\/www.kmgsystems.com\/wp-content\/uploads\/2023\/03\/seasoning-infeed-267x400.jpg 267w, https:\/\/www.kmgsystems.com\/wp-content\/uploads\/2023\/03\/seasoning-infeed-400x600.jpg 400w\" sizes=\"(max-width: 1707px) 100vw, 1707px\" \/><\/figure>\n<\/div>\n\n\n\n<div class=\"wp-block-column is-vertically-aligned-center is-layout-flow wp-block-column-is-layout-flow\">\n<h5 class=\"wp-block-heading\">Dise\u00f1ado para la precisi\u00f3n, la higiene y la manipulaci\u00f3n cuidadosa del producto<\/h5>\n\n\n\n<p>Los sistemas de transporte de aperitivos de KMG est\u00e1n dise\u00f1ados para mantener los m\u00e1s altos niveles de higiene, precisi\u00f3n y cuidado del producto durante todo el proceso de producci\u00f3n. Cada transportador est\u00e1 dise\u00f1ado para mover aperitivos fr\u00e1giles con un movimiento controlado que evita roturas, aglomeraciones y una distribuci\u00f3n desigual, garantizando un recorrido uniforme del producto de una fase de la l\u00ednea a la siguiente.   <\/p>\n\n\n\n<p>Nuestros <a href=\"https:\/\/www.kmgsystems.com\/es\/maquina\/transportadores-vibratorios\/\">transportadores vibratorios<\/a> ofrecen una precisi\u00f3n excepcional a la hora de alimentar tambores de condimentaci\u00f3n, mezcladoras, pesadoras o sistemas de envasado, mientras que nuestras soluciones de distribuci\u00f3n ayudan a los fabricantes a gestionar con facilidad m\u00faltiples destinos posteriores. Todos los sistemas est\u00e1n fabricados con materiales higi\u00e9nicos y son f\u00e1ciles de limpiar para facilitar los cambios r\u00e1pidos y reducir al m\u00ednimo el tiempo de inactividad. Tanto si procesa patatas fritas, aperitivos extruidos, pellets, frutos secos o productos horneados, nuestras cintas transportadoras ofrecen un rendimiento fiable y estable en entornos de producci\u00f3n exigentes. Cada sistema se adapta a sus requisitos de dise\u00f1o y proceso,  <\/p>\n\n\n\n<p>KMG proporciona soluciones de transporte que ayudan a los fabricantes a lograr una mayor eficiencia, consistencia del producto y fiabilidad operativa a largo plazo.<\/p>\n<\/div>\n<\/div>\n\n<h2 class=\"wp-block-heading has-text-align-center\">Innovadora tecnolog\u00eda de transporte para l\u00edneas modernas de aperitivos<\/h2>\n\n<p class=\"has-text-align-center\"><strong>Nuestros sistemas de transporte de aperitivos est\u00e1n dise\u00f1ados para mantener un flujo constante de productos en entornos de producci\u00f3n exigentes. Cada dise\u00f1o prioriza la precisi\u00f3n, la higiene y la fiabilidad a largo plazo. <\/strong><\/p>\n\n<div class=\"wp-block-columns is-layout-flex wp-container-core-columns-is-layout-9d6595d7 wp-block-columns-is-layout-flex\">\n<div class=\"wp-block-column is-vertically-aligned-center is-layout-flow wp-block-column-is-layout-flow\">\n<p>KMG Systems dise\u00f1a equipos de transporte que soportan una producci\u00f3n de snacks consistente y de alta calidad a la vez que reducen el tiempo de inactividad y los costes operativos. Cada sistema est\u00e1 dise\u00f1ado para ofrecer precisi\u00f3n, higiene y durabilidad a largo plazo, lo que proporciona a los fabricantes confianza en cada etapa de su l\u00ednea de procesamiento.   <\/p>\n\n\n\n<p>Nuestros transportadores pueden configurarse para satisfacer requisitos de rendimiento espec\u00edficos e integrarse perfectamente con los equipos de condimentaci\u00f3n, mezcla, pesaje y envasado. Tanto si est\u00e1 actualizando parte de una l\u00ednea existente como construyendo un nuevo sistema de producci\u00f3n, KMG proporciona soluciones fiables que mantienen los productos en movimiento de forma fluida y eficiente a lo largo de todo el proceso. <\/p>\n\n\n\n<p>Nuestros sistemas de transporte de aperitivos ofrecen:<br\/> &#8211; Manipulaci\u00f3n cuidadosa del producto para mantener la forma, el recubrimiento y la textura<br\/> &#8211; Flujo de producto constante y controlado para un rendimiento posterior fiable<br\/> &#8211; Construcci\u00f3n higi\u00e9nica de calidad alimentaria dise\u00f1ada para facilitar la limpieza y el mantenimiento<br\/> &#8211; Dise\u00f1os flexibles adaptados a las necesidades de espacio, velocidad e integraci\u00f3n<br\/> &#8211; Dise\u00f1os robustos y duraderos adecuados para la producci\u00f3n continua de gran volumen<br\/> &#8211; Mejora de la eficacia y reducci\u00f3n de los residuos, lo que contribuye a la optimizaci\u00f3n general de la l\u00ednea de producci\u00f3n<\/p>\n\n\n\n<p>A medida que las demandas de producci\u00f3n de aperitivos contin\u00faan evolucionando, los sistemas de transporte deben ser capaces de soportar mayores producciones, mayor variedad de productos y normas de higiene cada vez m\u00e1s estrictas. KMG Systems dise\u00f1a soluciones de transporte de aperitivos pensando en el rendimiento a largo plazo, garantizando que los equipos sigan siendo fiables, adaptables y eficientes a medida que cambian los requisitos de producci\u00f3n. Nuestros sistemas de transporte est\u00e1n dise\u00f1ados para reducir los tiempos de inactividad imprevistos, permitir un funcionamiento continuo y proporcionar un flujo de producto estable en toda la l\u00ednea de procesamiento.  <\/p>\n<\/div>\n\n\n\n<div class=\"wp-block-column is-layout-flow wp-block-column-is-layout-flow\">\n<div class=\"wp-block-uagb-container uagb-block-d239d5f2 alignfull uagb-is-root-container\"><div class=\"uagb-container-inner-blocks-wrap\">\n<figure class=\"wp-block-embed is-type-video is-provider-vimeo wp-block-embed-vimeo\"><div class=\"wp-block-embed__wrapper\">\n<iframe title=\"seasoning_animation\" src=\"https:\/\/player.vimeo.com\/video\/891414164?dnt=1&amp;app_id=122963\" width=\"1294\" height=\"1000\" frameborder=\"0\" allow=\"autoplay; fullscreen; picture-in-picture; clipboard-write; encrypted-media; web-share\" referrerpolicy=\"strict-origin-when-cross-origin\"><\/iframe>\n<\/div><\/figure>\n<\/div><\/div>\n<\/div>\n<\/div>\n\n<p>Cada uno de nuestros sistemas de transporte de aperitivos se desarrolla centr\u00e1ndose en la facilidad de integraci\u00f3n, lo que permite a los fabricantes ampliar o modificar sus l\u00edneas de producci\u00f3n sin comprometer el rendimiento. Los dise\u00f1os modulares, la construcci\u00f3n robusta y el control preciso ayudan a mejorar la eficiencia general de la l\u00ednea, manteniendo al mismo tiempo una manipulaci\u00f3n uniforme del producto de una fase del proceso a la siguiente. Tanto si se trata de transportar productos para fre\u00edr, enfriar, condimentar, mezclar o envasar, los sistemas KMG est\u00e1n dise\u00f1ados para ofrecer resultados fiables en una amplia gama de aplicaciones de aperitivos.  <\/p>\n\n<p>Combinando una tecnolog\u00eda de transporte probada con un soporte de ingenier\u00eda experto, KMG Systems ayuda a los fabricantes a optimizar la eficacia de la producci\u00f3n, mantener la calidad del producto y preparar para el futuro sus operaciones de procesamiento de aperitivos.<\/p>\n\n<p><\/p>\n","protected":false},"excerpt":{"rendered":"<p>Tecnolog\u00eda de transporte de alto rendimiento para la producci\u00f3n de aperitivos Los sistemas eficientes de transporte de aperitivos son esenciales para mantener la calidad del producto, reducir los residuos y respaldar una producci\u00f3n constante de gran volumen. En KMG Systems, dise\u00f1amos y fabricamos soluciones de transporte avanzadas que manipulan aperitivos delicados con cuidado y ofrecen [&hellip;]<\/p>\n","protected":false},"author":14,"featured_media":0,"parent":4371,"menu_order":0,"comment_status":"closed","ping_status":"closed","template":"","meta":{"_acf_changed":false,"_uag_custom_page_level_css":"","footnotes":""},"class_list":["post-5052","page","type-page","status-publish","hentry"],"acf":[],"uagb_featured_image_src":{"full":false,"thumbnail":false,"medium":false,"medium_large":false,"large":false,"1536x1536":false,"2048x2048":false,"machine-browser":false,"system-tabs":false,"max-height-large":false},"uagb_author_info":{"display_name":"Sam Clicks","author_link":"https:\/\/www.kmgsystems.com\/es\/author\/sam\/"},"uagb_comment_info":0,"uagb_excerpt":"Tecnolog\u00eda de transporte de alto rendimiento para la producci\u00f3n de aperitivos Los sistemas eficientes de transporte de aperitivos son esenciales para mantener la calidad del producto, reducir los residuos y respaldar una producci\u00f3n constante de gran volumen. En KMG Systems, dise\u00f1amos y fabricamos soluciones de transporte avanzadas que manipulan aperitivos delicados con cuidado y ofrecen&hellip;","_links":{"self":[{"href":"https:\/\/www.kmgsystems.com\/es\/wp-json\/wp\/v2\/pages\/5052","targetHints":{"allow":["GET"]}}],"collection":[{"href":"https:\/\/www.kmgsystems.com\/es\/wp-json\/wp\/v2\/pages"}],"about":[{"href":"https:\/\/www.kmgsystems.com\/es\/wp-json\/wp\/v2\/types\/page"}],"author":[{"embeddable":true,"href":"https:\/\/www.kmgsystems.com\/es\/wp-json\/wp\/v2\/users\/14"}],"replies":[{"embeddable":true,"href":"https:\/\/www.kmgsystems.com\/es\/wp-json\/wp\/v2\/comments?post=5052"}],"version-history":[{"count":4,"href":"https:\/\/www.kmgsystems.com\/es\/wp-json\/wp\/v2\/pages\/5052\/revisions"}],"predecessor-version":[{"id":5225,"href":"https:\/\/www.kmgsystems.com\/es\/wp-json\/wp\/v2\/pages\/5052\/revisions\/5225"}],"up":[{"embeddable":true,"href":"https:\/\/www.kmgsystems.com\/es\/wp-json\/wp\/v2\/pages\/4371"}],"wp:attachment":[{"href":"https:\/\/www.kmgsystems.com\/es\/wp-json\/wp\/v2\/media?parent=5052"}],"curies":[{"name":"wp","href":"https:\/\/api.w.org\/{rel}","templated":true}]}}